{"id":1808,"date":"2019-10-31T15:59:51","date_gmt":"2019-10-31T14:59:51","guid":{"rendered":"https:\/\/pages.isir.lan\/template\/?page_id=1808"},"modified":"2024-03-10T11:16:52","modified_gmt":"2024-03-10T10:16:52","slug":"front-page","status":"publish","type":"page","link":"https:\/\/pages.isir.upmc.fr\/dgueorguiev\/","title":{"rendered":"Haptique multimodale"},"content":{"rendered":"\n<p>Le groupe d&rsquo;<strong>Haptique Multimodale<\/strong> fait partie de l&rsquo;\u00e9quipe Interactions Multi-Echelles \u00e0 l&rsquo;ISIR. Ses int\u00e9r\u00eats de recherche couvrent l&rsquo;haptique et la cognition. Les questions auxquelles nous tentons de r\u00e9pondre sont \u00ab\u00a0<em>Quels sont les m\u00e9canismes du sens du toucher?<\/em>\u00a0\u00bb et \u00ab\u00a0<em>Comment le toucher contribue \u00e0 la perception multisensorielle?<\/em>\u00ab\u00a0. Nous cherchons aussi \u00e0 d\u00e9velopper des nouvelles m\u00e9thodes pour caract\u00e9riser le toucher humain et des nouvelles technologies de stimulation tactile. Notre groupe aborde ces questions scientifiques de mani\u00e8re pluridisciplinaire aux travers de m\u00e9thode issues de l&rsquo;ing\u00e9nierie et des neurosciences.<\/p>\n\n\n\n<h3 class=\"wp-block-heading\">Travaux r\u00e9cents \/ Projets \/ Nouvelles<\/h3>\n\n\n\n<figure class=\"wp-block-gallery has-nested-images columns-default is-cropped wp-block-gallery-1 is-layout-flex wp-block-gallery-is-layout-flex\">\n<figure class=\"wp-block-image size-thumbnail\"><a href=\"https:\/\/pages.isir.upmc.fr\/dgueorguiev\/blog\/metamateriaux\/\"><img loading=\"lazy\" decoding=\"async\" width=\"150\" height=\"150\" data-id=\"4822\" src=\"https:\/\/pages.isir.upmc.fr\/dgueorguiev\/wp-content\/uploads\/sites\/13\/2022\/11\/Metamaterials-01-150x150.png\" alt=\"\" class=\"wp-image-4822\" \/><\/a><figcaption class=\"wp-element-caption\"><strong>M\u00e9tamat\u00e9riaux pour l&rsquo;haptique<\/strong><\/figcaption><\/figure>\n\n\n\n<figure class=\"wp-block-image size-large\"><a href=\"https:\/\/www.biorxiv.org\/content\/10.1101\/2023.11.10.566309v1\"><img loading=\"lazy\" decoding=\"async\" width=\"407\" height=\"375\" data-id=\"5038\" src=\"https:\/\/pages.isir.upmc.fr\/dgueorguiev\/wp-content\/uploads\/sites\/13\/2024\/03\/Capture-decran-2024-03-08-a-14.06.42.png\" alt=\"\" class=\"wp-image-5038\" srcset=\"https:\/\/pages.isir.upmc.fr\/dgueorguiev\/wp-content\/uploads\/sites\/13\/2024\/03\/Capture-decran-2024-03-08-a-14.06.42.png 407w, https:\/\/pages.isir.upmc.fr\/dgueorguiev\/wp-content\/uploads\/sites\/13\/2024\/03\/Capture-decran-2024-03-08-a-14.06.42-300x276.png 300w\" sizes=\"auto, (max-width: 407px) 100vw, 407px\" \/><\/a><figcaption class=\"wp-element-caption\"><strong>Perception vibrations complexes <\/strong><br><strong>Le et al. 2023<\/strong><\/figcaption><\/figure>\n\n\n\n<figure class=\"wp-block-image size-large\"><a href=\"https:\/\/www.isir.upmc.fr\/projets\/wavy\/\"><img loading=\"lazy\" decoding=\"async\" width=\"2560\" height=\"1920\" data-id=\"5042\" src=\"https:\/\/pages.isir.upmc.fr\/dgueorguiev\/wp-content\/uploads\/sites\/13\/2024\/03\/PXL_20231208_155634581-edited-scaled.jpg\" alt=\"\" class=\"wp-image-5042\" srcset=\"https:\/\/pages.isir.upmc.fr\/dgueorguiev\/wp-content\/uploads\/sites\/13\/2024\/03\/PXL_20231208_155634581-edited-scaled.jpg 2560w, https:\/\/pages.isir.upmc.fr\/dgueorguiev\/wp-content\/uploads\/sites\/13\/2024\/03\/PXL_20231208_155634581-edited-300x225.jpg 300w, https:\/\/pages.isir.upmc.fr\/dgueorguiev\/wp-content\/uploads\/sites\/13\/2024\/03\/PXL_20231208_155634581-edited-1024x768.jpg 1024w, https:\/\/pages.isir.upmc.fr\/dgueorguiev\/wp-content\/uploads\/sites\/13\/2024\/03\/PXL_20231208_155634581-edited-768x576.jpg 768w, https:\/\/pages.isir.upmc.fr\/dgueorguiev\/wp-content\/uploads\/sites\/13\/2024\/03\/PXL_20231208_155634581-edited-1536x1152.jpg 1536w, https:\/\/pages.isir.upmc.fr\/dgueorguiev\/wp-content\/uploads\/sites\/13\/2024\/03\/PXL_20231208_155634581-edited-2048x1536.jpg 2048w\" sizes=\"auto, (max-width: 2560px) 100vw, 2560px\" \/><\/a><figcaption class=\"wp-element-caption\"><strong>Haptique en VR : projet WAVY<\/strong><\/figcaption><\/figure>\n\n\n\n<figure class=\"wp-block-image size-large\"><a href=\"https:\/\/www.inria.fr\/fr\/dornell\"><img loading=\"lazy\" decoding=\"async\" width=\"897\" height=\"636\" data-id=\"5044\" src=\"https:\/\/pages.isir.upmc.fr\/dgueorguiev\/wp-content\/uploads\/sites\/13\/2024\/03\/Capture-decran-2024-03-08-a-14.18.27.png\" alt=\"\" class=\"wp-image-5044\" srcset=\"https:\/\/pages.isir.upmc.fr\/dgueorguiev\/wp-content\/uploads\/sites\/13\/2024\/03\/Capture-decran-2024-03-08-a-14.18.27.png 897w, https:\/\/pages.isir.upmc.fr\/dgueorguiev\/wp-content\/uploads\/sites\/13\/2024\/03\/Capture-decran-2024-03-08-a-14.18.27-300x213.png 300w, https:\/\/pages.isir.upmc.fr\/dgueorguiev\/wp-content\/uploads\/sites\/13\/2024\/03\/Capture-decran-2024-03-08-a-14.18.27-768x545.png 768w\" sizes=\"auto, (max-width: 897px) 100vw, 897px\" \/><\/a><figcaption class=\"wp-element-caption\"><strong>Aide haptique \u00e0 la navigation <\/strong><br><strong>D\u00e9fi Inria Dornell<\/strong><\/figcaption><\/figure>\n\n\n\n<figure class=\"wp-block-image size-large\"><img loading=\"lazy\" decoding=\"async\" width=\"822\" height=\"611\" data-id=\"5046\" src=\"https:\/\/pages.isir.upmc.fr\/dgueorguiev\/wp-content\/uploads\/sites\/13\/2024\/03\/Capture-decran-2024-03-08-a-14.22.11.png\" alt=\"\" class=\"wp-image-5046\" srcset=\"https:\/\/pages.isir.upmc.fr\/dgueorguiev\/wp-content\/uploads\/sites\/13\/2024\/03\/Capture-decran-2024-03-08-a-14.22.11.png 822w, https:\/\/pages.isir.upmc.fr\/dgueorguiev\/wp-content\/uploads\/sites\/13\/2024\/03\/Capture-decran-2024-03-08-a-14.22.11-300x223.png 300w, https:\/\/pages.isir.upmc.fr\/dgueorguiev\/wp-content\/uploads\/sites\/13\/2024\/03\/Capture-decran-2024-03-08-a-14.22.11-768x571.png 768w\" sizes=\"auto, (max-width: 822px) 100vw, 822px\" \/><figcaption class=\"wp-element-caption\"><strong>Perception multisensorielle<\/strong><\/figcaption><\/figure>\n\n\n\n<figure class=\"wp-block-image size-large\"><img loading=\"lazy\" decoding=\"async\" width=\"586\" height=\"279\" data-id=\"5032\" src=\"https:\/\/pages.isir.upmc.fr\/dgueorguiev\/wp-content\/uploads\/sites\/13\/2024\/03\/API_Metaptics-Breton-EPPDCSI-4-e1709902315793.jpg\" alt=\"\" class=\"wp-image-5032\" srcset=\"https:\/\/pages.isir.upmc.fr\/dgueorguiev\/wp-content\/uploads\/sites\/13\/2024\/03\/API_Metaptics-Breton-EPPDCSI-4-e1709902315793.jpg 586w, https:\/\/pages.isir.upmc.fr\/dgueorguiev\/wp-content\/uploads\/sites\/13\/2024\/03\/API_Metaptics-Breton-EPPDCSI-4-e1709902315793-300x143.jpg 300w\" sizes=\"auto, (max-width: 586px) 100vw, 586px\" \/><figcaption class=\"wp-element-caption\"><strong>D\u00e9mo cit\u00e9 des sciences 2023<\/strong><\/figcaption><\/figure>\n\n\n\n<figure class=\"wp-block-image size-large\"><img loading=\"lazy\" decoding=\"async\" width=\"1024\" height=\"766\" data-id=\"5055\" src=\"https:\/\/pages.isir.upmc.fr\/dgueorguiev\/wp-content\/uploads\/sites\/13\/2024\/03\/1697298402780-1024x766.jpg\" alt=\"\" class=\"wp-image-5055\" srcset=\"https:\/\/pages.isir.upmc.fr\/dgueorguiev\/wp-content\/uploads\/sites\/13\/2024\/03\/1697298402780-1024x766.jpg 1024w, https:\/\/pages.isir.upmc.fr\/dgueorguiev\/wp-content\/uploads\/sites\/13\/2024\/03\/1697298402780-300x224.jpg 300w, https:\/\/pages.isir.upmc.fr\/dgueorguiev\/wp-content\/uploads\/sites\/13\/2024\/03\/1697298402780-768x575.jpg 768w, https:\/\/pages.isir.upmc.fr\/dgueorguiev\/wp-content\/uploads\/sites\/13\/2024\/03\/1697298402780-1536x1149.jpg 1536w, https:\/\/pages.isir.upmc.fr\/dgueorguiev\/wp-content\/uploads\/sites\/13\/2024\/03\/1697298402780-2048x1532.jpg 2048w\" sizes=\"auto, (max-width: 1024px) 100vw, 1024px\" \/><figcaption class=\"wp-element-caption\"><strong>F\u00eate de la science 2023<\/strong><\/figcaption><\/figure>\n\n\n\n<figure class=\"wp-block-image size-large\"><img loading=\"lazy\" decoding=\"async\" width=\"1020\" height=\"758\" data-id=\"5048\" src=\"https:\/\/pages.isir.upmc.fr\/dgueorguiev\/wp-content\/uploads\/sites\/13\/2024\/03\/Capture-decran-2024-03-08-a-14.25.16.png\" alt=\"\" class=\"wp-image-5048\" srcset=\"https:\/\/pages.isir.upmc.fr\/dgueorguiev\/wp-content\/uploads\/sites\/13\/2024\/03\/Capture-decran-2024-03-08-a-14.25.16.png 1020w, https:\/\/pages.isir.upmc.fr\/dgueorguiev\/wp-content\/uploads\/sites\/13\/2024\/03\/Capture-decran-2024-03-08-a-14.25.16-300x223.png 300w, https:\/\/pages.isir.upmc.fr\/dgueorguiev\/wp-content\/uploads\/sites\/13\/2024\/03\/Capture-decran-2024-03-08-a-14.25.16-768x571.png 768w\" sizes=\"auto, (max-width: 1020px) 100vw, 1020px\" \/><figcaption class=\"wp-element-caption\"><strong>Best paper award Eurohaptics 2022<\/strong><\/figcaption><\/figure>\n\n\n\n<figure class=\"wp-block-image size-large\"><img loading=\"lazy\" decoding=\"async\" width=\"1024\" height=\"739\" data-id=\"4782\" src=\"https:\/\/pages.isir.upmc.fr\/dgueorguiev\/wp-content\/uploads\/sites\/13\/2022\/09\/Award-Eurohaptics-1024x739.jpg\" alt=\"\" class=\"wp-image-4782\" srcset=\"https:\/\/pages.isir.upmc.fr\/dgueorguiev\/wp-content\/uploads\/sites\/13\/2022\/09\/Award-Eurohaptics-1024x739.jpg 1024w, https:\/\/pages.isir.upmc.fr\/dgueorguiev\/wp-content\/uploads\/sites\/13\/2022\/09\/Award-Eurohaptics-300x217.jpg 300w, https:\/\/pages.isir.upmc.fr\/dgueorguiev\/wp-content\/uploads\/sites\/13\/2022\/09\/Award-Eurohaptics-768x554.jpg 768w, https:\/\/pages.isir.upmc.fr\/dgueorguiev\/wp-content\/uploads\/sites\/13\/2022\/09\/Award-Eurohaptics-1536x1109.jpg 1536w, https:\/\/pages.isir.upmc.fr\/dgueorguiev\/wp-content\/uploads\/sites\/13\/2022\/09\/Award-Eurohaptics-2048x1478.jpg 2048w\" sizes=\"auto, (max-width: 1024px) 100vw, 1024px\" \/><figcaption class=\"wp-element-caption\"><strong>Industrial award Eurohaptics 2022<\/strong><\/figcaption><\/figure>\n<\/figure>\n\n\n\n<p> 01\/01\/24: D\u00e9but du projet ERC Starting <em>&lsquo;Computational Modelling of Tangible Objects on<\/em> <em>Multisensory Interfaces<\/em>&lsquo;<\/p>\n\n\n\n<p>25\/05\/22<strong>:<\/strong> In\u00e8s Lac\u00f4te a re\u00e7u le prix <strong><em>best paper award<\/em><\/strong> \u00e0 Eurohaptics 2022<\/p>\n\n\n\n<p>25\/05\/22: Thomas Daunizeau a re\u00e7u le prix <strong><em>Industrial demo award<\/em><\/strong> \u00e0 Eurohaptics 2022<\/p>\n\n\n\n<p><\/p>\n","protected":false},"excerpt":{"rendered":"<p>Le groupe d&rsquo;Haptique Multimodale fait partie de l&rsquo;\u00e9quipe Interactions Multi-Echelles \u00e0 l&rsquo;ISIR. Ses int\u00e9r\u00eats de recherche couvrent l&rsquo;haptique et la cognition. Les questions auxquelles nous tentons de r\u00e9pondre sont \u00ab\u00a0Quels sont les m\u00e9canismes du sens du toucher?\u00a0\u00bb et \u00ab\u00a0Comment le toucher contribue \u00e0 la perception multisensorielle?\u00ab\u00a0. Nous cherchons aussi \u00e0 d\u00e9velopper des nouvelles m\u00e9thodes pour [&hellip;]<\/p>\n","protected":false},"author":1,"featured_media":5034,"parent":0,"menu_order":1,"comment_status":"closed","ping_status":"closed","template":"","meta":{"footnotes":""},"class_list":["post-1808","page","type-page","status-publish","has-post-thumbnail","hentry"],"_links":{"self":[{"href":"https:\/\/pages.isir.upmc.fr\/dgueorguiev\/wp-json\/wp\/v2\/pages\/1808","targetHints":{"allow":["GET"]}}],"collection":[{"href":"https:\/\/pages.isir.upmc.fr\/dgueorguiev\/wp-json\/wp\/v2\/pages"}],"about":[{"href":"https:\/\/pages.isir.upmc.fr\/dgueorguiev\/wp-json\/wp\/v2\/types\/page"}],"author":[{"embeddable":true,"href":"https:\/\/pages.isir.upmc.fr\/dgueorguiev\/wp-json\/wp\/v2\/users\/1"}],"replies":[{"embeddable":true,"href":"https:\/\/pages.isir.upmc.fr\/dgueorguiev\/wp-json\/wp\/v2\/comments?post=1808"}],"version-history":[{"count":85,"href":"https:\/\/pages.isir.upmc.fr\/dgueorguiev\/wp-json\/wp\/v2\/pages\/1808\/revisions"}],"predecessor-version":[{"id":5123,"href":"https:\/\/pages.isir.upmc.fr\/dgueorguiev\/wp-json\/wp\/v2\/pages\/1808\/revisions\/5123"}],"wp:featuredmedia":[{"embeddable":true,"href":"https:\/\/pages.isir.upmc.fr\/dgueorguiev\/wp-json\/wp\/v2\/media\/5034"}],"wp:attachment":[{"href":"https:\/\/pages.isir.upmc.fr\/dgueorguiev\/wp-json\/wp\/v2\/media?parent=1808"}],"curies":[{"name":"wp","href":"https:\/\/api.w.org\/{rel}","templated":true}]}}