{"id":4471,"date":"2020-12-14T16:23:04","date_gmt":"2020-12-14T16:23:04","guid":{"rendered":"https:\/\/pages.isir.lan\/template\/?page_id=4471"},"modified":"2022-12-08T16:19:51","modified_gmt":"2022-12-08T15:19:51","slug":"enseignement","status":"publish","type":"page","link":"https:\/\/pages.isir.upmc.fr\/dgueorguiev\/enseignement\/","title":{"rendered":"Enseignement"},"content":{"rendered":"\n<h4 class=\"wp-block-heading\">Cours \u00e0 Sorbonne Universit\u00e9<\/h4>\n\n\n\n<ul class=\"wp-block-list\" id=\"block-028a6c8b-01ae-46e0-9bef-e5dc81883c5a\">\n<li><a href=\"https:\/\/moodle-sciences-22.sorbonne-universite.fr\/course\/view.php?id=2757\">Interfaces haptiques &#8211; MU5RBR03<\/a><\/li>\n\n\n\n<li><a href=\"https:\/\/moodle-sciences-22.sorbonne-universite.fr\/course\/view.php?id=2479\">Sensori-motor behavior, motor learning, haptic function &#8211; MU5EEB13<\/a><\/li>\n<\/ul>\n\n\n\n<h4 class=\"wp-block-heading\" id=\"block-fc26b023-7265-42cb-93a8-603bcd316917\">Learnhaptics.org<\/h4>\n\n\n\n<p id=\"block-eff028e8-5c7a-4394-ad1c-d0192c06f0c9\">Depuis 2020, nous avons lanc\u00e9 l&rsquo;initiative <a href=\"https:\/\/www.learnhaptics.org\">Learnhaptics<\/a> avec le <a href=\"https:\/\/search.asu.edu\/profile\/4383315\">Pr. Hasti Seifi<\/a> d&rsquo;Arizona State University dans le but de cr\u00e9er un cours qui introduit les aspects principaux de l&rsquo;haptique dans un format rapide et interactif. Le cours s&rsquo;articule autour de 5 chapitres qui incluent des vid\u00e9os, des r\u00e9f\u00e9rences d&rsquo;articles et de livres, et des exercices de r\u00e9flection.<\/p>\n\n\n\n<figure class=\"wp-block-gallery has-nested-images columns-default is-cropped wp-block-gallery-1 is-layout-flex wp-block-gallery-is-layout-flex\">\n<figure class=\"wp-block-image size-large\"><a href=\"https:\/\/www.learnhaptics.org\/videos\/chapter-0\/\"><img loading=\"lazy\" decoding=\"async\" width=\"337\" height=\"230\" data-id=\"4872\" src=\"https:\/\/pages.isir.upmc.fr\/dgueorguiev\/wp-content\/uploads\/sites\/13\/2022\/11\/Capture-decran-2022-11-23-a-10.17.32.png\" alt=\"\" class=\"wp-image-4872\" srcset=\"https:\/\/pages.isir.upmc.fr\/dgueorguiev\/wp-content\/uploads\/sites\/13\/2022\/11\/Capture-decran-2022-11-23-a-10.17.32.png 337w, https:\/\/pages.isir.upmc.fr\/dgueorguiev\/wp-content\/uploads\/sites\/13\/2022\/11\/Capture-decran-2022-11-23-a-10.17.32-300x205.png 300w\" sizes=\"auto, (max-width: 337px) 100vw, 337px\" \/><\/a><\/figure>\n\n\n\n<figure class=\"wp-block-image size-large\"><a href=\"https:\/\/www.learnhaptics.org\/videos\/chapter-1\/\"><img loading=\"lazy\" decoding=\"async\" width=\"337\" height=\"230\" data-id=\"4874\" src=\"https:\/\/pages.isir.upmc.fr\/dgueorguiev\/wp-content\/uploads\/sites\/13\/2022\/11\/Capture-decran-2022-11-23-a-10.18.11.png\" alt=\"\" class=\"wp-image-4874\" srcset=\"https:\/\/pages.isir.upmc.fr\/dgueorguiev\/wp-content\/uploads\/sites\/13\/2022\/11\/Capture-decran-2022-11-23-a-10.18.11.png 337w, https:\/\/pages.isir.upmc.fr\/dgueorguiev\/wp-content\/uploads\/sites\/13\/2022\/11\/Capture-decran-2022-11-23-a-10.18.11-300x205.png 300w\" sizes=\"auto, (max-width: 337px) 100vw, 337px\" \/><\/a><\/figure>\n\n\n\n<figure class=\"wp-block-image size-large\"><a href=\"https:\/\/www.learnhaptics.org\/videos\/chapter-2\/\"><img loading=\"lazy\" decoding=\"async\" width=\"337\" height=\"230\" data-id=\"4876\" src=\"https:\/\/pages.isir.upmc.fr\/dgueorguiev\/wp-content\/uploads\/sites\/13\/2022\/11\/Capture-decran-2022-11-23-a-10.18.20.png\" alt=\"\" class=\"wp-image-4876\" srcset=\"https:\/\/pages.isir.upmc.fr\/dgueorguiev\/wp-content\/uploads\/sites\/13\/2022\/11\/Capture-decran-2022-11-23-a-10.18.20.png 337w, https:\/\/pages.isir.upmc.fr\/dgueorguiev\/wp-content\/uploads\/sites\/13\/2022\/11\/Capture-decran-2022-11-23-a-10.18.20-300x205.png 300w\" sizes=\"auto, (max-width: 337px) 100vw, 337px\" \/><\/a><\/figure>\n\n\n\n<figure class=\"wp-block-image size-large\"><a href=\"https:\/\/www.learnhaptics.org\/videos\/chapter-3\/\"><img loading=\"lazy\" decoding=\"async\" width=\"337\" height=\"230\" data-id=\"4878\" src=\"https:\/\/pages.isir.upmc.fr\/dgueorguiev\/wp-content\/uploads\/sites\/13\/2022\/11\/Capture-decran-2022-11-23-a-10.18.28.png\" alt=\"\" class=\"wp-image-4878\" srcset=\"https:\/\/pages.isir.upmc.fr\/dgueorguiev\/wp-content\/uploads\/sites\/13\/2022\/11\/Capture-decran-2022-11-23-a-10.18.28.png 337w, https:\/\/pages.isir.upmc.fr\/dgueorguiev\/wp-content\/uploads\/sites\/13\/2022\/11\/Capture-decran-2022-11-23-a-10.18.28-300x205.png 300w\" sizes=\"auto, (max-width: 337px) 100vw, 337px\" \/><\/a><\/figure>\n\n\n\n<figure class=\"wp-block-image size-large\"><a href=\"https:\/\/www.learnhaptics.org\/videos\/chapter-4\/\"><img loading=\"lazy\" decoding=\"async\" width=\"337\" height=\"230\" data-id=\"4880\" src=\"https:\/\/pages.isir.upmc.fr\/dgueorguiev\/wp-content\/uploads\/sites\/13\/2022\/11\/Capture-decran-2022-11-23-a-10.18.40.png\" alt=\"\" class=\"wp-image-4880\" srcset=\"https:\/\/pages.isir.upmc.fr\/dgueorguiev\/wp-content\/uploads\/sites\/13\/2022\/11\/Capture-decran-2022-11-23-a-10.18.40.png 337w, https:\/\/pages.isir.upmc.fr\/dgueorguiev\/wp-content\/uploads\/sites\/13\/2022\/11\/Capture-decran-2022-11-23-a-10.18.40-300x205.png 300w\" sizes=\"auto, (max-width: 337px) 100vw, 337px\" \/><\/a><\/figure>\n\n\n\n<figure class=\"wp-block-image size-large\"><a href=\"https:\/\/www.learnhaptics.org\/videos\/chapter-5\/\"><img loading=\"lazy\" decoding=\"async\" width=\"337\" height=\"230\" data-id=\"4882\" src=\"https:\/\/pages.isir.upmc.fr\/dgueorguiev\/wp-content\/uploads\/sites\/13\/2022\/11\/Capture-decran-2022-11-23-a-10.18.50.png\" alt=\"\" class=\"wp-image-4882\" srcset=\"https:\/\/pages.isir.upmc.fr\/dgueorguiev\/wp-content\/uploads\/sites\/13\/2022\/11\/Capture-decran-2022-11-23-a-10.18.50.png 337w, https:\/\/pages.isir.upmc.fr\/dgueorguiev\/wp-content\/uploads\/sites\/13\/2022\/11\/Capture-decran-2022-11-23-a-10.18.50-300x205.png 300w\" sizes=\"auto, (max-width: 337px) 100vw, 337px\" \/><\/a><\/figure>\n<\/figure>\n","protected":false},"excerpt":{"rendered":"<p>Cours \u00e0 Sorbonne Universit\u00e9 Learnhaptics.org Depuis 2020, nous avons lanc\u00e9 l&rsquo;initiative Learnhaptics avec le Pr. Hasti Seifi d&rsquo;Arizona State University dans le but de cr\u00e9er un cours qui introduit les aspects principaux de l&rsquo;haptique dans un format rapide et interactif. Le cours s&rsquo;articule autour de 5 chapitres qui incluent des vid\u00e9os, des r\u00e9f\u00e9rences d&rsquo;articles et [&hellip;]<\/p>\n","protected":false},"author":1,"featured_media":4484,"parent":0,"menu_order":0,"comment_status":"closed","ping_status":"closed","template":"","meta":{"footnotes":""},"class_list":["post-4471","page","type-page","status-publish","has-post-thumbnail","hentry"],"_links":{"self":[{"href":"https:\/\/pages.isir.upmc.fr\/dgueorguiev\/wp-json\/wp\/v2\/pages\/4471","targetHints":{"allow":["GET"]}}],"collection":[{"href":"https:\/\/pages.isir.upmc.fr\/dgueorguiev\/wp-json\/wp\/v2\/pages"}],"about":[{"href":"https:\/\/pages.isir.upmc.fr\/dgueorguiev\/wp-json\/wp\/v2\/types\/page"}],"author":[{"embeddable":true,"href":"https:\/\/pages.isir.upmc.fr\/dgueorguiev\/wp-json\/wp\/v2\/users\/1"}],"replies":[{"embeddable":true,"href":"https:\/\/pages.isir.upmc.fr\/dgueorguiev\/wp-json\/wp\/v2\/comments?post=4471"}],"version-history":[{"count":5,"href":"https:\/\/pages.isir.upmc.fr\/dgueorguiev\/wp-json\/wp\/v2\/pages\/4471\/revisions"}],"predecessor-version":[{"id":4979,"href":"https:\/\/pages.isir.upmc.fr\/dgueorguiev\/wp-json\/wp\/v2\/pages\/4471\/revisions\/4979"}],"wp:featuredmedia":[{"embeddable":true,"href":"https:\/\/pages.isir.upmc.fr\/dgueorguiev\/wp-json\/wp\/v2\/media\/4484"}],"wp:attachment":[{"href":"https:\/\/pages.isir.upmc.fr\/dgueorguiev\/wp-json\/wp\/v2\/media?parent=4471"}],"curies":[{"name":"wp","href":"https:\/\/api.w.org\/{rel}","templated":true}]}}