{"id":4474,"date":"2020-12-14T16:27:14","date_gmt":"2020-12-14T16:27:14","guid":{"rendered":"https:\/\/pages.isir.lan\/template\/?page_id=4474"},"modified":"2024-03-18T14:40:01","modified_gmt":"2024-03-18T13:40:01","slug":"cv","status":"publish","type":"page","link":"https:\/\/pages.isir.upmc.fr\/dgueorguiev\/cv\/","title":{"rendered":"Membres"},"content":{"rendered":"\n<div class=\"wp-block-columns is-layout-flex wp-container-core-columns-is-layout-9d6595d7 wp-block-columns-is-layout-flex\">\n<div class=\"wp-block-column is-layout-flow wp-block-column-is-layout-flow\" style=\"flex-basis:100%\">\n<div class=\"wp-block-columns is-layout-flex wp-container-core-columns-is-layout-9d6595d7 wp-block-columns-is-layout-flex\">\n<div class=\"wp-block-column is-layout-flow wp-block-column-is-layout-flow\" style=\"flex-basis:33.33%\">\n<figure class=\"wp-block-image size-full is-resized is-style-rounded\"><img loading=\"lazy\" decoding=\"async\" width=\"272\" height=\"259\" src=\"https:\/\/pages.isir.upmc.fr\/dgueorguiev\/wp-content\/uploads\/sites\/13\/2022\/09\/profil.png\" alt=\"\" class=\"wp-image-4718\" style=\"aspect-ratio:1.0518518518518518;width:261px;height:auto\" \/><\/figure>\n<\/div>\n\n\n\n<div class=\"wp-block-column is-layout-flow wp-block-column-is-layout-flow\" style=\"flex-basis:66.66%\">\n<p><strong>David Gueorguiev <\/strong> : Je m&rsquo;int\u00e9resse au toucher et aux interactions multisensorielles. Mon objectif scientifique \u00e0 long-terme est de relier l&rsquo;haptique et la perception multisensorielle \u00e0 l&rsquo;apprentissage et \u00e0 la prise de d\u00e9cision. J&rsquo;ai obtenu mon doctorat \u00e0 l&rsquo;universit\u00e9 catholique de Louvain et j&rsquo;ai r\u00e9alis\u00e9 des post-docs \u00e0 l&rsquo;INRIA de Lille sur la perception haptique en IHM et \u00e0 l&rsquo;Institut Max-Planck des syst\u00e8mes intelligents o\u00f9 je continue de m&rsquo;impliquer.<\/p>\n\n\n\n<div class=\"wp-block-buttons is-layout-flex wp-block-buttons-is-layout-flex\">\n<div class=\"wp-block-button\"><a class=\"wp-block-button__link wp-element-button\" href=\"https:\/\/scholar.google.com\/citations?user=6vBloKgAAAAJ&amp;hl=en\" target=\"_blank\" rel=\"noreferrer noopener\">Google Scholar<\/a><\/div>\n\n\n\n<div class=\"wp-block-button\"><a class=\"wp-block-button__link wp-element-button\" href=\"https:\/\/www.linkedin.com\/in\/david-gueorguiev-6b1b2062\/\" target=\"_blank\" rel=\"noreferrer noopener\">LinkedIn<\/a><\/div>\n<\/div>\n<\/div>\n<\/div>\n<\/div>\n<\/div>\n\n\n\n<div class=\"wp-block-columns is-layout-flex wp-container-core-columns-is-layout-9d6595d7 wp-block-columns-is-layout-flex\">\n<div class=\"wp-block-column is-layout-flow wp-block-column-is-layout-flow\">\n<figure class=\"wp-block-image size-full is-style-rounded\"><img loading=\"lazy\" decoding=\"async\" width=\"502\" height=\"527\" src=\"https:\/\/pages.isir.upmc.fr\/dgueorguiev\/wp-content\/uploads\/sites\/13\/2022\/12\/Ines.jpeg\" alt=\"\" class=\"wp-image-4936\" srcset=\"https:\/\/pages.isir.upmc.fr\/dgueorguiev\/wp-content\/uploads\/sites\/13\/2022\/12\/Ines.jpeg 502w, https:\/\/pages.isir.upmc.fr\/dgueorguiev\/wp-content\/uploads\/sites\/13\/2022\/12\/Ines-286x300.jpeg 286w\" sizes=\"auto, (max-width: 502px) 100vw, 502px\" \/><figcaption class=\"wp-element-caption\"><strong>In\u00e8s Lac\u00f4te, <\/strong>doctorante : l&rsquo;haptique pour l&rsquo;aide \u00e0 la navigation <\/figcaption><\/figure>\n<\/div>\n\n\n\n<div class=\"wp-block-column is-layout-flow wp-block-column-is-layout-flow\">\n<figure class=\"wp-block-image size-full\"><img loading=\"lazy\" decoding=\"async\" width=\"360\" height=\"360\" src=\"https:\/\/pages.isir.upmc.fr\/dgueorguiev\/wp-content\/uploads\/sites\/13\/2022\/09\/ISIR-5.png\" alt=\"\" class=\"wp-image-4738\" srcset=\"https:\/\/pages.isir.upmc.fr\/dgueorguiev\/wp-content\/uploads\/sites\/13\/2022\/09\/ISIR-5.png 360w, https:\/\/pages.isir.upmc.fr\/dgueorguiev\/wp-content\/uploads\/sites\/13\/2022\/09\/ISIR-5-300x300.png 300w, https:\/\/pages.isir.upmc.fr\/dgueorguiev\/wp-content\/uploads\/sites\/13\/2022\/09\/ISIR-5-150x150.png 150w\" sizes=\"auto, (max-width: 360px) 100vw, 360px\" \/><figcaption class=\"wp-element-caption\"><strong>Baptiste Rohou-Claquin, <\/strong>doctorant: formes vibro-frictionnelles sur les \u00e9crans tactiles.<\/figcaption><\/figure>\n<\/div>\n\n\n\n<div class=\"wp-block-column is-layout-flow wp-block-column-is-layout-flow\">\n<figure class=\"wp-block-image size-full is-resized is-style-rounded\"><img loading=\"lazy\" decoding=\"async\" width=\"666\" height=\"666\" src=\"https:\/\/pages.isir.upmc.fr\/dgueorguiev\/wp-content\/uploads\/sites\/13\/2022\/12\/1620124029998.jpg\" alt=\"\" class=\"wp-image-4923\" style=\"width:256px\" srcset=\"https:\/\/pages.isir.upmc.fr\/dgueorguiev\/wp-content\/uploads\/sites\/13\/2022\/12\/1620124029998.jpg 666w, https:\/\/pages.isir.upmc.fr\/dgueorguiev\/wp-content\/uploads\/sites\/13\/2022\/12\/1620124029998-300x300.jpg 300w, https:\/\/pages.isir.upmc.fr\/dgueorguiev\/wp-content\/uploads\/sites\/13\/2022\/12\/1620124029998-150x150.jpg 150w\" sizes=\"auto, (max-width: 666px) 100vw, 666px\" \/><figcaption class=\"wp-element-caption\"><strong>Thanh-Loan (Sarah) Le<\/strong>, doctorante, illusions visio-haptiques en VR.            <\/figcaption><\/figure>\n<\/div>\n<\/div>\n\n\n\n<div class=\"wp-block-columns is-layout-flex wp-container-core-columns-is-layout-9d6595d7 wp-block-columns-is-layout-flex\">\n<div class=\"wp-block-column is-layout-flow wp-block-column-is-layout-flow\" style=\"flex-basis:33.33%\">\n<figure class=\"wp-block-image size-full\"><img loading=\"lazy\" decoding=\"async\" width=\"529\" height=\"529\" src=\"https:\/\/pages.isir.upmc.fr\/dgueorguiev\/wp-content\/uploads\/sites\/13\/2022\/12\/profil_picture.png\" alt=\"\" class=\"wp-image-4921\" srcset=\"https:\/\/pages.isir.upmc.fr\/dgueorguiev\/wp-content\/uploads\/sites\/13\/2022\/12\/profil_picture.png 529w, https:\/\/pages.isir.upmc.fr\/dgueorguiev\/wp-content\/uploads\/sites\/13\/2022\/12\/profil_picture-300x300.png 300w, https:\/\/pages.isir.upmc.fr\/dgueorguiev\/wp-content\/uploads\/sites\/13\/2022\/12\/profil_picture-150x150.png 150w\" sizes=\"auto, (max-width: 529px) 100vw, 529px\" \/><figcaption class=\"wp-element-caption\"><strong>Jenna Fradin<\/strong>, doctorante : perception visio-haptique<\/figcaption><\/figure>\n<\/div>\n\n\n\n<div class=\"wp-block-column is-layout-flow wp-block-column-is-layout-flow\" style=\"flex-basis:33.33%\">\n<figure class=\"wp-block-image size-full is-style-rounded\"><img loading=\"lazy\" decoding=\"async\" width=\"940\" height=\"938\" src=\"https:\/\/pages.isir.upmc.fr\/dgueorguiev\/wp-content\/uploads\/sites\/13\/2024\/03\/Screenshot-2024-03-18-at-14.28.37-1-e1710768654311.png\" alt=\"\" class=\"wp-image-5149\" srcset=\"https:\/\/pages.isir.upmc.fr\/dgueorguiev\/wp-content\/uploads\/sites\/13\/2024\/03\/Screenshot-2024-03-18-at-14.28.37-1-e1710768654311.png 940w, https:\/\/pages.isir.upmc.fr\/dgueorguiev\/wp-content\/uploads\/sites\/13\/2024\/03\/Screenshot-2024-03-18-at-14.28.37-1-e1710768654311-300x300.png 300w, https:\/\/pages.isir.upmc.fr\/dgueorguiev\/wp-content\/uploads\/sites\/13\/2024\/03\/Screenshot-2024-03-18-at-14.28.37-1-e1710768654311-150x150.png 150w, https:\/\/pages.isir.upmc.fr\/dgueorguiev\/wp-content\/uploads\/sites\/13\/2024\/03\/Screenshot-2024-03-18-at-14.28.37-1-e1710768654311-768x766.png 768w\" sizes=\"auto, (max-width: 940px) 100vw, 940px\" \/><figcaption class=\"wp-element-caption\"><strong>Matej Mayet<\/strong>, doctorant : techniques haptique pour les instruments de musique digitaux<\/figcaption><\/figure>\n<\/div>\n\n\n\n<div class=\"wp-block-column is-layout-flow wp-block-column-is-layout-flow\" style=\"flex-basis:33.33%\">\n<figure class=\"wp-block-image size-full\"><img loading=\"lazy\" decoding=\"async\" width=\"360\" height=\"360\" src=\"https:\/\/pages.isir.upmc.fr\/dgueorguiev\/wp-content\/uploads\/sites\/13\/2022\/09\/ISIR-10.png\" alt=\"\" class=\"wp-image-4751\" srcset=\"https:\/\/pages.isir.upmc.fr\/dgueorguiev\/wp-content\/uploads\/sites\/13\/2022\/09\/ISIR-10.png 360w, https:\/\/pages.isir.upmc.fr\/dgueorguiev\/wp-content\/uploads\/sites\/13\/2022\/09\/ISIR-10-300x300.png 300w, https:\/\/pages.isir.upmc.fr\/dgueorguiev\/wp-content\/uploads\/sites\/13\/2022\/09\/ISIR-10-150x150.png 150w\" sizes=\"auto, (max-width: 360px) 100vw, 360px\" \/><figcaption class=\"wp-element-caption\"><strong>Dimitri Vinet<\/strong>, ing\u00e9nieur : Robotique et \u00e9lectronique pour l&rsquo;haptique<\/figcaption><\/figure>\n<\/div>\n<\/div>\n\n\n\n<div class=\"wp-block-columns is-layout-flex wp-container-core-columns-is-layout-9d6595d7 wp-block-columns-is-layout-flex\">\n<div class=\"wp-block-column is-layout-flow wp-block-column-is-layout-flow\">\n<figure class=\"wp-block-image size-full is-resized is-style-rounded\"><img decoding=\"async\" src=\"https:\/\/pages.isir.upmc.fr\/dgueorguiev\/wp-content\/uploads\/sites\/13\/2024\/03\/portrait_Maxime_Rouillard-1-scaled-e1709977968539.jpg\" alt=\"\" class=\"wp-image-5081\" style=\"aspect-ratio:1;object-fit:cover;width:276px;height:auto\" \/><figcaption class=\"wp-element-caption\"><strong>Maxime Rouillard<\/strong>, ing\u00e9nieur : M\u00e9catronique des interfaces tactiles<\/figcaption><\/figure>\n<\/div>\n\n\n\n<div class=\"wp-block-column is-layout-flow wp-block-column-is-layout-flow\">\n<figure class=\"wp-block-image size-full is-style-rounded\"><img loading=\"lazy\" decoding=\"async\" width=\"1053\" height=\"1053\" src=\"https:\/\/pages.isir.upmc.fr\/dgueorguiev\/wp-content\/uploads\/sites\/13\/2024\/03\/image02-012-e1710768362704.jpeg\" alt=\"\" class=\"wp-image-5143\" srcset=\"https:\/\/pages.isir.upmc.fr\/dgueorguiev\/wp-content\/uploads\/sites\/13\/2024\/03\/image02-012-e1710768362704.jpeg 1053w, https:\/\/pages.isir.upmc.fr\/dgueorguiev\/wp-content\/uploads\/sites\/13\/2024\/03\/image02-012-e1710768362704-300x300.jpeg 300w, https:\/\/pages.isir.upmc.fr\/dgueorguiev\/wp-content\/uploads\/sites\/13\/2024\/03\/image02-012-e1710768362704-1024x1024.jpeg 1024w, https:\/\/pages.isir.upmc.fr\/dgueorguiev\/wp-content\/uploads\/sites\/13\/2024\/03\/image02-012-e1710768362704-150x150.jpeg 150w, https:\/\/pages.isir.upmc.fr\/dgueorguiev\/wp-content\/uploads\/sites\/13\/2024\/03\/image02-012-e1710768362704-768x768.jpeg 768w\" sizes=\"auto, (max-width: 1053px) 100vw, 1053px\" \/><figcaption class=\"wp-element-caption\"><strong>Chlo\u00e9 Deschanet<\/strong>, stage M2 : Int\u00e9gration visuo-haptique de stimuli bruit\u00e9s<\/figcaption><\/figure>\n<\/div>\n\n\n\n<div class=\"wp-block-column is-layout-flow wp-block-column-is-layout-flow\">\n<figure class=\"wp-block-image size-full is-resized is-style-rounded\"><img loading=\"lazy\" decoding=\"async\" width=\"800\" height=\"800\" src=\"https:\/\/pages.isir.upmc.fr\/dgueorguiev\/wp-content\/uploads\/sites\/13\/2024\/03\/portrait_Soumia_ELMONTASER.jpg\" alt=\"\" class=\"wp-image-5098\" style=\"aspect-ratio:1;object-fit:cover;width:269px;height:auto\" srcset=\"https:\/\/pages.isir.upmc.fr\/dgueorguiev\/wp-content\/uploads\/sites\/13\/2024\/03\/portrait_Soumia_ELMONTASER.jpg 800w, https:\/\/pages.isir.upmc.fr\/dgueorguiev\/wp-content\/uploads\/sites\/13\/2024\/03\/portrait_Soumia_ELMONTASER-300x300.jpg 300w, https:\/\/pages.isir.upmc.fr\/dgueorguiev\/wp-content\/uploads\/sites\/13\/2024\/03\/portrait_Soumia_ELMONTASER-150x150.jpg 150w, https:\/\/pages.isir.upmc.fr\/dgueorguiev\/wp-content\/uploads\/sites\/13\/2024\/03\/portrait_Soumia_ELMONTASER-768x768.jpg 768w\" sizes=\"auto, (max-width: 800px) 100vw, 800px\" \/><figcaption class=\"wp-element-caption\"><strong>Soumia El Montaser<\/strong>, stage M2 : Perception des objets tangibles augment\u00e9s <\/figcaption><\/figure>\n<\/div>\n<\/div>\n\n\n\n<h3 class=\"wp-block-heading has-text-align-center\"><strong>ALUMNI<\/strong><\/h3>\n\n\n\n<div class=\"wp-block-columns is-layout-flex wp-container-core-columns-is-layout-9d6595d7 wp-block-columns-is-layout-flex\">\n<div class=\"wp-block-column is-layout-flow wp-block-column-is-layout-flow\">\n<figure class=\"wp-block-image size-full is-style-rounded\"><img loading=\"lazy\" decoding=\"async\" width=\"673\" height=\"690\" src=\"https:\/\/pages.isir.upmc.fr\/dgueorguiev\/wp-content\/uploads\/sites\/13\/2022\/12\/thomas_daunizeau.jpeg\" alt=\"\" class=\"wp-image-4930\" srcset=\"https:\/\/pages.isir.upmc.fr\/dgueorguiev\/wp-content\/uploads\/sites\/13\/2022\/12\/thomas_daunizeau.jpeg 673w, https:\/\/pages.isir.upmc.fr\/dgueorguiev\/wp-content\/uploads\/sites\/13\/2022\/12\/thomas_daunizeau-293x300.jpeg 293w\" sizes=\"auto, (max-width: 673px) 100vw, 673px\" \/><figcaption class=\"wp-element-caption\"><strong>Thomas Daunizeau<\/strong>: M\u00e9tamat\u00e9riaux et robotique souple pour l&rsquo;haptique <br>Postdoc chez Herbert Shea \u00e0 l&rsquo;EPFL<\/figcaption><\/figure>\n<\/div>\n\n\n\n<div class=\"wp-block-column is-layout-flow wp-block-column-is-layout-flow\"><\/div>\n\n\n\n<div class=\"wp-block-column is-layout-flow wp-block-column-is-layout-flow\"><\/div>\n<\/div>\n","protected":false},"excerpt":{"rendered":"<p>David Gueorguiev : Je m&rsquo;int\u00e9resse au toucher et aux interactions multisensorielles. Mon objectif scientifique \u00e0 long-terme est de relier l&rsquo;haptique et la perception multisensorielle \u00e0 l&rsquo;apprentissage et \u00e0 la prise de d\u00e9cision. J&rsquo;ai obtenu mon doctorat \u00e0 l&rsquo;universit\u00e9 catholique de Louvain et j&rsquo;ai r\u00e9alis\u00e9 des post-docs \u00e0 l&rsquo;INRIA de Lille sur la perception haptique en [&hellip;]<\/p>\n","protected":false},"author":1,"featured_media":0,"parent":0,"menu_order":0,"comment_status":"closed","ping_status":"closed","template":"","meta":{"footnotes":""},"class_list":["post-4474","page","type-page","status-publish","hentry"],"_links":{"self":[{"href":"https:\/\/pages.isir.upmc.fr\/dgueorguiev\/wp-json\/wp\/v2\/pages\/4474","targetHints":{"allow":["GET"]}}],"collection":[{"href":"https:\/\/pages.isir.upmc.fr\/dgueorguiev\/wp-json\/wp\/v2\/pages"}],"about":[{"href":"https:\/\/pages.isir.upmc.fr\/dgueorguiev\/wp-json\/wp\/v2\/types\/page"}],"author":[{"embeddable":true,"href":"https:\/\/pages.isir.upmc.fr\/dgueorguiev\/wp-json\/wp\/v2\/users\/1"}],"replies":[{"embeddable":true,"href":"https:\/\/pages.isir.upmc.fr\/dgueorguiev\/wp-json\/wp\/v2\/comments?post=4474"}],"version-history":[{"count":33,"href":"https:\/\/pages.isir.upmc.fr\/dgueorguiev\/wp-json\/wp\/v2\/pages\/4474\/revisions"}],"predecessor-version":[{"id":5162,"href":"https:\/\/pages.isir.upmc.fr\/dgueorguiev\/wp-json\/wp\/v2\/pages\/4474\/revisions\/5162"}],"wp:attachment":[{"href":"https:\/\/pages.isir.upmc.fr\/dgueorguiev\/wp-json\/wp\/v2\/media?parent=4474"}],"curies":[{"name":"wp","href":"https:\/\/api.w.org\/{rel}","templated":true}]}}