{"id":4493,"date":"2020-12-16T00:43:19","date_gmt":"2020-12-15T23:43:19","guid":{"rendered":"https:\/\/pages.isir.lan\/template\/?page_id=4493"},"modified":"2022-12-08T17:10:01","modified_gmt":"2022-12-08T16:10:01","slug":"maptics","status":"publish","type":"page","link":"https:\/\/pages.isir.upmc.fr\/dgueorguiev\/blog\/maptics\/","title":{"rendered":"MAPTICS"},"content":{"rendered":"\n<div class=\"wp-block-columns is-layout-flex wp-container-core-columns-is-layout-9d6595d7 wp-block-columns-is-layout-flex\">\n<div class=\"wp-block-column is-layout-flow wp-block-column-is-layout-flow\" style=\"flex-basis:75%\">\n<p>Le projet MAPTICS, financ\u00e9 par l&rsquo;agence nationale de la reecherche,&nbsp;vise \u00e0 \u00e9tudier le potentiel du rendu vibro-frictionnel et du renforcement multisensoriel pour la cr\u00e9ation d\u2019illusions d\u2019objets 3D virtuels sur l\u2019\u00e9cran d\u2019interfaces haptiques multimodale novatrices. L&rsquo;objectif du projet est de d\u00e9velopper de nouvelles m\u00e9thodes pour le rendu multimodal sur les \u00e9crans et les cartes augment\u00e9es.<\/p>\n\n\n\n<p>Dans le cadre de ce projet des exp\u00e9riences psychophysiques et enc\u00e9phalographique (EEG) seront r\u00e9alis\u00e9es qui vont \u00e9tudier les m\u00e9canismes sous-jacents de l\u2019int\u00e9gration multisensorielle entre les sens. Les marqueurs neurologiques qui seront identifi\u00e9s vont servir de param\u00e8tres quantitatifs pour la mod\u00e9lisation de ces m\u00e9canismes. <\/p>\n\n\n\n<p>Les appareils tactiles d\u00e9velopp\u00e9s et les nouvelles connaissances sur les m\u00e9canismes cognitifs vont servir de base \u00e0 la cr\u00e9ation d\u2019une interface IHM d\u00e9di\u00e9e \u00e0 l\u2019haptique multisensorielle&nbsp;qui sera \u00e9valu\u00e9e dans des sc\u00e9narios de cartes interactives multimodales.<\/p>\n<\/div>\n\n\n\n<div class=\"wp-block-column is-layout-flow wp-block-column-is-layout-flow\" style=\"flex-basis:25%\">\n<figure class=\"wp-block-image size-medium is-resized\"><img loading=\"lazy\" decoding=\"async\" src=\"https:\/\/pages.isir.upmc.fr\/dgueorguiev\/wp-content\/uploads\/sites\/13\/2022\/09\/Logo_mapstic-01-1-243x300.png\" alt=\"\" class=\"wp-image-4801\" width=\"179\" height=\"221\" srcset=\"https:\/\/pages.isir.upmc.fr\/dgueorguiev\/wp-content\/uploads\/sites\/13\/2022\/09\/Logo_mapstic-01-1-243x300.png 243w, https:\/\/pages.isir.upmc.fr\/dgueorguiev\/wp-content\/uploads\/sites\/13\/2022\/09\/Logo_mapstic-01-1-828x1024.png 828w, https:\/\/pages.isir.upmc.fr\/dgueorguiev\/wp-content\/uploads\/sites\/13\/2022\/09\/Logo_mapstic-01-1-768x949.png 768w, https:\/\/pages.isir.upmc.fr\/dgueorguiev\/wp-content\/uploads\/sites\/13\/2022\/09\/Logo_mapstic-01-1-1242x1536.png 1242w, https:\/\/pages.isir.upmc.fr\/dgueorguiev\/wp-content\/uploads\/sites\/13\/2022\/09\/Logo_mapstic-01-1-1657x2048.png 1657w, https:\/\/pages.isir.upmc.fr\/dgueorguiev\/wp-content\/uploads\/sites\/13\/2022\/09\/Logo_mapstic-01-1.png 1934w\" sizes=\"auto, (max-width: 179px) 100vw, 179px\" \/><\/figure>\n\n\n\n<figure class=\"wp-block-image size-full\"><img loading=\"lazy\" decoding=\"async\" width=\"320\" height=\"320\" src=\"https:\/\/pages.isir.upmc.fr\/dgueorguiev\/wp-content\/uploads\/sites\/13\/2022\/08\/Anr_logo.png\" alt=\"\" class=\"wp-image-4657\" srcset=\"https:\/\/pages.isir.upmc.fr\/dgueorguiev\/wp-content\/uploads\/sites\/13\/2022\/08\/Anr_logo.png 320w, https:\/\/pages.isir.upmc.fr\/dgueorguiev\/wp-content\/uploads\/sites\/13\/2022\/08\/Anr_logo-300x300.png 300w, https:\/\/pages.isir.upmc.fr\/dgueorguiev\/wp-content\/uploads\/sites\/13\/2022\/08\/Anr_logo-150x150.png 150w\" sizes=\"auto, (max-width: 320px) 100vw, 320px\" \/><\/figure>\n<\/div>\n<\/div>\n\n\n\n<h4 class=\"wp-block-heading\">Communications &amp; prix<\/h4>\n\n\n\n<ul class=\"wp-block-list\">\n<li><em>Pr\u00e9sentation orale \u00e0 HAID 2022 \u00e0 Londres<\/em> [Ao\u00fbt 2022]<\/li>\n\n\n\n<li><em>Prix industriel pour la meilleure demo \u00e0 Eurohaptics 2022<\/em> [Juin 2022]<\/li>\n\n\n\n<li><em>Deux articles \u00ab\u00a0work-in-progress\u00a0\u00bb \u00e0 Eurohaptics 2022<\/em><\/li>\n<\/ul>\n\n\n\n<h4 class=\"wp-block-heading\">Personnes impliqu\u00e9es<\/h4>\n\n\n\n<div class=\"wp-block-columns is-layout-flex wp-container-core-columns-is-layout-9d6595d7 wp-block-columns-is-layout-flex\">\n<div class=\"wp-block-column is-layout-flow wp-block-column-is-layout-flow\">\n<figure class=\"wp-block-image size-full is-style-rounded\"><img loading=\"lazy\" decoding=\"async\" width=\"272\" height=\"259\" src=\"https:\/\/pages.isir.upmc.fr\/dgueorguiev\/wp-content\/uploads\/sites\/13\/2022\/08\/profil.png\" alt=\"\" class=\"wp-image-4683\" \/><figcaption class=\"wp-element-caption\"><strong>Dr.<\/strong> <strong>David Gueorguiev, <\/strong>Principal Investigator<\/figcaption><\/figure>\n<\/div>\n\n\n\n<div class=\"wp-block-column is-layout-flow wp-block-column-is-layout-flow\">\n<figure class=\"wp-block-image size-full\"><img loading=\"lazy\" decoding=\"async\" width=\"360\" height=\"360\" src=\"https:\/\/pages.isir.upmc.fr\/dgueorguiev\/wp-content\/uploads\/sites\/13\/2022\/09\/ISIR-5.png\" alt=\"\" class=\"wp-image-4738\" srcset=\"https:\/\/pages.isir.upmc.fr\/dgueorguiev\/wp-content\/uploads\/sites\/13\/2022\/09\/ISIR-5.png 360w, https:\/\/pages.isir.upmc.fr\/dgueorguiev\/wp-content\/uploads\/sites\/13\/2022\/09\/ISIR-5-300x300.png 300w, https:\/\/pages.isir.upmc.fr\/dgueorguiev\/wp-content\/uploads\/sites\/13\/2022\/09\/ISIR-5-150x150.png 150w\" sizes=\"auto, (max-width: 360px) 100vw, 360px\" \/><figcaption class=\"wp-element-caption\"><strong>Baptiste Rohou-Claquin, <\/strong>PhD student<\/figcaption><\/figure>\n<\/div>\n\n\n\n<div class=\"wp-block-column is-layout-flow wp-block-column-is-layout-flow\">\n<figure class=\"wp-block-image size-full is-style-rounded\"><img loading=\"lazy\" decoding=\"async\" width=\"673\" height=\"690\" src=\"https:\/\/pages.isir.upmc.fr\/dgueorguiev\/wp-content\/uploads\/sites\/13\/2022\/12\/thomas_daunizeau.jpeg\" alt=\"\" class=\"wp-image-4930\" srcset=\"https:\/\/pages.isir.upmc.fr\/dgueorguiev\/wp-content\/uploads\/sites\/13\/2022\/12\/thomas_daunizeau.jpeg 673w, https:\/\/pages.isir.upmc.fr\/dgueorguiev\/wp-content\/uploads\/sites\/13\/2022\/12\/thomas_daunizeau-293x300.jpeg 293w\" sizes=\"auto, (max-width: 673px) 100vw, 673px\" \/><figcaption class=\"wp-element-caption\"><strong>Thomas Daunizeau<\/strong>, PhD student<br> <\/figcaption><\/figure>\n<\/div>\n<\/div>\n\n\n\n<div class=\"wp-block-columns is-layout-flex wp-container-core-columns-is-layout-9d6595d7 wp-block-columns-is-layout-flex\">\n<div class=\"wp-block-column is-layout-flow wp-block-column-is-layout-flow\" style=\"flex-basis:33.33%\">\n<figure class=\"wp-block-image size-full\"><img loading=\"lazy\" decoding=\"async\" width=\"529\" height=\"529\" src=\"https:\/\/pages.isir.upmc.fr\/dgueorguiev\/wp-content\/uploads\/sites\/13\/2022\/12\/profil_picture.png\" alt=\"\" class=\"wp-image-4921\" srcset=\"https:\/\/pages.isir.upmc.fr\/dgueorguiev\/wp-content\/uploads\/sites\/13\/2022\/12\/profil_picture.png 529w, https:\/\/pages.isir.upmc.fr\/dgueorguiev\/wp-content\/uploads\/sites\/13\/2022\/12\/profil_picture-300x300.png 300w, https:\/\/pages.isir.upmc.fr\/dgueorguiev\/wp-content\/uploads\/sites\/13\/2022\/12\/profil_picture-150x150.png 150w\" sizes=\"auto, (max-width: 529px) 100vw, 529px\" \/><figcaption class=\"wp-element-caption\"><strong><strong>Jenna Fradin<\/strong>, <\/strong>research engineer : cross-modal visa-haptic effects<\/figcaption><\/figure>\n<\/div>\n\n\n\n<div class=\"wp-block-column is-layout-flow wp-block-column-is-layout-flow\" style=\"flex-basis:33.33%\">\n<figure class=\"wp-block-image size-large is-style-rounded\"><img loading=\"lazy\" decoding=\"async\" width=\"1005\" height=\"1024\" src=\"https:\/\/pages.isir.upmc.fr\/dgueorguiev\/wp-content\/uploads\/sites\/13\/2022\/12\/Betty-Semail-1005x1024.png\" alt=\"\" class=\"wp-image-4963\" srcset=\"https:\/\/pages.isir.upmc.fr\/dgueorguiev\/wp-content\/uploads\/sites\/13\/2022\/12\/Betty-Semail-1005x1024.png 1005w, https:\/\/pages.isir.upmc.fr\/dgueorguiev\/wp-content\/uploads\/sites\/13\/2022\/12\/Betty-Semail-294x300.png 294w, https:\/\/pages.isir.upmc.fr\/dgueorguiev\/wp-content\/uploads\/sites\/13\/2022\/12\/Betty-Semail-768x783.png 768w, https:\/\/pages.isir.upmc.fr\/dgueorguiev\/wp-content\/uploads\/sites\/13\/2022\/12\/Betty-Semail.png 1052w\" sizes=\"auto, (max-width: 1005px) 100vw, 1005px\" \/><figcaption class=\"wp-element-caption\"><strong>Pr. Betty Lemaire-Semail<\/strong>, collaborator at L2EP lab (University of Lille)<\/figcaption><\/figure>\n<\/div>\n\n\n\n<div class=\"wp-block-column is-layout-flow wp-block-column-is-layout-flow\" style=\"flex-basis:33.33%\">\n<figure class=\"wp-block-image size-full is-style-rounded\"><img loading=\"lazy\" decoding=\"async\" width=\"1024\" height=\"1023\" src=\"https:\/\/pages.isir.upmc.fr\/dgueorguiev\/wp-content\/uploads\/sites\/13\/2022\/12\/amouraux-copy.jpg\" alt=\"\" class=\"wp-image-4958\" srcset=\"https:\/\/pages.isir.upmc.fr\/dgueorguiev\/wp-content\/uploads\/sites\/13\/2022\/12\/amouraux-copy.jpg 1024w, https:\/\/pages.isir.upmc.fr\/dgueorguiev\/wp-content\/uploads\/sites\/13\/2022\/12\/amouraux-copy-300x300.jpg 300w, https:\/\/pages.isir.upmc.fr\/dgueorguiev\/wp-content\/uploads\/sites\/13\/2022\/12\/amouraux-copy-150x150.jpg 150w, https:\/\/pages.isir.upmc.fr\/dgueorguiev\/wp-content\/uploads\/sites\/13\/2022\/12\/amouraux-copy-768x767.jpg 768w\" sizes=\"auto, (max-width: 1024px) 100vw, 1024px\" \/><figcaption class=\"wp-element-caption\"><strong>Pr. Andr\u00e9 Mouraux<\/strong>, collaborator from UCLouvain&rsquo;s Institute of Neuroscience<\/figcaption><\/figure>\n<\/div>\n<\/div>\n\n\n\n<h3 class=\"wp-block-heading\">Publications<\/h3>\n\n\n\n<p>[2022] Rohou-Claquin B, Auvray M, Le Carrou JL, Gueorguiev D. <strong><a href=\"https:\/\/link.springer.com\/chapter\/10.1007\/978-3-031-15019-7_13\">Perception of Guitar Strings on a Flat Visuo-Haptic Display.<\/a><\/strong> International Workshop on Haptic and Audio Interaction Design 2022 (pp. 135-145). <\/p>\n\n\n\n<h3 class=\"wp-block-heading\">Galerie<\/h3>\n\n\n\n<figure class=\"wp-block-gallery has-nested-images columns-default is-cropped wp-block-gallery-1 is-layout-flex wp-block-gallery-is-layout-flex\">\n<figure class=\"wp-block-image size-large\"><img loading=\"lazy\" decoding=\"async\" width=\"1024\" height=\"739\" data-id=\"4782\" src=\"https:\/\/pages.isir.upmc.fr\/dgueorguiev\/wp-content\/uploads\/sites\/13\/2022\/09\/Award-Eurohaptics-1024x739.jpg\" alt=\"\" class=\"wp-image-4782\" srcset=\"https:\/\/pages.isir.upmc.fr\/dgueorguiev\/wp-content\/uploads\/sites\/13\/2022\/09\/Award-Eurohaptics-1024x739.jpg 1024w, https:\/\/pages.isir.upmc.fr\/dgueorguiev\/wp-content\/uploads\/sites\/13\/2022\/09\/Award-Eurohaptics-300x217.jpg 300w, https:\/\/pages.isir.upmc.fr\/dgueorguiev\/wp-content\/uploads\/sites\/13\/2022\/09\/Award-Eurohaptics-768x554.jpg 768w, https:\/\/pages.isir.upmc.fr\/dgueorguiev\/wp-content\/uploads\/sites\/13\/2022\/09\/Award-Eurohaptics-1536x1109.jpg 1536w, https:\/\/pages.isir.upmc.fr\/dgueorguiev\/wp-content\/uploads\/sites\/13\/2022\/09\/Award-Eurohaptics-2048x1478.jpg 2048w\" sizes=\"auto, (max-width: 1024px) 100vw, 1024px\" \/><figcaption class=\"wp-element-caption\">Industrial award at Eurohaptics 2022!<\/figcaption><\/figure>\n\n\n\n<figure class=\"wp-block-image size-large\"><img loading=\"lazy\" decoding=\"async\" width=\"1024\" height=\"734\" data-id=\"4784\" src=\"https:\/\/pages.isir.upmc.fr\/dgueorguiev\/wp-content\/uploads\/sites\/13\/2022\/09\/eurohaptics3-1024x734.jpg\" alt=\"\" class=\"wp-image-4784\" srcset=\"https:\/\/pages.isir.upmc.fr\/dgueorguiev\/wp-content\/uploads\/sites\/13\/2022\/09\/eurohaptics3-1024x734.jpg 1024w, https:\/\/pages.isir.upmc.fr\/dgueorguiev\/wp-content\/uploads\/sites\/13\/2022\/09\/eurohaptics3-300x215.jpg 300w, https:\/\/pages.isir.upmc.fr\/dgueorguiev\/wp-content\/uploads\/sites\/13\/2022\/09\/eurohaptics3-768x550.jpg 768w, https:\/\/pages.isir.upmc.fr\/dgueorguiev\/wp-content\/uploads\/sites\/13\/2022\/09\/eurohaptics3-1536x1101.jpg 1536w, https:\/\/pages.isir.upmc.fr\/dgueorguiev\/wp-content\/uploads\/sites\/13\/2022\/09\/eurohaptics3-2048x1468.jpg 2048w\" sizes=\"auto, (max-width: 1024px) 100vw, 1024px\" \/><figcaption class=\"wp-element-caption\">Baptiste Rohou-Claquin at Eurohaptics 2022<\/figcaption><\/figure>\n<\/figure>\n\n\n\n<p><\/p>\n","protected":false},"excerpt":{"rendered":"<p>Le projet MAPTICS, financ\u00e9 par l&rsquo;agence nationale de la reecherche,&nbsp;vise \u00e0 \u00e9tudier le potentiel du rendu vibro-frictionnel et du renforcement multisensoriel pour la cr\u00e9ation d\u2019illusions d\u2019objets 3D virtuels sur l\u2019\u00e9cran d\u2019interfaces haptiques multimodale novatrices. L&rsquo;objectif du projet est de d\u00e9velopper de nouvelles m\u00e9thodes pour le rendu multimodal sur les \u00e9crans et les cartes augment\u00e9es. Dans [&hellip;]<\/p>\n","protected":false},"author":1,"featured_media":4790,"parent":4450,"menu_order":0,"comment_status":"closed","ping_status":"closed","template":"","meta":{"footnotes":""},"class_list":["post-4493","page","type-page","status-publish","has-post-thumbnail","hentry"],"_links":{"self":[{"href":"https:\/\/pages.isir.upmc.fr\/dgueorguiev\/wp-json\/wp\/v2\/pages\/4493","targetHints":{"allow":["GET"]}}],"collection":[{"href":"https:\/\/pages.isir.upmc.fr\/dgueorguiev\/wp-json\/wp\/v2\/pages"}],"about":[{"href":"https:\/\/pages.isir.upmc.fr\/dgueorguiev\/wp-json\/wp\/v2\/types\/page"}],"author":[{"embeddable":true,"href":"https:\/\/pages.isir.upmc.fr\/dgueorguiev\/wp-json\/wp\/v2\/users\/1"}],"replies":[{"embeddable":true,"href":"https:\/\/pages.isir.upmc.fr\/dgueorguiev\/wp-json\/wp\/v2\/comments?post=4493"}],"version-history":[{"count":56,"href":"https:\/\/pages.isir.upmc.fr\/dgueorguiev\/wp-json\/wp\/v2\/pages\/4493\/revisions"}],"predecessor-version":[{"id":4998,"href":"https:\/\/pages.isir.upmc.fr\/dgueorguiev\/wp-json\/wp\/v2\/pages\/4493\/revisions\/4998"}],"up":[{"embeddable":true,"href":"https:\/\/pages.isir.upmc.fr\/dgueorguiev\/wp-json\/wp\/v2\/pages\/4450"}],"wp:featuredmedia":[{"embeddable":true,"href":"https:\/\/pages.isir.upmc.fr\/dgueorguiev\/wp-json\/wp\/v2\/media\/4790"}],"wp:attachment":[{"href":"https:\/\/pages.isir.upmc.fr\/dgueorguiev\/wp-json\/wp\/v2\/media?parent=4493"}],"curies":[{"name":"wp","href":"https:\/\/api.w.org\/{rel}","templated":true}]}}