{"id":4508,"date":"2020-12-16T01:01:29","date_gmt":"2020-12-16T00:01:29","guid":{"rendered":"https:\/\/pages.isir.lan\/template\/?page_id=4508"},"modified":"2024-03-10T11:09:32","modified_gmt":"2024-03-10T10:09:32","slug":"metamateriaux","status":"publish","type":"page","link":"https:\/\/pages.isir.upmc.fr\/dgueorguiev\/blog\/metamateriaux\/","title":{"rendered":"M\u00e9tamat\u00e9riaux acoustiques"},"content":{"rendered":"\n<p>Les interactions tactiles quotidiennes, d&rsquo;une douce caresse \u00e0 l&rsquo;\u00e9valuation de mat\u00e9riaux naturels, impliquent g\u00e9n\u00e9ralement plusieurs doigts. De nombreuses t\u00e2ches n\u00e9cessitent des proc\u00e9dures exploratoires bi-manuelles telles que la lecture du braille. En g\u00e9n\u00e9ral, un large \u00e9ventail de t\u00e2ches de perception sont mieux ex\u00e9cut\u00e9es en utilisant plusieurs mains ou plusieurs doigts. Chaque contact cutan\u00e9 peut donner lieu \u00e0 un \u00e9tat sp\u00e9cifique et multiplier les entr\u00e9es tactiles et multisensorielles afin d\u00e9nrichir l&rsquo;information perceptive. M\u00eame sur des surfaces planes, les utilisateurs utilisent souvent leurs deux mains pour explorer les propri\u00e9t\u00e9s tactiles de la surface.<\/p>\n\n\n\n<p>Une limitation actuelle critique des \u00e9crans tactiles est l&rsquo;absence de rendu d&rsquo;un retour haptique distinct \u00e0 n&rsquo;importe quel endroit de l&rsquo;\u00e9cran. \u00c9tant donn\u00e9 que les technologies haptiques vibrotactiles et de surface de friction reposent sur des vibrations, il est extr\u00eamement difficile de confiner les ondes afin de fournir un retour haptique localis\u00e9.<\/p>\n\n\n\n<figure class=\"wp-block-image size-large\"><img loading=\"lazy\" decoding=\"async\" width=\"1024\" height=\"265\" src=\"https:\/\/pages.isir.upmc.fr\/dgueorguiev\/wp-content\/uploads\/sites\/13\/2022\/11\/metamaterials_2-02-1024x265.png\" alt=\"\" class=\"wp-image-4826\" srcset=\"https:\/\/pages.isir.upmc.fr\/dgueorguiev\/wp-content\/uploads\/sites\/13\/2022\/11\/metamaterials_2-02-1024x265.png 1024w, https:\/\/pages.isir.upmc.fr\/dgueorguiev\/wp-content\/uploads\/sites\/13\/2022\/11\/metamaterials_2-02-300x78.png 300w, https:\/\/pages.isir.upmc.fr\/dgueorguiev\/wp-content\/uploads\/sites\/13\/2022\/11\/metamaterials_2-02-768x199.png 768w, https:\/\/pages.isir.upmc.fr\/dgueorguiev\/wp-content\/uploads\/sites\/13\/2022\/11\/metamaterials_2-02.png 1165w\" sizes=\"auto, (max-width: 1024px) 100vw, 1024px\" \/><\/figure>\n\n\n\n<p>Ainsi, la localisation des stimulations reste une question difficile en haptique, encore ouverte et sous-\u00e9tudi\u00e9e. Au sein de l&rsquo;\u00e9quipe Interaction multi-\u00e9chelles de l&rsquo;ISIR, nous avons obtenu des r\u00e9sultats pr\u00e9liminaires int\u00e9ressants pour le confinement des ondes acoustiques \u00e0 travers des m\u00e9tamat\u00e9riaux acoustiques. En ajoutant des m\u00e9tamat\u00e9riaux acoustiques \u00e0 l&rsquo;\u00e9cran tactile, nous avons r\u00e9ussi \u00e0 confiner les vibrations ultrasonores stationnaires dans un guide d&rsquo;onde sp\u00e9cifique et \u00e0 moduler la friction dans une zone localis\u00e9e de l&rsquo;\u00e9cran. Cette premi\u00e8re \u00e9tape a soulev\u00e9 des questions scientifiques cruciales telles que la r\u00e9solution maximale pouvant \u00eatre atteinte, la gamme de fr\u00e9quences pour laquelle le confinement peut se produire et la possibilit\u00e9 de programmer la localisation du retour haptique multi-doigts en temps r\u00e9el. Les lois physiques qui sous-tendent le concept de m\u00e9tamat\u00e9riaux acoustiques et la litt\u00e9rature existante sugg\u00e8rent la possibilit\u00e9 de diminuer la taille et le nombre des structures, de varier les mat\u00e9riaux, mais aussi de d\u00e9velopper des m\u00e9tamat\u00e9riaux acoustiques-\u00e9lastiques actifs qui peuvent \u00eatre programm\u00e9s pour bloquer ou laisser passer la propagation des vibrations.<\/p>\n\n\n\n<h4 class=\"wp-block-heading\">Publications<\/h4>\n\n\n\n<p><strong>Phononic crystals applied to localised surface haptics.<\/strong> Daunizeau T, Gueorguiev D, Haliyo S, Hayward V.  IEEE Transactions on Haptics. 2021 Apr 12;14(3):668-74.<\/p>\n","protected":false},"excerpt":{"rendered":"<p>Les interactions tactiles quotidiennes, d&rsquo;une douce caresse \u00e0 l&rsquo;\u00e9valuation de mat\u00e9riaux naturels, impliquent g\u00e9n\u00e9ralement plusieurs doigts. De nombreuses t\u00e2ches n\u00e9cessitent des proc\u00e9dures exploratoires bi-manuelles telles que la lecture du braille. En g\u00e9n\u00e9ral, un large \u00e9ventail de t\u00e2ches de perception sont mieux ex\u00e9cut\u00e9es en utilisant plusieurs mains ou plusieurs doigts. Chaque contact cutan\u00e9 peut donner lieu [&hellip;]<\/p>\n","protected":false},"author":1,"featured_media":4907,"parent":4450,"menu_order":0,"comment_status":"closed","ping_status":"closed","template":"","meta":{"footnotes":""},"class_list":["post-4508","page","type-page","status-publish","has-post-thumbnail","hentry"],"_links":{"self":[{"href":"https:\/\/pages.isir.upmc.fr\/dgueorguiev\/wp-json\/wp\/v2\/pages\/4508","targetHints":{"allow":["GET"]}}],"collection":[{"href":"https:\/\/pages.isir.upmc.fr\/dgueorguiev\/wp-json\/wp\/v2\/pages"}],"about":[{"href":"https:\/\/pages.isir.upmc.fr\/dgueorguiev\/wp-json\/wp\/v2\/types\/page"}],"author":[{"embeddable":true,"href":"https:\/\/pages.isir.upmc.fr\/dgueorguiev\/wp-json\/wp\/v2\/users\/1"}],"replies":[{"embeddable":true,"href":"https:\/\/pages.isir.upmc.fr\/dgueorguiev\/wp-json\/wp\/v2\/comments?post=4508"}],"version-history":[{"count":6,"href":"https:\/\/pages.isir.upmc.fr\/dgueorguiev\/wp-json\/wp\/v2\/pages\/4508\/revisions"}],"predecessor-version":[{"id":5119,"href":"https:\/\/pages.isir.upmc.fr\/dgueorguiev\/wp-json\/wp\/v2\/pages\/4508\/revisions\/5119"}],"up":[{"embeddable":true,"href":"https:\/\/pages.isir.upmc.fr\/dgueorguiev\/wp-json\/wp\/v2\/pages\/4450"}],"wp:featuredmedia":[{"embeddable":true,"href":"https:\/\/pages.isir.upmc.fr\/dgueorguiev\/wp-json\/wp\/v2\/media\/4907"}],"wp:attachment":[{"href":"https:\/\/pages.isir.upmc.fr\/dgueorguiev\/wp-json\/wp\/v2\/media?parent=4508"}],"curies":[{"name":"wp","href":"https:\/\/api.w.org\/{rel}","templated":true}]}}