{"id":4442,"date":"2020-12-14T11:00:03","date_gmt":"2020-12-14T11:00:03","guid":{"rendered":"https:\/\/pages.isir.lan\/template\/?page_id=4442"},"modified":"2025-01-08T15:31:06","modified_gmt":"2025-01-08T14:31:06","slug":"mes-publications","status":"publish","type":"page","link":"https:\/\/pages.isir.upmc.fr\/mkhamassi\/mes-publications\/","title":{"rendered":"Publications"},"content":{"rendered":"\n<h2 class=\"wp-block-heading\">Livres<\/h2>\n\n\n\n<div class=\"wp-block-columns is-layout-flex wp-container-core-columns-is-layout-9d6595d7 wp-block-columns-is-layout-flex\">\n<div class=\"wp-block-column is-layout-flow wp-block-column-is-layout-flow\">\n<p>Stefana Broadbent, Florian Forestier, Mehdi Khamassi, C\u00e9lia Zolynski. Pour une nouvelle culture de l&rsquo;attention: Que faire de ces r\u00e9seaux sociaux qui nous \u00e9puisent ? Editions Odile Jacob, 2024. Paru le 17 avril 2024.<\/p>\n\n\n\n<figure class=\"wp-block-gallery has-nested-images columns-default is-cropped wp-block-gallery-1 is-layout-flex wp-block-gallery-is-layout-flex\">\n<figure class=\"wp-block-image size-large\"><img loading=\"lazy\" decoding=\"async\" width=\"882\" height=\"635\" data-id=\"5214\" src=\"https:\/\/pages.isir.upmc.fr\/mkhamassi\/wp-content\/uploads\/sites\/9\/2024\/04\/Couv_BROADBENT_CultureAttention-1.jpg\" alt=\"\" class=\"wp-image-5214\" srcset=\"https:\/\/pages.isir.upmc.fr\/mkhamassi\/wp-content\/uploads\/sites\/9\/2024\/04\/Couv_BROADBENT_CultureAttention-1.jpg 882w, https:\/\/pages.isir.upmc.fr\/mkhamassi\/wp-content\/uploads\/sites\/9\/2024\/04\/Couv_BROADBENT_CultureAttention-1-300x216.jpg 300w, https:\/\/pages.isir.upmc.fr\/mkhamassi\/wp-content\/uploads\/sites\/9\/2024\/04\/Couv_BROADBENT_CultureAttention-1-768x553.jpg 768w\" sizes=\"auto, (max-width: 882px) 100vw, 882px\" \/><\/figure>\n<\/figure>\n\n\n\n<div style=\"height:100px\" aria-hidden=\"true\" class=\"wp-block-spacer\"><\/div>\n\n\n\n<p>Mehdi Khamassi (Dir.). Neurosciences cognitives. \u00c9ditions de Boeck Sup\u00e9rieur. ISBN : 978-2-8073-2921-8. Paru le 12 octobre 2021.<\/p>\n\n\n\n<figure class=\"wp-block-image size-large\"><img loading=\"lazy\" decoding=\"async\" width=\"1024\" height=\"710\" src=\"https:\/\/pages.isir.upmc.fr\/mkhamassi\/wp-content\/uploads\/sites\/9\/2021\/09\/9782807329218_Couverture_KHAMASSI_petit-1024x710.jpg\" alt=\"\" class=\"wp-image-4884\" srcset=\"https:\/\/pages.isir.upmc.fr\/mkhamassi\/wp-content\/uploads\/sites\/9\/2021\/09\/9782807329218_Couverture_KHAMASSI_petit-1024x710.jpg 1024w, https:\/\/pages.isir.upmc.fr\/mkhamassi\/wp-content\/uploads\/sites\/9\/2021\/09\/9782807329218_Couverture_KHAMASSI_petit-300x208.jpg 300w, https:\/\/pages.isir.upmc.fr\/mkhamassi\/wp-content\/uploads\/sites\/9\/2021\/09\/9782807329218_Couverture_KHAMASSI_petit-768x532.jpg 768w, https:\/\/pages.isir.upmc.fr\/mkhamassi\/wp-content\/uploads\/sites\/9\/2021\/09\/9782807329218_Couverture_KHAMASSI_petit.jpg 1200w\" sizes=\"auto, (max-width: 1024px) 100vw, 1024px\" \/><\/figure>\n\n\n\n<p><strong>Chapitres :<\/strong><br>1 Perception et attention &#8211; Th\u00e9r\u00e8se Collins et Laura Dugu\u00e9<br>2 Le cerveau, le mouvement, et les espaces &#8211; Alain Berthoz<br>3 \u00c9tude des syst\u00e8mes de m\u00e9moire dans le cadre d\u2019un comportement : la navigation &#8211; Laure Rondi-Reig<br>4 D\u00e9cision et action &#8211; Aliz\u00e9e Lopez-Persem et Mehdi Khamassi<br>5 Neurolinguistique &#8211; Perrine Brusini et \u00c9lodie Cauvet<br>6 Conscience et m\u00e9tacognition &#8211; Louise Goupil et Claire Sergent<br>7 Cognition sociale &#8211; Marwa El Zein, Louise Kirsch et Lou Safra<br>8 Psychologie et neurosciences : enjeux pour l\u2019\u00e9ducation &#8211; Emmanuel Sander, Hippolyte Gros, Katarina Gvozdic et Calliste Scheibling-S\u00e8ve<br>9 Initiation \u00e0 la mod\u00e9lisation computationnelle &#8211; Anne Collins et Mehdi Khamassi<\/p>\n<\/div>\n<\/div>\n\n\n\n<p>Vous pouvez acc\u00e9der \u00e0 tous mes articles scientifiques en acc\u00e8s ouvert en cliquant sur <a rel=\"noreferrer noopener\" href=\"https:\/\/hal.archives-ouvertes.fr\/search\/index\/?q=%2A&amp;authIdHal_s=mehdi-khamassi\" target=\"_blank\">ce lien pour acc\u00e9der \u00e0 HAL<\/a>.<\/p>\n\n\n\n<h2 class=\"wp-block-heading\">S\u00e9lection de publications r\u00e9centes<\/h2>\n\n\n\n<h4 class=\"wp-block-heading\">Neurosciences<\/h4>\n\n\n<ul>\n\n<li>Khamassi, M., Peyrache, A., Benchenane, K., Hopkins, D.A., Lebas, N., Douchamps, V., Droulez, J., Battaglia, F.P. and Wiener, S.I. (2024).&nbsp;Rat anterior cingulate neurons responsive to rule or strategy changes are modulated by the hippocampal theta rhythm and sharp-wave ripples.&nbsp;<strong>European Journal of Neuroscience<\/strong>, doi:10.1111\/ejn.16496.<\/li>\n\n\n<li>Lobato, I.N., Aleman-Zapata, A., Samanta, A., Bogers, M., Narayanan, S., Rayan, A., Alonso, A., van der Meij, J., Khamassi, M., Khan, Z.U., Genzel, L. (2023). Increased cortical plasticity leads to memory interference and enhanced hippocampal-cortical interactions. <strong>eLife<\/strong>, 12:e84911.<\/li>\n\n\n<li>Panayi, M.C.*, Khamassi, M.*, and Killcross, S. (2021). The rodent lateral orbitofrontal cortex as an arbitrator selecting between model-based and model-free learning systems. <strong>Behavioral Neuroscience<\/strong>, 135(2):226-244. (* equally contributing authors)<\/li>\n\n\n<li>Wittmann, M.K., Fouragnan, E., Folloni, D., Klein-Fl\u00fcgge, M.C., Chau, B., Khamassi, M.&nbsp;and Rushworth, M.F.S.&nbsp;(2020).&nbsp;Global reward state affects learning, the raphe nucleus, and anterior insula in monkeys.&nbsp;<strong>Nature Communications<\/strong>, 11(1):1-17.<\/li>\n\n\n<li>Cinotti, F.*&nbsp;and Fresno, V.* and&nbsp;Aklil, N.&nbsp;and Coutureau, E. and&nbsp;Girard, B.&nbsp;and Marchand, A.\u00b0 and&nbsp;Khamassi, M.\u00b0&nbsp;(2019).&nbsp;Dopamine blockade impairs the exploration-exploitation trade-off in rats.&nbsp;<strong>Scientific Reports<\/strong>, 9:6770. (* equally contributing authors) (\u00b0 equally contributing senior authors)<\/li>\n\n<\/ul>\n\n<h4 class=\"wp-block-heading\">Robotique<\/h4>\n\n<ul>\n\n<li>Dromnelle, R., Renaudo, E., Chetouani, M., Maragos, P., Chatila, R., Girard, B. and Khamassi, M. (2023). Reducing computational cost during robot navigation and human-robot interaction with a human-inspired reinforcement learning architecture. <strong>International Journal of Social Robotics<\/strong>, 15:1297-1323.<\/li>\n\n\n<li>Massi, E., Barth\u00e9lemy, J., Mailly, J., Dromnelle, R., Canitrot, J., Poniatowski, E., Girard, B. and Khamassi, M. (2022). Model-Based and Model-Free Replay Mechanisms for Reinforcement Learning in Neurorobotics. <strong>Frontiers in Neurorobotics<\/strong>, 2022, 16, 864380.<\/li>\n\n\n<li><span style=\"color: initial\">Zaraki, A.*, Khamassi, M.*, Wood, L., Lakatos, G., Tzafestas, C., Amirabdollahian, F., Robins, B. and Dautenhahn, K. (2020). A Novel Reinforcement-Based Paradigm for Children to Teach the Humanoid Kaspar Robot.&nbsp;<\/span><strong style=\"color: initial\">International Journal of Social Robotics<\/strong><span style=\"color: initial\">, 12(3):709-720.<\/span> (* equally contributing authors)<\/li>\n\n\n<li>Chatila, R., Renaudo, E., Andries, M., Chavez Garcia, R.O., Luce-Vayrac, P., Gottstein, R., Alami, R., Clodic, A., Devin, S., Girard, B. and Khamassi, M. (2018). Towards Self-Aware Robots.&nbsp;<strong>Frontiers in Robotics and AI<\/strong>, 5:88.<\/li>\n\n\n<li>Khamassi, M., Velentzas, G., Tsitsimis, T. and Tzafestas, C. (2018). Robot fast adaptation to changes in human engagement during simulated dynamic social interaction with active exploration in parameterized reinforcement learning.&nbsp;<strong>IEEE Transactions on Cognitive and Developmental Systems<\/strong>,&nbsp;10(4):881-893.<\/li>\n\n<\/ul>\n\n\n\n<h4 class=\"wp-block-heading\">\u00c9thique de l&rsquo;IA et de la Robotique<\/h4>\n\n\n<ul>\n\n<li>Evers, K., Farisco, M., Chatila, R., Earp, B., Freire, I., Hamker, F., N\u00e9meth, R., Verschure, P.F.M.J. and Khamassi, M. (2025).&nbsp;Preliminaries to artificial consciousness: A multidimensional heuristic approach&nbsp;<strong>Physics of Life Reviews<\/strong>, 52:180-193.<\/li>\n\n\n<li>Khamassi, M., Nahon, M. and Chatila, R. (2024).&nbsp;Strong and weak alignment of large language models with human values.&nbsp;<strong>Scientific Reports<\/strong>, 14, Article number: 19399.<\/li>\n\n\n<li>Baldassarre, G., Duro, R., Cartoni, E., Khamassi, M., Romero, A. and Santucci, V.G. (2024).&nbsp;Purpose for Open-Ended Learning Robots: A Computational Taxonomy, Definition, and Operationalisation.&nbsp;<strong>arXiv<\/strong>, arXiv:2403.02514.<\/li>\n\n\n<li>Khamassi, M. and Ganascia, J.-G. (2022).&nbsp;L&rsquo;IA hier et demain. Audition de Jean-Gabriel Ganascia.&nbsp;<strong>Cahiers de TESaCo<\/strong>, n\u00b03, pp.47-72.<\/li>\n\n\n<li>Khamassi, M. (2021).&nbsp;Quelques questions \u00e9thiques autour du d\u00e9veloppement de l\u2019autonomie d\u00e9cisionnelle en intelligence artificielle et en robotique.&nbsp;<strong>Cahiers de TESaCo<\/strong>, n\u00b02, pp.23-31.<\/li>\n\n<\/ul>","protected":false},"excerpt":{"rendered":"<p>Livres Stefana Broadbent, Florian Forestier, Mehdi Khamassi, C\u00e9lia Zolynski. Pour une nouvelle culture de l&rsquo;attention: Que faire de ces r\u00e9seaux sociaux qui nous \u00e9puisent ? Editions Odile Jacob, 2024. Paru le 17 avril 2024. Mehdi Khamassi (Dir.). Neurosciences cognitives. \u00c9ditions de Boeck Sup\u00e9rieur. ISBN : 978-2-8073-2921-8. Paru le 12 octobre 2021. Chapitres :1 Perception et [&hellip;]<\/p>\n","protected":false},"author":1,"featured_media":4482,"parent":0,"menu_order":0,"comment_status":"closed","ping_status":"closed","template":"","meta":{"footnotes":""},"class_list":["post-4442","page","type-page","status-publish","has-post-thumbnail","hentry"],"_links":{"self":[{"href":"https:\/\/pages.isir.upmc.fr\/mkhamassi\/wp-json\/wp\/v2\/pages\/4442","targetHints":{"allow":["GET"]}}],"collection":[{"href":"https:\/\/pages.isir.upmc.fr\/mkhamassi\/wp-json\/wp\/v2\/pages"}],"about":[{"href":"https:\/\/pages.isir.upmc.fr\/mkhamassi\/wp-json\/wp\/v2\/types\/page"}],"author":[{"embeddable":true,"href":"https:\/\/pages.isir.upmc.fr\/mkhamassi\/wp-json\/wp\/v2\/users\/1"}],"replies":[{"embeddable":true,"href":"https:\/\/pages.isir.upmc.fr\/mkhamassi\/wp-json\/wp\/v2\/comments?post=4442"}],"version-history":[{"count":44,"href":"https:\/\/pages.isir.upmc.fr\/mkhamassi\/wp-json\/wp\/v2\/pages\/4442\/revisions"}],"predecessor-version":[{"id":5253,"href":"https:\/\/pages.isir.upmc.fr\/mkhamassi\/wp-json\/wp\/v2\/pages\/4442\/revisions\/5253"}],"wp:featuredmedia":[{"embeddable":true,"href":"https:\/\/pages.isir.upmc.fr\/mkhamassi\/wp-json\/wp\/v2\/media\/4482"}],"wp:attachment":[{"href":"https:\/\/pages.isir.upmc.fr\/mkhamassi\/wp-json\/wp\/v2\/media?parent=4442"}],"curies":[{"name":"wp","href":"https:\/\/api.w.org\/{rel}","templated":true}]}}