{"id":4471,"date":"2020-12-14T16:23:04","date_gmt":"2020-12-14T16:23:04","guid":{"rendered":"https:\/\/pages.isir.lan\/template\/?page_id=4471"},"modified":"2025-02-06T12:52:19","modified_gmt":"2025-02-06T11:52:19","slug":"enseignement","status":"publish","type":"page","link":"https:\/\/pages.isir.upmc.fr\/mkhamassi\/enseignement\/","title":{"rendered":"Enseignement"},"content":{"rendered":"\n<p>\u00c0 part les cours du Cogmaster, dont le contenu est sur <a href=\"https:\/\/moodle.u-paris.fr\/course\/view.php?id=7406\" data-type=\"URL\">moodle<\/a>, tous les supports de mes cours sont <a href=\"http:\/\/chronos.isir.upmc.fr\/~khamassi\/teaching\/\" data-type=\"URL\" data-id=\"http:\/\/chronos.isir.upmc.fr\/~khamassi\/teaching\/\">accessibles sur le serveur du laboratoire<\/a>.<\/p>\n\n\n\n<figure class=\"wp-block-embed is-type-video is-provider-youtube wp-block-embed-youtube wp-embed-aspect-16-9 wp-has-aspect-ratio\"><div class=\"wp-block-embed__wrapper\">\n<iframe loading=\"lazy\" title=\"M Khamassi. Online adaptive coordination of model-based &amp; model-free reinforcement learning systems.\" width=\"500\" height=\"281\" src=\"https:\/\/www.youtube.com\/embed\/bdCEsFj-lyA?feature=oembed\" frameborder=\"0\" allow=\"accelerometer; autoplay; clipboard-write; encrypted-media; gyroscope; picture-in-picture; web-share\" referrerpolicy=\"strict-origin-when-cross-origin\" allowfullscreen><\/iframe>\n<\/div><figcaption class=\"wp-element-caption\">Exemple de cours donn\u00e9 \u00e0 l&rsquo;\u00e9cole d&rsquo;\u00e9t\u00e9 Brain, Cognition, Behavior and Technology, organis\u00e9e par Paul Verschure \u00e0 Barcelone, en septembre 2019<\/figcaption><\/figure>\n\n\n\n<h2 class=\"wp-block-heading\">Enseignements (en cours)<\/h2>\n\n\n\n<figure class=\"wp-block-table is-style-stripes\"><table><tbody><tr><td>Since 2024<\/td><td><strong>Sorbonne Univ. \/ Univ. Paris Cit\u00e9<\/strong>, <strong>Master of Cognitive Science (cog-SUP.fr)<\/strong><br>Course coordinator: M. Khamassi &amp; B. Girard<\/td><td>Reinforcement Learning applied to Cognitive Science (Lectures: 6h)<\/td><\/tr><tr><td>Since 2024<\/td><td><strong>Sorbonne Univ. \/ Univ. Paris Cit\u00e9<\/strong>, <strong>Master of Cognitive Science (cog-SUP.fr)<\/strong><br>Course coordinator: M. Khamassi &amp; B. Girard<\/td><td>Introduction to Computational Neuroscience and AI (Lectures: 6h)<\/td><\/tr><tr><td>Since 2024<\/td><td><strong>Sorbonne Univ. \/ Univ. Paris Cit\u00e9<\/strong>, <strong>Master of Cognitive Science (cog-SUP.fr)<\/strong><br>Course coordinator: M. Khamassi &amp; K. Kovarski<\/td><td>Supervised project on a major societal issue (Lectures: 3h)<\/td><\/tr><tr><td>Since 2024<\/td><td><strong>Sorbonne Univ. \/ Univ. Paris Cit\u00e9<\/strong>, <strong>Master of Cognitive Science (cog-SUP.fr)<\/strong><br>Course coordinator: M. Khamassi<\/td><td>Datacamp (Lectures: 3h)<\/td><\/tr><tr><td>Since 2024<\/td><td><strong>Sorbonne Univ. \/ Univ. Paris Cit\u00e9<\/strong>, <strong>Master of Cognitive Science (cog-SUP.fr)<\/strong><br>Course coordinator: M. Khamassi<\/td><td>Workshop-project in cognitive science applied to design (Lectures: 3h)<\/td><\/tr><tr><td>Since 2023<\/td><td><strong>Polytech Sorbonne<\/strong>,&nbsp;<strong>4th year of Engineering School<\/strong><br>Course coordinator: F. Plumet<\/td><td>Ethics of robotics and artificial intelligence (Lecture: 2h + project supervis.: 8h)<\/td><\/tr><tr><td>Since 2023<\/td><td><strong>X-HEC Entrepreneurs<\/strong>,&nbsp;<strong>Neuroscience track<\/strong><br>Course coordinator: P. Barbaste<\/td><td>Reinforcement learning and decision-making algorithms (Lecture: 2h)<\/td><\/tr><tr><td>Since 2022<\/td><td><strong>Paris Science Lettres (PSL\/ENS)<\/strong>,&nbsp;<strong>Theoretical neuroscience<\/strong><br>Course coordinator: J.-P. Nadal<\/td><td>Behavioural learning (Lecture: 2h)<\/td><\/tr><tr><td>Since 2020<\/td><td><strong>Univ. Paris-Saclay (Orsay)<\/strong>, <strong>Master 2 of Computational Neuro. &amp; Neuro-Eng.<\/strong><br>Course coordinator: V. Ego-Stengel<\/td><td>Reinforcement Learning, Neuroscience &amp; Robotics applications (Lecture: 3h)<\/td><\/tr><tr><td>Since 2020<\/td><td><strong>Sorbonne Univ., Medical Studies, Behavioral Insights in Medicine Course<\/strong><br>Course coord.: B. Rohaut &amp; C. Lakhlifi<\/td><td>Cognitive illusions and critical thinking (Lecture: 1h30)<\/td><\/tr><tr><td>Since 2019<\/td><td><strong>AgroParisTech<\/strong>, <strong>5th year of Engineering school<\/strong><br>Course coordinator: N. Darcel<\/td><td>Reinforcement learning and dopamine (Lecture: 3h)<\/td><\/tr><tr><td>Since 2019<\/td><td><strong>Univ. Athens<\/strong>,&nbsp;<strong>Athens master program in neurosciences<\/strong><br>Course coordinator: S. Efthimiopoulos<\/td><td>Reinforcement learning, dopamine and behavioral adaptation (Lecture: 2h)<\/td><\/tr><tr><td>Since 2015<\/td><td><strong>Paris Science Lettres (PSL\/ENS) \/ EHESS \/ Univ. Paris Cit\u00e9<\/strong>, <strong>CogMaster<\/strong><br>Course coord.: M. Khamassi &amp; B. Girard<\/td><td>Robotic modelling approaches to Cognitive Sciences&nbsp;(Lectures: 12h + Supervision)<\/td><\/tr><tr><td>Since 2014<\/td><td><strong>Sorbonne University (ex UPMC), Master 2 of Computer Science (ANDROIDE)<\/strong><br>Course coordinator: N. Bred\u00e8che<\/td><td>Neuro-inspired reinforcement learning (Lecture: 2h + Project supervision)<\/td><\/tr><\/tbody><\/table><\/figure>\n\n\n\n<h2 class=\"wp-block-heading\">Enseignements (pass\u00e9s)<\/h2>\n\n\n\n<p>Voir <a href=\"http:\/\/chronos.isir.upmc.fr\/~khamassi\/documents\/MehdiKhamassi_CV.pdf\" data-type=\"URL\" data-id=\"http:\/\/chronos.isir.upmc.fr\/~khamassi\/documents\/MehdiKhamassi_CV.pdf\">CV<\/a>.<\/p>\n\n\n\n<p><\/p>\n","protected":false},"excerpt":{"rendered":"<p>\u00c0 part les cours du Cogmaster, dont le contenu est sur moodle, tous les supports de mes cours sont accessibles sur le serveur du laboratoire. Enseignements (en cours) Since 2024 Sorbonne Univ. \/ Univ. Paris Cit\u00e9, Master of Cognitive Science (cog-SUP.fr)Course coordinator: M. Khamassi &amp; B. Girard Reinforcement Learning applied to Cognitive Science (Lectures: 6h) [&hellip;]<\/p>\n","protected":false},"author":1,"featured_media":4484,"parent":0,"menu_order":0,"comment_status":"closed","ping_status":"closed","template":"","meta":{"footnotes":""},"class_list":["post-4471","page","type-page","status-publish","has-post-thumbnail","hentry"],"_links":{"self":[{"href":"https:\/\/pages.isir.upmc.fr\/mkhamassi\/wp-json\/wp\/v2\/pages\/4471","targetHints":{"allow":["GET"]}}],"collection":[{"href":"https:\/\/pages.isir.upmc.fr\/mkhamassi\/wp-json\/wp\/v2\/pages"}],"about":[{"href":"https:\/\/pages.isir.upmc.fr\/mkhamassi\/wp-json\/wp\/v2\/types\/page"}],"author":[{"embeddable":true,"href":"https:\/\/pages.isir.upmc.fr\/mkhamassi\/wp-json\/wp\/v2\/users\/1"}],"replies":[{"embeddable":true,"href":"https:\/\/pages.isir.upmc.fr\/mkhamassi\/wp-json\/wp\/v2\/comments?post=4471"}],"version-history":[{"count":26,"href":"https:\/\/pages.isir.upmc.fr\/mkhamassi\/wp-json\/wp\/v2\/pages\/4471\/revisions"}],"predecessor-version":[{"id":5257,"href":"https:\/\/pages.isir.upmc.fr\/mkhamassi\/wp-json\/wp\/v2\/pages\/4471\/revisions\/5257"}],"wp:featuredmedia":[{"embeddable":true,"href":"https:\/\/pages.isir.upmc.fr\/mkhamassi\/wp-json\/wp\/v2\/media\/4484"}],"wp:attachment":[{"href":"https:\/\/pages.isir.upmc.fr\/mkhamassi\/wp-json\/wp\/v2\/media?parent=4471"}],"curies":[{"name":"wp","href":"https:\/\/api.w.org\/{rel}","templated":true}]}}