{"id":4474,"date":"2020-12-14T16:27:14","date_gmt":"2020-12-14T16:27:14","guid":{"rendered":"https:\/\/pages.isir.lan\/template\/?page_id=4474"},"modified":"2023-01-10T11:38:49","modified_gmt":"2023-01-10T10:38:49","slug":"cv","status":"publish","type":"page","link":"https:\/\/pages.isir.upmc.fr\/mkhamassi\/cv\/","title":{"rendered":"CV"},"content":{"rendered":"\n<p><a href=\"http:\/\/chronos.isir.upmc.fr\/%7Ekhamassi\/documents\/MehdiKhamassi_CV.pdf\">T\u00e9l\u00e9charger mon CV complet (en anglais)<\/a>.<\/p>\n\n\n\n<p><a href=\"http:\/\/chronos.isir.upmc.fr\/~khamassi\/documents\/MehdiKhamassi_shortCV.pdf\">Une version plus courte (1 page) est \u00e9galement disponible ici (en anglais)<\/a>.<\/p>\n","protected":false},"excerpt":{"rendered":"<p>T\u00e9l\u00e9charger mon CV complet (en anglais). Une version plus courte (1 page) est \u00e9galement disponible ici (en anglais).<\/p>\n","protected":false},"author":1,"featured_media":4591,"parent":0,"menu_order":0,"comment_status":"closed","ping_status":"closed","template":"","meta":{"footnotes":""},"class_list":["post-4474","page","type-page","status-publish","has-post-thumbnail","hentry"],"_links":{"self":[{"href":"https:\/\/pages.isir.upmc.fr\/mkhamassi\/wp-json\/wp\/v2\/pages\/4474","targetHints":{"allow":["GET"]}}],"collection":[{"href":"https:\/\/pages.isir.upmc.fr\/mkhamassi\/wp-json\/wp\/v2\/pages"}],"about":[{"href":"https:\/\/pages.isir.upmc.fr\/mkhamassi\/wp-json\/wp\/v2\/types\/page"}],"author":[{"embeddable":true,"href":"https:\/\/pages.isir.upmc.fr\/mkhamassi\/wp-json\/wp\/v2\/users\/1"}],"replies":[{"embeddable":true,"href":"https:\/\/pages.isir.upmc.fr\/mkhamassi\/wp-json\/wp\/v2\/comments?post=4474"}],"version-history":[{"count":3,"href":"https:\/\/pages.isir.upmc.fr\/mkhamassi\/wp-json\/wp\/v2\/pages\/4474\/revisions"}],"predecessor-version":[{"id":5031,"href":"https:\/\/pages.isir.upmc.fr\/mkhamassi\/wp-json\/wp\/v2\/pages\/4474\/revisions\/5031"}],"wp:featuredmedia":[{"embeddable":true,"href":"https:\/\/pages.isir.upmc.fr\/mkhamassi\/wp-json\/wp\/v2\/media\/4591"}],"wp:attachment":[{"href":"https:\/\/pages.isir.upmc.fr\/mkhamassi\/wp-json\/wp\/v2\/media?parent=4474"}],"curies":[{"name":"wp","href":"https:\/\/api.w.org\/{rel}","templated":true}]}}