{"id":4493,"date":"2020-12-16T00:43:19","date_gmt":"2020-12-15T23:43:19","guid":{"rendered":"https:\/\/pages.isir.lan\/template\/?page_id=4493"},"modified":"2020-12-17T13:06:45","modified_gmt":"2020-12-17T12:06:45","slug":"tribune-liberation-du-15-12-2020","status":"publish","type":"page","link":"https:\/\/pages.isir.upmc.fr\/mkhamassi\/blog\/tribune-liberation-du-15-12-2020\/","title":{"rendered":"Tribune Lib\u00e9ration du 15\/12\/2020 &nbsp; &nbsp; &nbsp; \u00ab\u00a0La publicit\u00e9 en pleine d\u00e9rive pavlovienne\u00a0\u00bb"},"content":{"rendered":"\n<p>(Photo Amandine Kuhlmann pour Lib\u00e9ration)<\/p>\n\n\n\n<p>Cliquer sur le lien suivant pour lire la tribune : <a rel=\"noreferrer noopener\" href=\"https:\/\/www.liberation.fr\/debats\/2020\/12\/15\/la-publicite-en-pleine-derive-pavlovienne_1808718\" data-type=\"URL\" data-id=\"https:\/\/www.liberation.fr\/debats\/2020\/12\/15\/la-publicite-en-pleine-derive-pavlovienne_1808718\" target=\"_blank\">La publicit\u00e9 en pleine d\u00e9rive pavlovienne.<\/a><\/p>\n","protected":false},"excerpt":{"rendered":"<p>(Photo Amandine Kuhlmann pour Lib\u00e9ration) Cliquer sur le lien suivant pour lire la tribune : La publicit\u00e9 en pleine d\u00e9rive pavlovienne.<\/p>\n","protected":false},"author":1,"featured_media":4588,"parent":4450,"menu_order":0,"comment_status":"closed","ping_status":"closed","template":"","meta":{"footnotes":""},"class_list":["post-4493","page","type-page","status-publish","has-post-thumbnail","hentry"],"_links":{"self":[{"href":"https:\/\/pages.isir.upmc.fr\/mkhamassi\/wp-json\/wp\/v2\/pages\/4493","targetHints":{"allow":["GET"]}}],"collection":[{"href":"https:\/\/pages.isir.upmc.fr\/mkhamassi\/wp-json\/wp\/v2\/pages"}],"about":[{"href":"https:\/\/pages.isir.upmc.fr\/mkhamassi\/wp-json\/wp\/v2\/types\/page"}],"author":[{"embeddable":true,"href":"https:\/\/pages.isir.upmc.fr\/mkhamassi\/wp-json\/wp\/v2\/users\/1"}],"replies":[{"embeddable":true,"href":"https:\/\/pages.isir.upmc.fr\/mkhamassi\/wp-json\/wp\/v2\/comments?post=4493"}],"version-history":[{"count":14,"href":"https:\/\/pages.isir.upmc.fr\/mkhamassi\/wp-json\/wp\/v2\/pages\/4493\/revisions"}],"predecessor-version":[{"id":4609,"href":"https:\/\/pages.isir.upmc.fr\/mkhamassi\/wp-json\/wp\/v2\/pages\/4493\/revisions\/4609"}],"up":[{"embeddable":true,"href":"https:\/\/pages.isir.upmc.fr\/mkhamassi\/wp-json\/wp\/v2\/pages\/4450"}],"wp:featuredmedia":[{"embeddable":true,"href":"https:\/\/pages.isir.upmc.fr\/mkhamassi\/wp-json\/wp\/v2\/media\/4588"}],"wp:attachment":[{"href":"https:\/\/pages.isir.upmc.fr\/mkhamassi\/wp-json\/wp\/v2\/media?parent=4493"}],"curies":[{"name":"wp","href":"https:\/\/api.w.org\/{rel}","templated":true}]}}