{"id":4623,"date":"2020-12-17T16:52:00","date_gmt":"2020-12-17T15:52:00","guid":{"rendered":"https:\/\/pages2.isir.upmc.fr\/mkhamassi\/?page_id=4623"},"modified":"2023-08-30T19:01:34","modified_gmt":"2023-08-30T17:01:34","slug":"news","status":"publish","type":"page","link":"https:\/\/pages.isir.upmc.fr\/mkhamassi\/news\/?lang=en","title":{"rendered":"News"},"content":{"rendered":"\n<h4 class=\"wp-block-heading\">NEWS<\/h4>\n\n\n\n<h2 class=\"wp-block-heading\">FORTHCOMING: Elisa Massi&rsquo;s PhD defense @ Sorbonne Universit\u00e9, 31 March 2023<\/h2>\n\n\n\n<p>Elisa Massi, PhD candidate that I co-supervised with <a href=\"https:\/\/www.isir.upmc.fr\/personnel\/girard\">Beno\u00eet Girard<\/a>&nbsp;at <a href=\"http:\/\/ed3c.snv.jussieu.fr\/index.php\/\">Ecole Doctorale Cerveau Cognition Comportement<\/a>, is about to defend her thesis on 31 March 2023 at Sorbonne Universit\u00e9. Her thesis is entitled&nbsp;\u00ab\u00a0Modeling hippocampal replay in spatial navigation with reinforcement learning: a neuroscientific and robotic approach\u00a0\u00bb.<\/p>\n\n\n\n<h2 class=\"wp-block-heading\">Sami Beaumont&rsquo;s PhD defense @ Sorbonne Universit\u00e9, 15 December 2022<\/h2>\n\n\n\n<p>Sami Beaumont, PhD candidate that I co-supervised with Philippe Domenech&nbsp;at <a href=\"http:\/\/ed3c.snv.jussieu.fr\/index.php\/\">Ecole Doctorale Cerveau Cognition Comportement<\/a>, has defended his thesis on 15 Dec 2022 at Sorbonne Universit\u00e9. His thesis is entitled&nbsp;\u00ab\u00a0Meta-learning under uncertainty: behavioral and computational study of adaptability in humans\u00a0\u00bb.<\/p>\n\n\n\n<h2 class=\"wp-block-heading\">Book release: Neurosciences cognitives (In French), 12 October 2021<\/h2>\n\n\n\n<p>It is with great pleasure that I can announce the release of the first book that I edited. The book is an introduction to cognitive neuroscience, including a chapter on computational modeling.<\/p>\n\n\n\n<p><strong>Chapters:<\/strong><br>1 Perception et attention &#8211; Th\u00e9r\u00e8se Collins et Laura Dugu\u00e9<br>2 Le cerveau, le mouvement, et les espaces &#8211; Alain Berthoz<br>3 \u00c9tude des syst\u00e8mes de m\u00e9moire dans le cadre d\u2019un comportement : la navigation &#8211; Laure Rondi-Reig<br>4 D\u00e9cision et action &#8211; Aliz\u00e9e Lopez-Persem et Mehdi Khamassi<br>5 Neurolinguistique &#8211; Perrine Brusini et \u00c9lodie Cauvet<br>6 Conscience et m\u00e9tacognition &#8211; Louise Goupil et Claire Sergent<br>7 Cognition sociale &#8211; Marwa El Zein, Louise Kirsch et Lou Safra<br>8 Psychologie et neurosciences : enjeux pour l\u2019\u00e9ducation &#8211; Emmanuel Sander, Hippolyte Gros, Katarina Gvozdic et Calliste Scheibling-S\u00e8ve<br>9 Initiation \u00e0 la mod\u00e9lisation computationnelle &#8211; Anne Collins et Mehdi Khamassi<\/p>\n\n\n\n<figure class=\"wp-block-image size-large\"><img loading=\"lazy\" decoding=\"async\" width=\"1024\" height=\"710\" src=\"https:\/\/pages.isir.upmc.fr\/mkhamassi\/wp-content\/uploads\/sites\/9\/2021\/09\/9782807329218_Couverture_KHAMASSI_petit-1024x710.jpg\" alt=\"\" class=\"wp-image-4885\" srcset=\"https:\/\/pages.isir.upmc.fr\/mkhamassi\/wp-content\/uploads\/sites\/9\/2021\/09\/9782807329218_Couverture_KHAMASSI_petit-1024x710.jpg 1024w, https:\/\/pages.isir.upmc.fr\/mkhamassi\/wp-content\/uploads\/sites\/9\/2021\/09\/9782807329218_Couverture_KHAMASSI_petit-300x208.jpg 300w, https:\/\/pages.isir.upmc.fr\/mkhamassi\/wp-content\/uploads\/sites\/9\/2021\/09\/9782807329218_Couverture_KHAMASSI_petit-768x532.jpg 768w, https:\/\/pages.isir.upmc.fr\/mkhamassi\/wp-content\/uploads\/sites\/9\/2021\/09\/9782807329218_Couverture_KHAMASSI_petit.jpg 1200w\" sizes=\"auto, (max-width: 1024px) 100vw, 1024px\" \/><\/figure>\n\n\n\n<h4 class=\"wp-block-heading\">NEWS<\/h4>\n\n\n\n<h2 class=\"wp-block-heading\">R\u00e9mi Dromnelle&rsquo;s PhD defense @ Sorbonne Universit\u00e9, 1 July 2021<\/h2>\n\n\n\n<p>R\u00e9mi Dromnelle, PhD candidate that I co-supervised with <a href=\"https:\/\/www.isir.upmc.fr\/personnel\/chatila\/\">Raja Chatila<\/a> and&nbsp;<a href=\"https:\/\/www.isir.upmc.fr\/personnel\/girard\">Beno\u00eet Girard<\/a>&nbsp;at <a href=\"https:\/\/www.edite-de-paris.fr\">EDITE doctoral school<\/a>, has defended his thesis on 1 July 2021 at Sorbonne Universit\u00e9. His thesis is entitled&nbsp;\u00ab\u00a0Architecture cognitive g\u00e9n\u00e9rique pour la coordination de strat\u00e9gies d\u2019apprentissage en robotique\u00a0\u00bb.<\/p>\n\n\n\n<h4 class=\"wp-block-heading\">NEWS<\/h4>\n\n\n\n<h2 class=\"wp-block-heading\">Tenth International Symposium on Biology of Decision Making (online meeting), 10-12 mai 2021<\/h2>\n\n\n\n<p>The tenth international symposium on the biology of decision-making took place virtually on May 10-12th 2021. It was co-organised by Roeland Heerema, William Hopper, Mehdi Khamassi, Thelma Landron et Mathias Pessiglione. Invited speakers from different countries (USA, UK, Europe, Japan) presented different approaches (ethology, economics, neural, behavioral and computational approaches) to decision-making.<\/p>\n\n\n\n<p>More information here:\u00a0<a href=\"https:\/\/sbdm2021.sciencesconf.org\"><a href=\"https:\/\/sbdm2021.sciencesconf.org\">https:\/\/sbdm2021.sciencesconf.org<\/a><\/a><\/p>\n\n\n\n<h4 class=\"wp-block-heading\">NEWS<\/h4>\n\n\n\n<h2 class=\"wp-block-heading\">Promotion to director of research by the Centre National de la Recherche Scientifique (CNRS), 1 October 2020<\/h2>\n\n\n\n<p>It is with great pleasure that I learned that I have been promoted to director of research by the Centre National de la Recherche Scientifique (CNRS). I&rsquo;ll continue working in the same research institute, with new possibilities and directions now open for the researches of our group.<\/p>\n\n\n\n<h4 class=\"wp-block-heading\">NEWS<\/h4>\n\n\n\n<h2 class=\"wp-block-heading\">Tenth International Symposium on Biology of Decision Making, Paris, France, 27-29 May 2020 (postponed to 2021 due to the pandemics)<\/h2>\n\n\n\n<p>The tenth international symposium on the biology of decision-making should have taken place in Paris, France on May 27-29th 2020. It has been postponed to 2021 due to the pandemics.<\/p>\n\n\n\n<p>More information here:&nbsp;<a href=\"https:\/\/sbdm2020.sciencesconf.org\/\">https:\/\/sbdm2020.sciencesconf.org<\/a><\/p>\n\n\n\n<h4 class=\"wp-block-heading\">NEWS<\/h4>\n\n\n\n<h2 class=\"wp-block-heading\">Fran\u00e7ois Cinotti&rsquo;s PhD defense @ Sorbonne Universit\u00e9, 8 July 2019<\/h2>\n\n\n\n<p><a href=\"http:\/\/people.isir.upmc.fr\/cinotti\">Fran\u00e7ois Cinotti<\/a>, PhD candidate that I co-supervised with&nbsp;<a href=\"https:\/\/www.isir.upmc.fr\/personnel\/girard\">Beno\u00eet Girard<\/a>&nbsp;at l&rsquo;<a href=\"http:\/\/ed3c.snv.jussieu.fr\/index.php\/\">Ecole Doctorale Cerveau Cognition Comportement<\/a>, has defended his thesis on 8 July 2019 at Sorbonne Universit\u00e9. His thesis is entitled&nbsp;\u00ab\u00a0Computational modelling of the variability and regulation of reinforcement learning and the associated dopaminergic signalling in Rats\u00a0\u00bb.<\/p>\n\n\n\n<h4 class=\"wp-block-heading\">NEWS<\/h4>\n\n\n\n<h2 class=\"wp-block-heading\">Nineth International Symposium on Biology of Decision Making, Oxford, UK, 27-29 May 2019<\/h2>\n\n\n\n<p>The nineth international symposium on the biology of decision-making took place in Oxford, UK, on May 27-29th 2019. It was co-organised by Dan Bang, Andrew Bell, Alessandro Bongioanni, Thomas Boraud, Kenji Doya, Neil Garrett, Mehdi Khamassi, Miriam Klein-Fl\u00fcgge, Etienne Koechlin, Nils Kolling, Patricia Lockwood, Aliz\u00e9e Lopez-Persem, Jill O&rsquo;Reilly, Mathias Pessiglione, Matthew Rushworth, J\u00e9r\u00f4me Sallet, Hannah Sheaha, Chris Summerfield, Mark Walton and Marco Wittmann. Invited speakers from different countries (USA, UK, Europe, Japan) presented different approaches (ethology, economics, neural, behavioral and computational approaches) to decision-making.<\/p>\n\n\n\n<p>More information here:&nbsp;<a href=\"http:\/\/sbdm2019.isir.upmc.fr\/\">http:\/\/sbdm2019.isir.upmc.fr\/<\/a><\/p>\n\n\n\n<h4 class=\"wp-block-heading\">NEWS<\/h4>\n\n\n\n<h2 class=\"wp-block-heading\">Best late breaking report award (Nanjing City Prize) at IEEE RO-MAN 2018, Nanjing, China, 27 August 2018<\/h2>\n\n\n\n<p><a href=\"http:\/\/www.isir.upmc.fr\/?op=view_profil&amp;lang=fr&amp;id=82\">Khamassi, M.<\/a>&nbsp;and Chalvatzaki, G. and Tsitsimis, T. and Velentzas, G. and Tzafestas, C.&nbsp;(2018).&nbsp;<em>A framework for robot learning during child-robot interaction with human engagement as reward signal.<\/em><br>Proceedings of the 27th IEEE International Symposium on Robot and Human Interactive Communication (RO-MAN 2018). Pages 461-464. Nanjing City Prize for Best Late Breaking Report.<\/p>\n\n\n\n<p><a href=\"http:\/\/www.isir.upmc.fr\/files\/2018ACTI4604.pdf\">Download the PDF<\/a><\/p>\n\n\n\n<h4 class=\"wp-block-heading\">NEWS<\/h4>\n\n\n\n<h2 class=\"wp-block-heading\">Eighth International Symposium on Biology of Decision Making, Paris, France, 21-23 May 2018<\/h2>\n\n\n\n<p>The eighth international symposium on the biology of decision-making took place in Paris, France on May 21-23th 2018. It was co-organised by Kenji Doya, Roeland Heerema, Mehdi Khamassi, Etienne Koechlin, Fanny Lachat, Marine Magne and Mathias Pessiglione. Invited speakers from different countries (USA, UK, Europe, Japan) presented different approaches (ethology, economical, neural and computational approaches) to decision making.<\/p>\n\n\n\n<p>More information here:&nbsp;<a href=\"http:\/\/sbdm2018.isir.upmc.fr\/\">http:\/\/sbdm2018.isir.upmc.fr\/<\/a><\/p>\n\n\n\n<h4 class=\"wp-block-heading\">NEWS<\/h4>\n\n\n\n<h2 class=\"wp-block-heading\">Thibaud Griessinger&rsquo;s PhD defense @ ENS, 18 December 2017<\/h2>\n\n\n\n<p><a href=\"http:\/\/people.isir.upmc.fr\/griessinger\">Thibaud Griessinger<\/a>, PhD candidate that I co-supervised with&nbsp;<a href=\"https:\/\/dornsife.usc.edu\/Coricelli\">Giorgio Coricelli<\/a>&nbsp;at l&rsquo;<a href=\"http:\/\/ed3c.snv.jussieu.fr\/index.php\/\">Ecole Doctorale Cerveau Cognition Comportement<\/a>&nbsp;and funded by&nbsp;<a href=\"http:\/\/www.ens.fr\/\">Ecole Normale Sup\u00e9rieure<\/a>,&nbsp;has defended his thesis on&nbsp;18 December 2017 at l&rsquo;ENS. His thesis is entitled&nbsp;\u00ab\u00a0The cognitive roots of strategic learning in repeated social interactions &#8211; from cognitive neuroscience back to behavioral economics\u00a0\u00bb.<\/p>\n\n\n\n<h4 class=\"wp-block-heading\">NEWS<\/h4>\n\n\n\n<h2 class=\"wp-block-heading\">Nassim Aklil&rsquo;s PhD defense @ UPMC, 27 September 2017<\/h2>\n\n\n\n<p><a href=\"http:\/\/people.isir.upmc.fr\/aklil\">Nassim Aklil<\/a>, PhD candidate that I co-supervised with&nbsp;<a href=\"https:\/\/www.isir.upmc.fr\/personnel\/girard\">Beno\u00eet Girard<\/a>&nbsp;and&nbsp;<a href=\"http:\/\/www-connex.lip6.fr\/~denoyer\/wordpress\/\">Ludovic Denoyer<\/a>&nbsp;at l&rsquo;<a href=\"http:\/\/ed3c.snv.jussieu.fr\/index.php\/\">Ecole Doctorale Cerveau Cognition Comportement<\/a>&nbsp;and funded by&nbsp;<a href=\"http:\/\/www.smart-labex.fr\/\">Labex SMART<\/a>, has defended his thesis on&nbsp;27 September 2017 at ISIR, UPMC. His thesis is entitled&nbsp;\u00ab\u00a0Apprentissage actif sous contrainte de budget en robotique et en neurosciences computationnelles &#8211;&nbsp;Localisation robotique et mod\u00e9lisation comportementale en environnement non stationnaire\u00a0\u00bb. Nassim now works in the private sector.<\/p>\n\n\n\n<h4 class=\"wp-block-heading\">NEWS<\/h4>\n\n\n\n<h2 class=\"wp-block-heading\">Seventh International Symposium on Biology of Decision Making, Paris, France, 14-16 May 2017<\/h2>\n\n\n\n<p>The seventh international symposium on the biology of decision-making took place in Bordeaux, France on May 14-16th 2017. It was co-organised by Thomas Boraud, Sacha Bourgeois-Gironde, Kenji Doya, Mehdi Khamassi, Etienne Koechlin, Mathias Pessiglione and Nicolas Rougier. Invited speakers from different countries (USA, UK, Europe, Japan) presented different approaches (ethology, economical, neural and computational approaches) to decision making.<\/p>\n\n\n\n<p>More information here:&nbsp;<a href=\"http:\/\/sbdm2017.isir.upmc.fr\/\">http:\/\/sbdm2017.isir.upmc.fr\/<\/a><\/p>\n\n\n\n<h4 class=\"wp-block-heading\">NEWS<\/h4>\n\n\n\n<h2 class=\"wp-block-heading\">Invited Researcher at the Department of Experimental Psychology, University of Oxford, UK, 2017<\/h2>\n\n\n\n<p>Since 2017, I have been an invited researcher at the Department of Experimental Psychology of the University of Oxford, UK. There I mainly collaborate with&nbsp;<a href=\"https:\/\/sites.google.com\/site\/salletjerome\/liens-links\/mcc2013_paris\/program\">J\u00e9r\u00f4me Sallet<\/a>,&nbsp;<a href=\"https:\/\/www.psy.ox.ac.uk\/team\/matthew-rushworth\">Matthew Rushworth<\/a>,&nbsp;<a href=\"http:\/\/decisions.psy.ox.ac.uk\/#!\/home\">Chris Summerfield<\/a>&nbsp;and&nbsp;<a href=\"https:\/\/www.neuroscience.ox.ac.uk\/research-directory\/mark-walton\">Mark Walton<\/a>, partly thanks to the support of the&nbsp;<a href=\"http:\/\/www.cnrs.fr\/mi\/\">Mission for Interdisciplinarity of the CNRS<\/a>.&nbsp;<\/p>\n\n\n\n<h4 class=\"wp-block-heading\">NEWS<\/h4>\n\n\n\n<h2 class=\"wp-block-heading\">Guillaume Viejo&rsquo;s PhD defense @ UPMC, 28 November 2016<\/h2>\n\n\n\n<p><a href=\"http:\/\/people.isir.upmc.fr\/viejo\">Guillaume Viejo<\/a>, PhD candidate that I co-supervised with&nbsp;<a href=\"https:\/\/www.isir.upmc.fr\/personnel\/girard\">Beno\u00eet Girard<\/a>&nbsp;at the&nbsp;<a href=\"http:\/\/ed3c.snv.jussieu.fr\/index.php\/en\/\">Brain Cognition &amp; Behavior doctoral school (ED3C)<\/a>&nbsp;and funded by B2V, has defended his thesis on 28 November 2016 at ISIR, UPMC. His thesis is entitled&nbsp;\u00ab\u00a0Coordination de syst\u00e8mes de m\u00e9moire : mod\u00e8les th\u00e9oriques du comportement animal et humain\u00a0\u00bb. Guillaume is now post-doc with&nbsp;<a href=\"http:\/\/adrien.peyrache.free.fr\/\">Adrien Peyrache<\/a>&nbsp;at Montr\u00e9al University.<\/p>\n\n\n\n<h4 class=\"wp-block-heading\">NEWS<\/h4>\n\n\n\n<h2 class=\"wp-block-heading\">Erwan Renaudo&rsquo;s PhD defense @ UPMC, 6 June 2016<\/h2>\n\n\n\n<p><a href=\"http:\/\/people.isir.upmc.fr\/renaudo\">Erwan Renaudo<\/a>, PhD candidate that I co-supervised with&nbsp;<a href=\"https:\/\/www.isir.upmc.fr\/personnel\/chatila\/\">Raja<\/a><a href=\"https:\/\/www.isir.upmc.fr\/personnel\/chatila\/\" data-type=\"URL\" data-id=\"https:\/\/www.isir.upmc.fr\/personnel\/chatila\/\"> Chatila<\/a>&nbsp;and&nbsp;<a href=\"https:\/\/www.isir.upmc.fr\/personnel\/girard\">Beno\u00eet Girard<\/a>&nbsp;at the <a href=\"https:\/\/www.edite-de-paris.fr\">EDITE doctoral school<\/a> and funded by DGA, has defended his thesis on 6 June 2016 at ISIR, UPMC. His thesis is entitled&nbsp;\u00ab\u00a0Des comportements flexibles aux comportements habituels : meta-apprentissage neuro-inspir\u00e9 pour la robotique autonome\u00a0\u00bb. Erwan is now post-doc at Innsbruck University.<\/p>\n\n\n\n<h4 class=\"wp-block-heading\">NEWS<\/h4>\n\n\n\n<h2 class=\"wp-block-heading\">Sixth International Symposium on Biology of Decision Making, Paris, France, 25-27 May 2016<\/h2>\n\n\n\n<p>The sixth international symposium on the biology of decision-making took place between Ecole Normale Sup\u00e9rieure, Institut du Cerveau et de la Moelle and Universit\u00e9 Pierre et Marie Curie in Paris, France on May 25-27th 2016. It was co-organised by Thomas Boraud, Kenji Doya, Mehdi Khamassi, Etienne Koechlin, Marine Magne, Natacha Logerot, Delphine Oudiette and Mathias Pessiglione. Invited speakers from different countries (USA, UK, Europe, Japan) presented different approaches (ethology, economical, neural and computational approaches) to decision making.<\/p>\n\n\n\n<p>More information here:&nbsp;<a href=\"http:\/\/sbdm2016.isir.upmc.fr\/\">http:\/\/sbdm2016.isir.upmc.fr\/<\/a><\/p>\n\n\n\n<h4 class=\"wp-block-heading\">NEWS<\/h4>\n\n\n\n<h2 class=\"wp-block-heading\">Invited Researcher at the Robotics Laboratory, National Technical University of Athens, Greece, 2016-2017<\/h2>\n\n\n\n<p>Since January 2016, I have been an invited researcher at the Robotics Laboratory of the National Technical University of Athens, Greece. There I mainly collaborate with&nbsp;<a href=\"http:\/\/users.softlab.ntua.gr\/~ktzaf\/Home.html\">Costas Tzafestas<\/a>&nbsp;within the frame of the European project \u00ab\u00a0Baby Robot\u00a0\u00bb.<\/p>\n\n\n\n<h4 class=\"wp-block-heading\">NEWS<\/h4>\n\n\n\n<h2 class=\"wp-block-heading\">Jean Bellot&rsquo;s PhD defense @ UPMC, 7 July 2015<\/h2>\n\n\n\n<p><a href=\"http:\/\/www.isir.upmc.fr\/?op=view_profil&amp;id=257\">Jean Bellot<\/a>, PhD candidate that I co-supervised with&nbsp;<a href=\"https:\/\/www.isir.upmc.fr\/personnel\/girard\">Beno\u00eet Girard<\/a>&nbsp;at the&nbsp;<a href=\"http:\/\/ed3c.snv.jussieu.fr\/index.php\/en\/\">Brain Cognition &amp; Behavior doctoral school (ED3C)<\/a>&nbsp;and funded by Ville de Paris, has defended his thesis on July 7th 2015 at ISIR, UPMC. His thesis is entitled \u00ab\u00a0Mod\u00e9lisation computationnelle du r\u00f4le de la dopamine dans les boucles cortico-striatales dans l&rsquo;apprentissage et la r\u00e9gulation de la s\u00e9lection de l&rsquo;action\u00a0\u00bb.<\/p>\n\n\n\n<h4 class=\"wp-block-heading\">NEWS<\/h4>\n\n\n\n<h2 class=\"wp-block-heading\">Fifth International Symposium on Biology of Decision Making, Paris, France, 11-13 May 2015<\/h2>\n\n\n\n<p>The fifth symposium on the biology of decision-making took place between Ecole Normale Sup\u00e9rieure, Institut du Cerveau et de la Moelle and Universit\u00e9 Pierre et Marie Curie in Paris, France on May 11-13th 2015. It was co-organised by Bastien Blain, Sacha Bourgeois-Gironde, Thomas Boraud, Kenji Doya, Mehdi Khamassi, Etienne Koechlin, Aliz\u00e9e Lopez-Persem, Marine Magne and Mathias Pessiglione. Invited speakers from different countries (USA, UK, Europe, Japan) presented different approaches (ethology, economical, neural and computational approaches) to decision making.<\/p>\n\n\n\n<p>More information here:&nbsp;<a href=\"http:\/\/sbdm2015.isir.upmc.fr\/\">http:\/\/sbdm2015.isir.upmc.fr\/<\/a><\/p>\n\n\n\n<h4 class=\"wp-block-heading\">NEWS<\/h4>\n\n\n\n<h2 class=\"wp-block-heading\">Associate Editor @ Frontiers in Neurorobotics, April 2015<\/h2>\n\n\n\n<p>I have joined the Editorial Board of the journal Frontiers in Neurorobotics as Associate Editor. The journal will obtain an impact factor which will be announcezd during the Summer 2015.<\/p>\n\n\n\n<p>More info here:&nbsp;<a href=\"http:\/\/www.frontiersin.org\/Neurorobotics\">http:\/\/www.frontiersin.org\/Neurorobotics<\/a><\/p>\n\n\n\n<h4 class=\"wp-block-heading\">NEWS<\/h4>\n\n\n\n<h2 class=\"wp-block-heading\">Florian Lesaint&rsquo;s PhD defense @ UPMC, 26 September 2014<\/h2>\n\n\n\n<p><a href=\"http:\/\/www.isir.upmc.fr\/?op=view_profil&amp;id=257\">Florian Lesaint<\/a>, Phd candidate that I co-supervised with&nbsp;<a href=\"https:\/\/www.isir.upmc.fr\/personnel\/sigaud\">Olivier Sigaud<\/a>&nbsp;at the&nbsp;<a href=\"https:\/\/www.edite-de-paris.fr\">EDITE doctoral school<\/a>&nbsp;and funded by the Ministry of Higher Education and Research, has obtained his thesis on September 26th 2014 at ISIR, UPMC. His thesis is entitled \u00ab\u00a0Modelling animal conditioning with factored representations in dual-learning systems &#8211; Explaining inter-individual differences at behavioural and neurophysiological levels\u00a0\u00bb can be&nbsp;<a href=\"http:\/\/www.isir.upmc.fr\/files\/2014THDR3207.pdf\">downloaded here in pdf<\/a>.<\/p>\n\n\n\n<h4 class=\"wp-block-heading\">NEWS<\/h4>\n\n\n\n<h2 class=\"wp-block-heading\">Fourth International Symposium on Biology of Decision Making, Paris, France, 26-28 May 2014<\/h2>\n\n\n\n<p>The fourth symposium on the biology of decision-making took place between Ecole Normale Sup\u00e9rieure, Institut du Cerveau et de la Moelle and Universit\u00e9 Pierre et Marie Curie in Paris, France. It has been co-organised by Sacha Bourgeois-Gironde, Thomas Boraud, Kenji Doya, Mehdi Khamassi, Etienne Koechlin, Aliz\u00e9e Lopez-Persem, Marine Magne, Mathias Pessiglione and Lionel Rigoux. Invited speakers from different countries (USA, UK, Europe, Japan) presented different approaches (ethology, economical, neural and computational approaches) to decision making.<\/p>\n\n\n\n<p>More information here:&nbsp;<a href=\"http:\/\/sbdm2014.isir.upmc.fr\/\">http:\/\/sbdm2014.isir.upmc.fr\/<\/a><\/p>\n\n\n\n<h4 class=\"wp-block-heading\">NEWS<\/h4>\n\n\n\n<h2 class=\"wp-block-heading\">HDR defense @ UPMC, 6 May 2014<\/h2>\n\n\n\n<p>I have defended my Habilitation to Direct Researches entitled \u00ab\u00a0Coordination of parallel learning processes in animals and robots\u00a0\u00bb on May 6th 2014 at ISIR, UPMC.<\/p>\n\n\n\n<p><a href=\"http:\/\/www.isir.upmc.fr\/files\/2014THDR3090.pdf\">Click here to download the pdf file of my HDR<\/a>.<\/p>\n\n\n\n<h4 class=\"wp-block-heading\">NEWS<\/h4>\n\n\n\n<h2 class=\"wp-block-heading\">Participation to the editorial board of Intellectica, January 2014<\/h2>\n\n\n\n<p>I have joined the editorial board of the Intellectica journal, which is concerned by the ensemble of disciplines interested in the study of cognition. Intellectica published theoretical work as well as original experimental work. It also publishes syntheses, research reports, critical notes and historical perspectives.<\/p>\n\n\n\n<p>More info here:&nbsp;<a href=\"http:\/\/intellectica.org\/en\/Home\/\">http:\/\/intellectica.org\/en\/Home\/<\/a><\/p>\n\n\n\n<h4 class=\"wp-block-heading\">NEWS<\/h4>\n\n\n\n<h2 class=\"wp-block-heading\">Invited Researcher at the Center for Mind\/Brain Sciences, University of Trento, Italy, 2014-2015<\/h2>\n\n\n\n<p>I have been invited researcher at the Center for Mind\/Brain Sciences, University of Trento, Italy, in 2014-2015. There I have mainly collaborated with&nbsp;<a href=\"http:\/\/r.unitn.it\/en\/cimec\/ldmg\/people\">Giorgio Coricelli<\/a>&nbsp;within the frame of his European ERC project \u00ab\u00a0Transfer Learning Between and Within Brains\u00a0\u00bb.<\/p>\n\n\n\n<h4 class=\"wp-block-heading\">NEWS<\/h4>\n\n\n\n<h2 class=\"wp-block-heading\">Third Symposium on Biology of Decision Making, Paris, France, 29-30 May 2013<\/h2>\n\n\n\n<p>The third symposium on the biology of decision-making took place at Institut du Cerveau et de la Moelle, in Paris, France. It was co-organised by Sacha Bourgeois-Gironde, Thomas Boraud, Kenji Doya, Mehdi Khamassi, Arnaud Lucas, Mathias Pessiglione, Aurore San-Galli and Vasilisa Skvortsova. Invited speakers from different countries (USA, UK, Europe, Japan) presented different approaches (ethology, economical, neural and computational approaches) to decision making.<\/p>\n\n\n\n<p>More information here:&nbsp;<a href=\"http:\/\/sbdm2013.isir.upmc.fr\/\">http:\/\/sbdm2013.isir.upmc.fr\/<\/a><\/p>\n\n\n\n<h4 class=\"wp-block-heading\">NEWS<\/h4>\n\n\n\n<h2 class=\"wp-block-heading\">Robotics and Neuroscience Days, ISIR, Paris, France, 29-30 November 2012<\/h2>\n\n\n\n<p>The&nbsp;<a href=\"http:\/\/www.gdr-robotique.org\/gt.php?id=9&amp;eng=1\">GT8 workgroup of the Robotics GDR<\/a>&nbsp;is organizing on November 29-30th two \u00ab\u00a0Robotics and Neuroscience\u00a0\u00bb days. These days will take place at ISIR, in Paris. The first day is co-organized with the&nbsp;<a href=\"http:\/\/www.neuromem.u-psud.fr\/eng\/\">GDR Neuroscience of Memory<\/a>&nbsp;and will have the following topics: Learning, conditioning and goal-directed behaviors. The second day is specific to the GDR Robotics but will also gather neurobiologists and roboticists around the topics: Attention and saccadic eye movements.<\/p>\n\n\n\n<p>Registration is free but mandatory by e-mail (see documents below).<\/p>\n\n\n\n<p><a href=\"http:\/\/chronos.isir.upmc.fr\/~khamassi\/events\/Journee1GDR_GT8_communeGDR_NeuroMem_2012.pdf\">Click here to download the program of Day 1 \u00ab\u00a0Learning, conditioning and goal-directed behaviors\u00a0\u00bb.<\/a><\/p>\n\n\n\n<p><a href=\"http:\/\/chronos.isir.upmc.fr\/~khamassi\/events\/Journee2GDR_GT8_2012.pdf\">Click here to download the program of Day 2 \u00ab\u00a0Attention and saccadic eye movements\u00a0\u00bb.<\/a><\/p>\n\n\n\n<h4 class=\"wp-block-heading\">NEWS<\/h4>\n\n\n\n<h2 class=\"wp-block-heading\">Best paper award to Jean Bellot at SAB 2012<\/h2>\n\n\n\n<p><a href=\"http:\/\/www.isir.upmc.fr\/?op=view_profil&amp;lang=fr&amp;id=257\">Bellot, J.&nbsp;<\/a>and&nbsp;<a href=\"http:\/\/www.isir.upmc.fr\/?op=view_profil&amp;lang=fr&amp;id=28\">Sigaud, O.<\/a>&nbsp;and&nbsp;<a href=\"http:\/\/www.isir.upmc.fr\/?op=view_profil&amp;lang=fr&amp;id=82\">Khamassi, M.<\/a>&nbsp;(2012).&nbsp;<em>Which Temporal Difference Learning algorithm best reproduces dopamine activity in a multi-choice task?<\/em>&nbsp;SAB 2012 Conference.<\/p>\n\n\n\n<p><a href=\"http:\/\/www.isir.upmc.fr\/files\/2012ACTI2399.pdf\">Download the pdf<\/a><\/p>\n\n\n\n<h4 class=\"wp-block-heading\">NEWS<\/h4>\n\n\n\n<h2 class=\"wp-block-heading\">Second Symposium on Biology of Decision Making, Paris, France, 10-11 May 2012<\/h2>\n\n\n\n<p>The second symposium on the biology of decision making took place at Institut du Cerveau et de la Moelle, in Paris, France. It was co-organised by ISIR-UPMC. Kenji Doya gave a plenary lecture as an invited professor at Universit\u00e9 Pierre et Marie Curie. Other invited speakers presented different approaches (economical, behavioral, neural and computational approaches) to decision making.<\/p>\n\n\n\n<p>More information here:&nbsp;<a href=\"http:\/\/sbdm2012.isir.upmc.fr\/\">http:\/\/sbdm2012.isir.upmc.fr\/<\/a><\/p>\n","protected":false},"excerpt":{"rendered":"<p>NEWS FORTHCOMING: Elisa Massi&rsquo;s PhD defense @ Sorbonne Universit\u00e9, 31 March 2023 Elisa Massi, PhD candidate that I co-supervised with Beno\u00eet Girard&nbsp;at Ecole Doctorale Cerveau Cognition Comportement, is about to defend her thesis on 31 March 2023 at Sorbonne Universit\u00e9. Her thesis is entitled&nbsp;\u00ab\u00a0Modeling hippocampal replay in spatial navigation with reinforcement learning: a neuroscientific and [&hellip;]<\/p>\n","protected":false},"author":28,"featured_media":4645,"parent":0,"menu_order":0,"comment_status":"closed","ping_status":"closed","template":"","meta":{"footnotes":""},"class_list":["post-4623","page","type-page","status-publish","has-post-thumbnail","hentry"],"_links":{"self":[{"href":"https:\/\/pages.isir.upmc.fr\/mkhamassi\/wp-json\/wp\/v2\/pages\/4623","targetHints":{"allow":["GET"]}}],"collection":[{"href":"https:\/\/pages.isir.upmc.fr\/mkhamassi\/wp-json\/wp\/v2\/pages"}],"about":[{"href":"https:\/\/pages.isir.upmc.fr\/mkhamassi\/wp-json\/wp\/v2\/types\/page"}],"author":[{"embeddable":true,"href":"https:\/\/pages.isir.upmc.fr\/mkhamassi\/wp-json\/wp\/v2\/users\/28"}],"replies":[{"embeddable":true,"href":"https:\/\/pages.isir.upmc.fr\/mkhamassi\/wp-json\/wp\/v2\/comments?post=4623"}],"version-history":[{"count":11,"href":"https:\/\/pages.isir.upmc.fr\/mkhamassi\/wp-json\/wp\/v2\/pages\/4623\/revisions"}],"predecessor-version":[{"id":5173,"href":"https:\/\/pages.isir.upmc.fr\/mkhamassi\/wp-json\/wp\/v2\/pages\/4623\/revisions\/5173"}],"wp:featuredmedia":[{"embeddable":true,"href":"https:\/\/pages.isir.upmc.fr\/mkhamassi\/wp-json\/wp\/v2\/media\/4645"}],"wp:attachment":[{"href":"https:\/\/pages.isir.upmc.fr\/mkhamassi\/wp-json\/wp\/v2\/media?parent=4623"}],"curies":[{"name":"wp","href":"https:\/\/api.w.org\/{rel}","templated":true}]}}