{"id":4721,"date":"2020-12-17T19:16:06","date_gmt":"2020-12-17T18:16:06","guid":{"rendered":"https:\/\/pages2.isir.upmc.fr\/mkhamassi\/?page_id=4721"},"modified":"2021-07-05T12:40:00","modified_gmt":"2021-07-05T10:40:00","slug":"article-4","status":"publish","type":"page","link":"https:\/\/pages.isir.upmc.fr\/mkhamassi\/blog\/article-4\/","title":{"rendered":"Tribune Le Monde du 26\/06\/2012 \u00ab\u00a0La publicit\u00e9 peut avoir des effets nocifs sur la soci\u00e9t\u00e9\u00a0\u00bb"},"content":{"rendered":"\n<p>(Photo : LeMonde.fr)<\/p>\n\n\n\n<p>Cliquer pour acc\u00e9der \u00e0 la tribune : <a rel=\"noreferrer noopener\" href=\"https:\/\/www.lemonde.fr\/idees\/article\/2012\/06\/26\/la-publicite-peut-avoir-des-effets-nocifs-sur-la-societe_1724489_3232.html\" data-type=\"URL\" data-id=\"https:\/\/www.lemonde.fr\/idees\/article\/2012\/06\/26\/la-publicite-peut-avoir-des-effets-nocifs-sur-la-societe_1724489_3232.html\" target=\"_blank\">la publicit\u00e9 peut avoir des effets nocifs sur la soci\u00e9t\u00e9<\/a>.<\/p>\n","protected":false},"excerpt":{"rendered":"<p>(Photo : LeMonde.fr) Cliquer pour acc\u00e9der \u00e0 la tribune : la publicit\u00e9 peut avoir des effets nocifs sur la soci\u00e9t\u00e9.<\/p>\n","protected":false},"author":28,"featured_media":4814,"parent":4450,"menu_order":0,"comment_status":"closed","ping_status":"closed","template":"","meta":{"footnotes":""},"class_list":["post-4721","page","type-page","status-publish","has-post-thumbnail","hentry"],"_links":{"self":[{"href":"https:\/\/pages.isir.upmc.fr\/mkhamassi\/wp-json\/wp\/v2\/pages\/4721","targetHints":{"allow":["GET"]}}],"collection":[{"href":"https:\/\/pages.isir.upmc.fr\/mkhamassi\/wp-json\/wp\/v2\/pages"}],"about":[{"href":"https:\/\/pages.isir.upmc.fr\/mkhamassi\/wp-json\/wp\/v2\/types\/page"}],"author":[{"embeddable":true,"href":"https:\/\/pages.isir.upmc.fr\/mkhamassi\/wp-json\/wp\/v2\/users\/28"}],"replies":[{"embeddable":true,"href":"https:\/\/pages.isir.upmc.fr\/mkhamassi\/wp-json\/wp\/v2\/comments?post=4721"}],"version-history":[{"count":3,"href":"https:\/\/pages.isir.upmc.fr\/mkhamassi\/wp-json\/wp\/v2\/pages\/4721\/revisions"}],"predecessor-version":[{"id":4816,"href":"https:\/\/pages.isir.upmc.fr\/mkhamassi\/wp-json\/wp\/v2\/pages\/4721\/revisions\/4816"}],"up":[{"embeddable":true,"href":"https:\/\/pages.isir.upmc.fr\/mkhamassi\/wp-json\/wp\/v2\/pages\/4450"}],"wp:featuredmedia":[{"embeddable":true,"href":"https:\/\/pages.isir.upmc.fr\/mkhamassi\/wp-json\/wp\/v2\/media\/4814"}],"wp:attachment":[{"href":"https:\/\/pages.isir.upmc.fr\/mkhamassi\/wp-json\/wp\/v2\/media?parent=4721"}],"curies":[{"name":"wp","href":"https:\/\/api.w.org\/{rel}","templated":true}]}}