{"id":4796,"date":"2021-07-05T12:03:48","date_gmt":"2021-07-05T10:03:48","guid":{"rendered":"https:\/\/pages2.isir.upmc.fr\/mkhamassi\/?page_id=4796"},"modified":"2021-07-05T13:03:26","modified_gmt":"2021-07-05T11:03:26","slug":"conference-sur-cerveau-ia-au-forum-des-sciences-cognitives-14-04-2021","status":"publish","type":"page","link":"https:\/\/pages.isir.upmc.fr\/mkhamassi\/conference-sur-cerveau-ia-au-forum-des-sciences-cognitives-14-04-2021\/","title":{"rendered":"Conf\u00e9rence sur \u00ab\u00a0Cerveau &amp; IA\u00a0\u00bb au Forum des Sciences Cognitives 14\/04\/2021"},"content":{"rendered":"\n<p>Merci \u00e0 Romy Beaut\u00e9 et \u00e0 toute l&rsquo;\u00e9quipe de Cognivence organisatrice du FSC 2021.<\/p>\n\n\n\n<figure class=\"wp-block-embed is-type-video is-provider-youtube wp-block-embed-youtube wp-embed-aspect-16-9 wp-has-aspect-ratio\"><div class=\"wp-block-embed__wrapper\">\n<iframe loading=\"lazy\" title=\"FSC2021 - Cerveau &amp; IA par Mehdi Khamassi\" width=\"500\" height=\"281\" src=\"https:\/\/www.youtube.com\/embed\/FJU5np_fl2A?feature=oembed\" frameborder=\"0\" allow=\"accelerometer; autoplay; clipboard-write; encrypted-media; gyroscope; picture-in-picture; web-share\" referrerpolicy=\"strict-origin-when-cross-origin\" allowfullscreen><\/iframe>\n<\/div><\/figure>\n","protected":false},"excerpt":{"rendered":"<p>Merci \u00e0 Romy Beaut\u00e9 et \u00e0 toute l&rsquo;\u00e9quipe de Cognivence organisatrice du FSC 2021.<\/p>\n","protected":false},"author":28,"featured_media":4810,"parent":0,"menu_order":0,"comment_status":"closed","ping_status":"closed","template":"","meta":{"footnotes":""},"class_list":["post-4796","page","type-page","status-publish","has-post-thumbnail","hentry"],"_links":{"self":[{"href":"https:\/\/pages.isir.upmc.fr\/mkhamassi\/wp-json\/wp\/v2\/pages\/4796","targetHints":{"allow":["GET"]}}],"collection":[{"href":"https:\/\/pages.isir.upmc.fr\/mkhamassi\/wp-json\/wp\/v2\/pages"}],"about":[{"href":"https:\/\/pages.isir.upmc.fr\/mkhamassi\/wp-json\/wp\/v2\/types\/page"}],"author":[{"embeddable":true,"href":"https:\/\/pages.isir.upmc.fr\/mkhamassi\/wp-json\/wp\/v2\/users\/28"}],"replies":[{"embeddable":true,"href":"https:\/\/pages.isir.upmc.fr\/mkhamassi\/wp-json\/wp\/v2\/comments?post=4796"}],"version-history":[{"count":2,"href":"https:\/\/pages.isir.upmc.fr\/mkhamassi\/wp-json\/wp\/v2\/pages\/4796\/revisions"}],"predecessor-version":[{"id":4837,"href":"https:\/\/pages.isir.upmc.fr\/mkhamassi\/wp-json\/wp\/v2\/pages\/4796\/revisions\/4837"}],"wp:featuredmedia":[{"embeddable":true,"href":"https:\/\/pages.isir.upmc.fr\/mkhamassi\/wp-json\/wp\/v2\/media\/4810"}],"wp:attachment":[{"href":"https:\/\/pages.isir.upmc.fr\/mkhamassi\/wp-json\/wp\/v2\/media?parent=4796"}],"curies":[{"name":"wp","href":"https:\/\/api.w.org\/{rel}","templated":true}]}}