{"id":4817,"date":"2021-07-05T12:43:04","date_gmt":"2021-07-05T10:43:04","guid":{"rendered":"https:\/\/pages2.isir.upmc.fr\/mkhamassi\/?page_id=4817"},"modified":"2021-07-05T13:02:47","modified_gmt":"2021-07-05T11:02:47","slug":"capsule-comportemantale-decider-dans-lincertitude-du-26-06-2020","status":"publish","type":"page","link":"https:\/\/pages.isir.upmc.fr\/mkhamassi\/capsule-comportemantale-decider-dans-lincertitude-du-26-06-2020\/","title":{"rendered":"Capsule comportementale \u00ab\u00a0D\u00e9cider dans l&rsquo;incertitude\u00a0\u00bb du 26\/06\/2020"},"content":{"rendered":"\n<p>Organis\u00e9 par Camille Lakhlifi pour la Direction Interminist\u00e9rielle pour la Transformation Publique.<\/p>\n\n\n\n<p>(Illustration par St\u00e9phan Giraud pour la DITP)<\/p>\n\n\n\n<figure class=\"wp-block-embed is-type-video is-provider-youtube wp-block-embed-youtube wp-embed-aspect-16-9 wp-has-aspect-ratio\"><div class=\"wp-block-embed__wrapper\">\n<iframe loading=\"lazy\" title=\"Capsule comportementale #6 : D\u00e9cider dans l\u2019incertitude\" width=\"500\" height=\"281\" src=\"https:\/\/www.youtube.com\/embed\/yb7BGG3rI0A?feature=oembed\" frameborder=\"0\" allow=\"accelerometer; autoplay; clipboard-write; encrypted-media; gyroscope; picture-in-picture; web-share\" referrerpolicy=\"strict-origin-when-cross-origin\" allowfullscreen><\/iframe>\n<\/div><\/figure>\n","protected":false},"excerpt":{"rendered":"<p>Organis\u00e9 par Camille Lakhlifi pour la Direction Interminist\u00e9rielle pour la Transformation Publique. (Illustration par St\u00e9phan Giraud pour la DITP)<\/p>\n","protected":false},"author":28,"featured_media":4820,"parent":0,"menu_order":0,"comment_status":"closed","ping_status":"closed","template":"","meta":{"footnotes":""},"class_list":["post-4817","page","type-page","status-publish","has-post-thumbnail","hentry"],"_links":{"self":[{"href":"https:\/\/pages.isir.upmc.fr\/mkhamassi\/wp-json\/wp\/v2\/pages\/4817","targetHints":{"allow":["GET"]}}],"collection":[{"href":"https:\/\/pages.isir.upmc.fr\/mkhamassi\/wp-json\/wp\/v2\/pages"}],"about":[{"href":"https:\/\/pages.isir.upmc.fr\/mkhamassi\/wp-json\/wp\/v2\/types\/page"}],"author":[{"embeddable":true,"href":"https:\/\/pages.isir.upmc.fr\/mkhamassi\/wp-json\/wp\/v2\/users\/28"}],"replies":[{"embeddable":true,"href":"https:\/\/pages.isir.upmc.fr\/mkhamassi\/wp-json\/wp\/v2\/comments?post=4817"}],"version-history":[{"count":5,"href":"https:\/\/pages.isir.upmc.fr\/mkhamassi\/wp-json\/wp\/v2\/pages\/4817\/revisions"}],"predecessor-version":[{"id":4836,"href":"https:\/\/pages.isir.upmc.fr\/mkhamassi\/wp-json\/wp\/v2\/pages\/4817\/revisions\/4836"}],"wp:featuredmedia":[{"embeddable":true,"href":"https:\/\/pages.isir.upmc.fr\/mkhamassi\/wp-json\/wp\/v2\/media\/4820"}],"wp:attachment":[{"href":"https:\/\/pages.isir.upmc.fr\/mkhamassi\/wp-json\/wp\/v2\/media?parent=4817"}],"curies":[{"name":"wp","href":"https:\/\/api.w.org\/{rel}","templated":true}]}}