{"id":4824,"date":"2021-07-05T12:48:15","date_gmt":"2021-07-05T10:48:15","guid":{"rendered":"https:\/\/pages2.isir.upmc.fr\/mkhamassi\/?page_id=4824"},"modified":"2021-07-05T13:07:37","modified_gmt":"2021-07-05T11:07:37","slug":"article-tesaco-02-06-2021-ethique-ia-et-robotique","status":"publish","type":"page","link":"https:\/\/pages.isir.upmc.fr\/mkhamassi\/article-tesaco-02-06-2021-ethique-ia-et-robotique\/","title":{"rendered":"Article TESaCo 02\/06\/2021 \u00ab\u00a0\u00c9thique IA et Robotique\u00a0\u00bb"},"content":{"rendered":"\n<p>(Illustration par Margaux Berrettoni pour TESaCo)<\/p>\n\n\n\n<p>Article publi\u00e9 dans les Cahiers n\u00b02 de TESaCo (Technologies \u00c9mergentes et Sagesse Collective), pilot\u00e9s par Daniel Andler pour l&rsquo;Acad\u00e9mie des Sciences Morales et Politiques.<\/p>\n\n\n\n<p>Cliquer sur le lien suivant pour lire l&rsquo;article : <a rel=\"noreferrer noopener\" href=\"https:\/\/www.tesaco.fr\/les-cahiers-de-tesaco-\u00b7-n2\/\" target=\"_blank\"><strong>Quelques questions \u00e9thiques autour du d\u00e9veloppement de l\u2019autonomie d\u00e9cisionnelle en intelligence artificielle et en robotique<\/strong><\/a>.<\/p>\n","protected":false},"excerpt":{"rendered":"<p>(Illustration par Margaux Berrettoni pour TESaCo) Article publi\u00e9 dans les Cahiers n\u00b02 de TESaCo (Technologies \u00c9mergentes et Sagesse Collective), pilot\u00e9s par Daniel Andler pour l&rsquo;Acad\u00e9mie des Sciences Morales et Politiques. Cliquer sur le lien suivant pour lire l&rsquo;article : Quelques questions \u00e9thiques autour du d\u00e9veloppement de l\u2019autonomie d\u00e9cisionnelle en intelligence artificielle et en robotique.<\/p>\n","protected":false},"author":28,"featured_media":4826,"parent":0,"menu_order":0,"comment_status":"closed","ping_status":"closed","template":"","meta":{"footnotes":""},"class_list":["post-4824","page","type-page","status-publish","has-post-thumbnail","hentry"],"_links":{"self":[{"href":"https:\/\/pages.isir.upmc.fr\/mkhamassi\/wp-json\/wp\/v2\/pages\/4824","targetHints":{"allow":["GET"]}}],"collection":[{"href":"https:\/\/pages.isir.upmc.fr\/mkhamassi\/wp-json\/wp\/v2\/pages"}],"about":[{"href":"https:\/\/pages.isir.upmc.fr\/mkhamassi\/wp-json\/wp\/v2\/types\/page"}],"author":[{"embeddable":true,"href":"https:\/\/pages.isir.upmc.fr\/mkhamassi\/wp-json\/wp\/v2\/users\/28"}],"replies":[{"embeddable":true,"href":"https:\/\/pages.isir.upmc.fr\/mkhamassi\/wp-json\/wp\/v2\/comments?post=4824"}],"version-history":[{"count":2,"href":"https:\/\/pages.isir.upmc.fr\/mkhamassi\/wp-json\/wp\/v2\/pages\/4824\/revisions"}],"predecessor-version":[{"id":4829,"href":"https:\/\/pages.isir.upmc.fr\/mkhamassi\/wp-json\/wp\/v2\/pages\/4824\/revisions\/4829"}],"wp:featuredmedia":[{"embeddable":true,"href":"https:\/\/pages.isir.upmc.fr\/mkhamassi\/wp-json\/wp\/v2\/media\/4826"}],"wp:attachment":[{"href":"https:\/\/pages.isir.upmc.fr\/mkhamassi\/wp-json\/wp\/v2\/media?parent=4824"}],"curies":[{"name":"wp","href":"https:\/\/api.w.org\/{rel}","templated":true}]}}