{"id":4830,"date":"2021-07-05T12:54:16","date_gmt":"2021-07-05T10:54:16","guid":{"rendered":"https:\/\/pages2.isir.upmc.fr\/mkhamassi\/?page_id=4830"},"modified":"2021-07-05T13:20:30","modified_gmt":"2021-07-05T11:20:30","slug":"conference-sorbonne-universite-01-02-2019-il-etait-une-fois-demain","status":"publish","type":"page","link":"https:\/\/pages.isir.upmc.fr\/mkhamassi\/conference-sorbonne-universite-01-02-2019-il-etait-une-fois-demain\/","title":{"rendered":"Conf\u00e9rence Sorbonne Universit\u00e9 01\/02\/2019 \u00ab\u00a0Il \u00e9tait une fois demain\u00a0\u00bb"},"content":{"rendered":"\n<p>Conf\u00e9rence courte + table ronde organis\u00e9e par Sorbonne Universit\u00e9 sur \u00ab\u00a0Les intelligences articielles\u00a0\u00bb dans le cadre du cycle \u00ab\u00a0Il \u00e9tait une fois demain\u00a0\u00bb.<\/p>\n\n\n\n<figure class=\"wp-block-embed is-type-video is-provider-youtube wp-block-embed-youtube wp-embed-aspect-16-9 wp-has-aspect-ratio\"><div class=\"wp-block-embed__wrapper\">\n<iframe loading=\"lazy\" title=\"Mehdi Khamassi &amp; l\u2019\u00e9ducation \u00e0 l\u2019esprit critique\" width=\"500\" height=\"281\" src=\"https:\/\/www.youtube.com\/embed\/W3QxS1ZgF3Y?feature=oembed\" frameborder=\"0\" allow=\"accelerometer; autoplay; clipboard-write; encrypted-media; gyroscope; picture-in-picture; web-share\" referrerpolicy=\"strict-origin-when-cross-origin\" allowfullscreen><\/iframe>\n<\/div><\/figure>\n","protected":false},"excerpt":{"rendered":"<p>Conf\u00e9rence courte + table ronde organis\u00e9e par Sorbonne Universit\u00e9 sur \u00ab\u00a0Les intelligences articielles\u00a0\u00bb dans le cadre du cycle \u00ab\u00a0Il \u00e9tait une fois demain\u00a0\u00bb.<\/p>\n","protected":false},"author":28,"featured_media":4849,"parent":0,"menu_order":0,"comment_status":"closed","ping_status":"closed","template":"","meta":{"footnotes":""},"class_list":["post-4830","page","type-page","status-publish","has-post-thumbnail","hentry"],"_links":{"self":[{"href":"https:\/\/pages.isir.upmc.fr\/mkhamassi\/wp-json\/wp\/v2\/pages\/4830","targetHints":{"allow":["GET"]}}],"collection":[{"href":"https:\/\/pages.isir.upmc.fr\/mkhamassi\/wp-json\/wp\/v2\/pages"}],"about":[{"href":"https:\/\/pages.isir.upmc.fr\/mkhamassi\/wp-json\/wp\/v2\/types\/page"}],"author":[{"embeddable":true,"href":"https:\/\/pages.isir.upmc.fr\/mkhamassi\/wp-json\/wp\/v2\/users\/28"}],"replies":[{"embeddable":true,"href":"https:\/\/pages.isir.upmc.fr\/mkhamassi\/wp-json\/wp\/v2\/comments?post=4830"}],"version-history":[{"count":1,"href":"https:\/\/pages.isir.upmc.fr\/mkhamassi\/wp-json\/wp\/v2\/pages\/4830\/revisions"}],"predecessor-version":[{"id":4831,"href":"https:\/\/pages.isir.upmc.fr\/mkhamassi\/wp-json\/wp\/v2\/pages\/4830\/revisions\/4831"}],"wp:featuredmedia":[{"embeddable":true,"href":"https:\/\/pages.isir.upmc.fr\/mkhamassi\/wp-json\/wp\/v2\/media\/4849"}],"wp:attachment":[{"href":"https:\/\/pages.isir.upmc.fr\/mkhamassi\/wp-json\/wp\/v2\/media?parent=4830"}],"curies":[{"name":"wp","href":"https:\/\/api.w.org\/{rel}","templated":true}]}}