{"id":4838,"date":"2021-07-05T13:07:55","date_gmt":"2021-07-05T11:07:55","guid":{"rendered":"https:\/\/pages2.isir.upmc.fr\/mkhamassi\/?page_id=4838"},"modified":"2021-07-05T13:12:26","modified_gmt":"2021-07-05T11:12:26","slug":"atelier-video-du-27-03-2021-candidater-a-un-projet-de-these","status":"publish","type":"page","link":"https:\/\/pages.isir.upmc.fr\/mkhamassi\/atelier-video-du-27-03-2021-candidater-a-un-projet-de-these\/","title":{"rendered":"Atelier en visio du 27\/03\/2021 \u00ab\u00a0Candidater \u00e0 un projet de th\u00e8se\u00a0\u00bb"},"content":{"rendered":"\n<p>Atelier organis\u00e9 par la <a href=\"https:\/\/federationfresco.fr\/\">FRESCO<\/a> (F\u00e9d\u00e9ration fran\u00e7aise des sciences de la cognition) et co-anim\u00e9 avec Camille Lakhlifi.<\/p>\n\n\n\n<figure class=\"wp-block-embed is-type-video is-provider-youtube wp-block-embed-youtube wp-embed-aspect-16-9 wp-has-aspect-ratio\"><div class=\"wp-block-embed__wrapper\">\n<iframe loading=\"lazy\" title=\"CANDIDATER A UNE THESE Avec Mehdi Khamassi et Camille Lakhlifi | WEPASCO 2021\" width=\"500\" height=\"281\" src=\"https:\/\/www.youtube.com\/embed\/Gs1r1aOqp4s?feature=oembed\" frameborder=\"0\" allow=\"accelerometer; autoplay; clipboard-write; encrypted-media; gyroscope; picture-in-picture; web-share\" referrerpolicy=\"strict-origin-when-cross-origin\" allowfullscreen><\/iframe>\n<\/div><\/figure>\n","protected":false},"excerpt":{"rendered":"<p>Atelier organis\u00e9 par la FRESCO (F\u00e9d\u00e9ration fran\u00e7aise des sciences de la cognition) et co-anim\u00e9 avec Camille Lakhlifi.<\/p>\n","protected":false},"author":28,"featured_media":4844,"parent":0,"menu_order":0,"comment_status":"closed","ping_status":"closed","template":"","meta":{"footnotes":""},"class_list":["post-4838","page","type-page","status-publish","has-post-thumbnail","hentry"],"_links":{"self":[{"href":"https:\/\/pages.isir.upmc.fr\/mkhamassi\/wp-json\/wp\/v2\/pages\/4838","targetHints":{"allow":["GET"]}}],"collection":[{"href":"https:\/\/pages.isir.upmc.fr\/mkhamassi\/wp-json\/wp\/v2\/pages"}],"about":[{"href":"https:\/\/pages.isir.upmc.fr\/mkhamassi\/wp-json\/wp\/v2\/types\/page"}],"author":[{"embeddable":true,"href":"https:\/\/pages.isir.upmc.fr\/mkhamassi\/wp-json\/wp\/v2\/users\/28"}],"replies":[{"embeddable":true,"href":"https:\/\/pages.isir.upmc.fr\/mkhamassi\/wp-json\/wp\/v2\/comments?post=4838"}],"version-history":[{"count":2,"href":"https:\/\/pages.isir.upmc.fr\/mkhamassi\/wp-json\/wp\/v2\/pages\/4838\/revisions"}],"predecessor-version":[{"id":4846,"href":"https:\/\/pages.isir.upmc.fr\/mkhamassi\/wp-json\/wp\/v2\/pages\/4838\/revisions\/4846"}],"wp:featuredmedia":[{"embeddable":true,"href":"https:\/\/pages.isir.upmc.fr\/mkhamassi\/wp-json\/wp\/v2\/media\/4844"}],"wp:attachment":[{"href":"https:\/\/pages.isir.upmc.fr\/mkhamassi\/wp-json\/wp\/v2\/media?parent=4838"}],"curies":[{"name":"wp","href":"https:\/\/api.w.org\/{rel}","templated":true}]}}