{"id":5000,"date":"2023-01-10T11:09:03","date_gmt":"2023-01-10T10:09:03","guid":{"rendered":"https:\/\/pages.isir.upmc.fr\/mkhamassi\/?page_id=5000"},"modified":"2023-06-19T09:48:24","modified_gmt":"2023-06-19T07:48:24","slug":"cycle-dauditions-sur-lia-pour-tesaco-2022","status":"publish","type":"page","link":"https:\/\/pages.isir.upmc.fr\/mkhamassi\/cycle-dauditions-sur-lia-pour-tesaco-2022\/","title":{"rendered":"Cycle d&rsquo;auditions sur l&rsquo;IA pour TESaCo 2022"},"content":{"rendered":"\n<p>(Illustration par Margaux Berrettoni pour TESaCo)<\/p>\n\n\n\n<p>Cycle d&rsquo;auditions sur l&rsquo;IA et la Robotique, r\u00e9alis\u00e9es de 2021 \u00e0 2023 pour le projet TESaCo (Technologies \u00c9mergentes et Sagesse Collective), pilot\u00e9 par Daniel Andler pour l&rsquo;Acad\u00e9mie des Sciences Morales et Politiques.<\/p>\n\n\n\n<p>Lien vers la page de pr\u00e9sentation d&rsquo;ensemble : <a rel=\"noreferrer noopener\" href=\"https:\/\/www.tesaco.fr\/231159-2\/\" target=\"_blank\"><strong>Cycle d&rsquo;auditions TESaCo sur l&rsquo;IA<\/strong><\/a>.<\/p>\n\n\n\n<p>Voici les liens vid\u00e9os vers chacune des auditions :<\/p>\n\n\n\n<h2 class=\"wp-block-heading\"><strong>Audition de Raja Chatila en quatre parties<\/strong><\/h2>\n\n\n\n<p><a href=\"https:\/\/www.tesaco.fr\/audition-raja-chatila-partie-1\/\">Partie 1<\/a><\/p>\n\n\n\n<ul class=\"wp-block-list\">\n<li>Les m\u00eames questions d\u2019\u00e9thiques se posent-elles pour l\u2019IA et la Robotique ?<\/li>\n\n\n\n<li>Aux origines de l\u2019IA et de la robotique<\/li>\n\n\n\n<li>Retour \u00e0 la question de l\u2019\u00e9thique<\/li>\n\n\n\n<li>Liens avec la cognition incarn\u00e9e en sciences cognitives<\/li>\n\n\n\n<li>Non pas une IA mais des IA<\/li>\n\n\n\n<li>Interpr\u00e9tation du monde par une IA forte<\/li>\n\n\n\n<li>Diff\u00e9rences avec le cerveau humain<\/li>\n\n\n\n<li>Quelle \u00e9ch\u00e9ance pour une super intelligence ?<\/li>\n<\/ul>\n\n\n\n<p><a href=\"https:\/\/www.tesaco.fr\/audition-de-raja-chatila-partie-2-action-conjointe-entre-un-robot-et-un-humain\/\">Partie 2<\/a><\/p>\n\n\n\n<ul class=\"wp-block-list\">\n<li>Action conjointe entre un robot et un humain<\/li>\n\n\n\n<li>Lien avec les architectures cognitives humaines<\/li>\n\n\n\n<li>Le cerveau humain et les robots suspendent-ils la t\u00e2che en cours de la m\u00eame mani\u00e8re ?<\/li>\n\n\n\n<li>Vers une IA autonome ou plut\u00f4t un attelage humain-machine ?<\/li>\n<\/ul>\n\n\n\n<p><em>Partie 3 \u00e0 venir.\u00a0<\/em><\/p>\n\n\n\n<p><\/p>\n\n\n\n<h2 class=\"wp-block-heading\"><strong>Audition de Jean-Gabriel Ganascia en quatre parties<\/strong><\/h2>\n\n\n\n<p><a href=\"https:\/\/www.tesaco.fr\/audition-jean-gabriel-ganascia-partie-1\/\">Partie 1<\/a><\/p>\n\n\n\n<ul class=\"wp-block-list\">\n<li>Historique et \u00e9volution de l\u2019Intelligence Artificielle<\/li>\n\n\n\n<li>Place centrale de l\u2019apprentissage en IA&nbsp;<\/li>\n\n\n\n<li>Jusqu\u2019o\u00f9 va l\u2019opposition entre les approches symboliques et et l\u2019apprentissage statistique ?<\/li>\n\n\n\n<li>Symbolisme, explications et argumentation&nbsp;<\/li>\n<\/ul>\n\n\n\n<p><a href=\"https:\/\/www.tesaco.fr\/audition-jean-gabriel-ganascia-partie-2\/\" target=\"_blank\" rel=\"noreferrer noopener\">Partie 2<\/a><\/p>\n\n\n\n<ul class=\"wp-block-list\">\n<li>La notion d\u2019IA forte a-t-elle un sens ?<a href=\"https:\/\/www.tesaco.fr\/audition-jean-gabriel-ganascia-partie-2\/\"><\/a><\/li>\n\n\n\n<li>Quand les succ\u00e8s de l\u2019IA marquent son \u00e9loignement des mod\u00e8les de la cognition humaine, est-ce un \u00e9chec ?<\/li>\n\n\n\n<li>Retour sur les premiers travaux d\u2019Alain Turing<\/li>\n\n\n\n<li>Focus sur le jeu d\u2019\u00e9checs<\/li>\n<\/ul>\n\n\n\n<p><a href=\"https:\/\/www.tesaco.fr\/audition-jean-gabriel-ganascia-partie-3\/\">Partie 3<\/a><\/p>\n\n\n\n<ul class=\"wp-block-list\">\n<li>Quelle forme d\u2019autonomie peuvent atteindre les syst\u00e8mes artificiels ?&nbsp;&nbsp;<\/li>\n\n\n\n<li>Implications soci\u00e9tales des discours annon\u00e7ant la singularit\u00e9&nbsp;<\/li>\n\n\n\n<li>Difficult\u00e9 \u00e0 publier en anglais une critique de la singularit\u00e9<\/li>\n\n\n\n<li>Ces th\u00e9ories de la singularit\u00e9 viennent de la science-fiction<\/li>\n<\/ul>\n\n\n\n<p><a href=\"https:\/\/www.tesaco.fr\/audition-jean-gabriel-ganascia-partie-4\/\">Partie 4<\/a><\/p>\n\n\n\n<ul class=\"wp-block-list\">\n<li>Sommes-nous dans un processus d\u2019intelligence collective sur l\u2019IA ?<\/li>\n\n\n\n<li>Les comit\u00e9s d\u2019\u00e9thique sur l\u2019IA<\/li>\n\n\n\n<li>Discussions au Parlement europ\u00e9en<\/li>\n\n\n\n<li>Une strat\u00e9gie europ\u00e9enne sur l\u2019IA ?&nbsp;<\/li>\n\n\n\n<li>Questionnements \u00e9thiques du chercheur en IA<\/li>\n\n\n\n<li>Vers une IA \u00e9thique et bienfaisante ?<\/li>\n<\/ul>\n","protected":false},"excerpt":{"rendered":"<p>(Illustration par Margaux Berrettoni pour TESaCo) Cycle d&rsquo;auditions sur l&rsquo;IA et la Robotique, r\u00e9alis\u00e9es de 2021 \u00e0 2023 pour le projet TESaCo (Technologies \u00c9mergentes et Sagesse Collective), pilot\u00e9 par Daniel Andler pour l&rsquo;Acad\u00e9mie des Sciences Morales et Politiques. Lien vers la page de pr\u00e9sentation d&rsquo;ensemble : Cycle d&rsquo;auditions TESaCo sur l&rsquo;IA. Voici les liens vid\u00e9os [&hellip;]<\/p>\n","protected":false},"author":28,"featured_media":5001,"parent":0,"menu_order":0,"comment_status":"closed","ping_status":"closed","template":"","meta":{"footnotes":""},"class_list":["post-5000","page","type-page","status-publish","has-post-thumbnail","hentry"],"_links":{"self":[{"href":"https:\/\/pages.isir.upmc.fr\/mkhamassi\/wp-json\/wp\/v2\/pages\/5000","targetHints":{"allow":["GET"]}}],"collection":[{"href":"https:\/\/pages.isir.upmc.fr\/mkhamassi\/wp-json\/wp\/v2\/pages"}],"about":[{"href":"https:\/\/pages.isir.upmc.fr\/mkhamassi\/wp-json\/wp\/v2\/types\/page"}],"author":[{"embeddable":true,"href":"https:\/\/pages.isir.upmc.fr\/mkhamassi\/wp-json\/wp\/v2\/users\/28"}],"replies":[{"embeddable":true,"href":"https:\/\/pages.isir.upmc.fr\/mkhamassi\/wp-json\/wp\/v2\/comments?post=5000"}],"version-history":[{"count":4,"href":"https:\/\/pages.isir.upmc.fr\/mkhamassi\/wp-json\/wp\/v2\/pages\/5000\/revisions"}],"predecessor-version":[{"id":5169,"href":"https:\/\/pages.isir.upmc.fr\/mkhamassi\/wp-json\/wp\/v2\/pages\/5000\/revisions\/5169"}],"wp:featuredmedia":[{"embeddable":true,"href":"https:\/\/pages.isir.upmc.fr\/mkhamassi\/wp-json\/wp\/v2\/media\/5001"}],"wp:attachment":[{"href":"https:\/\/pages.isir.upmc.fr\/mkhamassi\/wp-json\/wp\/v2\/media?parent=5000"}],"curies":[{"name":"wp","href":"https:\/\/api.w.org\/{rel}","templated":true}]}}