{"id":5013,"date":"2023-01-10T11:19:18","date_gmt":"2023-01-10T10:19:18","guid":{"rendered":"https:\/\/pages.isir.upmc.fr\/mkhamassi\/?page_id=5013"},"modified":"2023-01-10T11:19:48","modified_gmt":"2023-01-10T10:19:48","slug":"tribune-du-blog-binaire-sur-lemonde-fr-13-01-2023","status":"publish","type":"page","link":"https:\/\/pages.isir.upmc.fr\/mkhamassi\/tribune-du-blog-binaire-sur-lemonde-fr-13-01-2023\/","title":{"rendered":"Tribune du Blog Binaire sur LeMonde.fr 13\/01\/2023"},"content":{"rendered":"\n<p>(Illustration : Blog Binaire sur LeMonde.fr)<\/p>\n\n\n\n<p>Cliquer pour acc\u00e9der \u00e0 la tribune : <a rel=\"noreferrer noopener\" href=\"https:\/\/www.lemonde.fr\/blog\/binaire\/\" data-type=\"URL\" data-id=\"https:\/\/www.lemonde.fr\/blog\/binaire\/\" target=\"_blank\">Interfaces num\u00e9riques : mille nuances de libert\u00e9<\/a>.<\/p>\n","protected":false},"excerpt":{"rendered":"<p>(Illustration : Blog Binaire sur LeMonde.fr) Cliquer pour acc\u00e9der \u00e0 la tribune : Interfaces num\u00e9riques : mille nuances de libert\u00e9.<\/p>\n","protected":false},"author":28,"featured_media":5014,"parent":0,"menu_order":0,"comment_status":"closed","ping_status":"closed","template":"","meta":{"footnotes":""},"class_list":["post-5013","page","type-page","status-publish","has-post-thumbnail","hentry"],"_links":{"self":[{"href":"https:\/\/pages.isir.upmc.fr\/mkhamassi\/wp-json\/wp\/v2\/pages\/5013","targetHints":{"allow":["GET"]}}],"collection":[{"href":"https:\/\/pages.isir.upmc.fr\/mkhamassi\/wp-json\/wp\/v2\/pages"}],"about":[{"href":"https:\/\/pages.isir.upmc.fr\/mkhamassi\/wp-json\/wp\/v2\/types\/page"}],"author":[{"embeddable":true,"href":"https:\/\/pages.isir.upmc.fr\/mkhamassi\/wp-json\/wp\/v2\/users\/28"}],"replies":[{"embeddable":true,"href":"https:\/\/pages.isir.upmc.fr\/mkhamassi\/wp-json\/wp\/v2\/comments?post=5013"}],"version-history":[{"count":2,"href":"https:\/\/pages.isir.upmc.fr\/mkhamassi\/wp-json\/wp\/v2\/pages\/5013\/revisions"}],"predecessor-version":[{"id":5017,"href":"https:\/\/pages.isir.upmc.fr\/mkhamassi\/wp-json\/wp\/v2\/pages\/5013\/revisions\/5017"}],"wp:featuredmedia":[{"embeddable":true,"href":"https:\/\/pages.isir.upmc.fr\/mkhamassi\/wp-json\/wp\/v2\/media\/5014"}],"wp:attachment":[{"href":"https:\/\/pages.isir.upmc.fr\/mkhamassi\/wp-json\/wp\/v2\/media?parent=5013"}],"curies":[{"name":"wp","href":"https:\/\/api.w.org\/{rel}","templated":true}]}}