{"id":5058,"date":"2023-05-04T14:06:27","date_gmt":"2023-05-04T12:06:27","guid":{"rendered":"https:\/\/pages.isir.upmc.fr\/mkhamassi\/?page_id=5058"},"modified":"2023-05-04T14:07:32","modified_gmt":"2023-05-04T12:07:32","slug":"expo-arts-robot-du-21-02-2019-entre-ciel-et-terre-constellations","status":"publish","type":"page","link":"https:\/\/pages.isir.upmc.fr\/mkhamassi\/expo-arts-robot-du-21-02-2019-entre-ciel-et-terre-constellations\/","title":{"rendered":"Expo arts\/robot du 21\/02\/2019 \u00a0 \u00a0 \u00a0 \u00ab\u00a0Entre Ciel et Terre &#8211; Constellations\u00a0\u00bb"},"content":{"rendered":"\n<p><strong>Installation avec l\u2019artiste plasticien Nasser Soumi \u00e0 la Galerie Mark Hachem, Paris, France (2019)<\/strong><\/p>\n\n\n\n<figure class=\"wp-block-embed is-type-video is-provider-youtube wp-block-embed-youtube wp-embed-aspect-16-9 wp-has-aspect-ratio\"><div class=\"wp-block-embed__wrapper\">\n<iframe loading=\"lazy\" title=\"Entre Terre et Ciel - Constellations\" width=\"500\" height=\"281\" src=\"https:\/\/www.youtube.com\/embed\/Zg-nulENACA?feature=oembed\" frameborder=\"0\" allow=\"accelerometer; autoplay; clipboard-write; encrypted-media; gyroscope; picture-in-picture; web-share\" referrerpolicy=\"strict-origin-when-cross-origin\" allowfullscreen><\/iframe>\n<\/div><\/figure>\n\n\n\n<p>(Vid\u00e9o Dalia Somi)<\/p>\n\n\n\n<p><a href=\"https:\/\/www.nassersoumi.com\/entre-terre-et-ciel-constellations\">https:\/\/www.nassersoumi.com\/entre-terre-et-ciel-constellations<\/a><\/p>\n\n\n\n<p>La partie robotique \u00e9t\u00e9 r\u00e9alis\u00e9e avec Mehdi Khamassi et Steve Nguyen, chercheurs en\u00a0inintelligence\u00a0artificielle et robotique bio-inspir\u00e9e. En contre-pied\u00a0des effets de mode actuels sur l&rsquo;intelligence artificielle, nous souhaitions faire un robot le plus imparfait possible, mais beau dans sa qu\u00eate et sa pers\u00e9v\u00e9rance. Un robot qui essaie, qui se trompe, qui h\u00e9site, qui change d&rsquo;avis, qui revient en arri\u00e8re. Bref, un robot qui cherche, qui cherche son chemin et qui semble se chercher lui-m\u00eame. Tant que la soci\u00e9t\u00e9 fera des hommes des robots, nous nous attellerons\u00a0\u00e0 faire des robots des hommes.<\/p>\n\n\n\n<p>Cette installation sera \u00e0 nouveau montr\u00e9e lors de la conf\u00e9rence Dr\u00f4les d&rsquo;objets, les 15-17 mai 2023 \u00e0 Nancy : <a href=\"https:\/\/drolesdobjets23.sciencesconf.org\">https:\/\/drolesdobjets23.sciencesconf.org<\/a>.<\/p>\n","protected":false},"excerpt":{"rendered":"<p>Installation avec l\u2019artiste plasticien Nasser Soumi \u00e0 la Galerie Mark Hachem, Paris, France (2019) (Vid\u00e9o Dalia Somi) https:\/\/www.nassersoumi.com\/entre-terre-et-ciel-constellations La partie robotique \u00e9t\u00e9 r\u00e9alis\u00e9e avec Mehdi Khamassi et Steve Nguyen, chercheurs en\u00a0inintelligence\u00a0artificielle et robotique bio-inspir\u00e9e. En contre-pied\u00a0des effets de mode actuels sur l&rsquo;intelligence artificielle, nous souhaitions faire un robot le plus imparfait possible, mais beau dans [&hellip;]<\/p>\n","protected":false},"author":28,"featured_media":5059,"parent":0,"menu_order":0,"comment_status":"closed","ping_status":"closed","template":"","meta":{"footnotes":""},"class_list":["post-5058","page","type-page","status-publish","has-post-thumbnail","hentry"],"_links":{"self":[{"href":"https:\/\/pages.isir.upmc.fr\/mkhamassi\/wp-json\/wp\/v2\/pages\/5058","targetHints":{"allow":["GET"]}}],"collection":[{"href":"https:\/\/pages.isir.upmc.fr\/mkhamassi\/wp-json\/wp\/v2\/pages"}],"about":[{"href":"https:\/\/pages.isir.upmc.fr\/mkhamassi\/wp-json\/wp\/v2\/types\/page"}],"author":[{"embeddable":true,"href":"https:\/\/pages.isir.upmc.fr\/mkhamassi\/wp-json\/wp\/v2\/users\/28"}],"replies":[{"embeddable":true,"href":"https:\/\/pages.isir.upmc.fr\/mkhamassi\/wp-json\/wp\/v2\/comments?post=5058"}],"version-history":[{"count":3,"href":"https:\/\/pages.isir.upmc.fr\/mkhamassi\/wp-json\/wp\/v2\/pages\/5058\/revisions"}],"predecessor-version":[{"id":5064,"href":"https:\/\/pages.isir.upmc.fr\/mkhamassi\/wp-json\/wp\/v2\/pages\/5058\/revisions\/5064"}],"wp:featuredmedia":[{"embeddable":true,"href":"https:\/\/pages.isir.upmc.fr\/mkhamassi\/wp-json\/wp\/v2\/media\/5059"}],"wp:attachment":[{"href":"https:\/\/pages.isir.upmc.fr\/mkhamassi\/wp-json\/wp\/v2\/media?parent=5058"}],"curies":[{"name":"wp","href":"https:\/\/api.w.org\/{rel}","templated":true}]}}