{"id":1808,"date":"2019-10-31T15:59:51","date_gmt":"2019-10-31T15:59:51","guid":{"rendered":"https:\/\/pages.isir.lan\/template\/?page_id=1808"},"modified":"2024-05-27T08:59:17","modified_gmt":"2024-05-27T06:59:17","slug":"front-page","status":"publish","type":"page","link":"https:\/\/pages.isir.upmc.fr\/sdoncieux\/","title":{"rendered":"Accueil"},"content":{"rendered":"\n<div class=\"wp-block-columns is-layout-flex wp-container-core-columns-is-layout-9d6595d7 wp-block-columns-is-layout-flex\">\n<div class=\"wp-block-column is-layout-flow wp-block-column-is-layout-flow\" style=\"flex-basis:100%\">\n<div class=\"wp-block-columns are-vertically-aligned-center is-layout-flex wp-container-core-columns-is-layout-9d6595d7 wp-block-columns-is-layout-flex\">\n<div class=\"wp-block-column is-vertically-aligned-center is-layout-flow wp-block-column-is-layout-flow\" style=\"flex-basis:100%\">\n<div class=\"wp-block-group alignwide\"><div class=\"wp-block-group__inner-container is-layout-flow wp-block-group-is-layout-flow\"><\/div><\/div>\n\n\n\n<div class=\"wp-block-columns is-layout-flex wp-container-core-columns-is-layout-9d6595d7 wp-block-columns-is-layout-flex\">\n<div class=\"wp-block-column is-layout-flow wp-block-column-is-layout-flow\"><div class=\"wp-block-image\">\n<figure class=\"aligncenter size-full is-resized\"><img loading=\"lazy\" decoding=\"async\" width=\"443\" height=\"542\" src=\"https:\/\/pages.isir.upmc.fr\/sdoncieux\/wp-content\/uploads\/sites\/8\/2021\/04\/photo_SD3-edited.jpg\" alt=\"Photo de St\u00e9phane Doncieux\" class=\"wp-image-4694\" style=\"width:298px;height:364px\" srcset=\"https:\/\/pages.isir.upmc.fr\/sdoncieux\/wp-content\/uploads\/sites\/8\/2021\/04\/photo_SD3-edited.jpg 443w, https:\/\/pages.isir.upmc.fr\/sdoncieux\/wp-content\/uploads\/sites\/8\/2021\/04\/photo_SD3-edited-245x300.jpg 245w\" sizes=\"auto, (max-width: 443px) 100vw, 443px\" \/><\/figure><\/div><\/div>\n\n\n\n<div class=\"wp-block-column is-layout-flow wp-block-column-is-layout-flow\">\n<p><strong>St\u00e9phane Doncieux<\/strong>, professeur d\u2019informatique et directeur de l\u2019ISIR (Institut des syst\u00e8mes intelligents et de la robotique), Sorbonne Universit\u00e9, CNRS. <\/p>\n\n\n\n<p>J\u2019enseigne en licence d\u2019informatique ainsi que dans les masters d\u2019Informatique et d\u2019Automatique\/Robotique. Mes recherches portent sur l\u2019apprentissage dans un contexte robotique.<\/p>\n\n\n\n<p class=\"has-vivid-cyan-blue-color has-text-color\"><strong>Carri\u00e8re<\/strong><\/p>\n\n\n\n<ul class=\"wp-block-list\">\n<li>depuis 2012 : Professeur \u00e0 l&rsquo;Universit\u00e9 Pierre et Marie Curie (devenue Sorbonne Universit\u00e9 en 2018)<\/li>\n\n\n\n<li>2004-2012: Ma\u00eetre de conf\u00e9rence \u00e0 l&rsquo;Universit\u00e9 Pierre et Marie Curie<\/li>\n<\/ul>\n<\/div>\n<\/div>\n\n\n\n<p class=\"has-vivid-cyan-blue-color has-text-color\"><strong>Formation<\/strong><\/p>\n\n\n\n<ul class=\"wp-block-list\">\n<li>2010: Habilitation \u00e0 diriger des recherches<\/li>\n\n\n\n<li>1999-2003: Th\u00e8se de doctorat \u00e0 l&rsquo;AnimatLab, LIP6, Universit\u00e9 Pierre et Marie Curie, Paris, France<\/li>\n\n\n\n<li>1998-1999: DEA IARFA, Universit\u00e9 Pierre et Marie Curie, Paris, France<\/li>\n\n\n\n<li>1996-1999: Diplome d&rsquo;ing\u00e9nieur, ENSEA, Cergy-Pontoise, France<\/li>\n<\/ul>\n\n\n\n<p class=\"has-vivid-cyan-blue-color has-text-color\"><strong>Principales responsabilit\u00e9s<\/strong><\/p>\n\n\n\n<ul class=\"wp-block-list\">\n<li>2024-&#8230;: directeur de l&rsquo;ISIR<\/li>\n\n\n\n<li>2019-2023: directeur adjoint de l&rsquo;ISIR<\/li>\n\n\n\n<li>2015-2018: coordinateur du projet Europ\u00e9en DREAM (FET H2020)<\/li>\n\n\n\n<li>2011-2018: responsable de l&rsquo;\u00e9quipe AMAC<\/li>\n<\/ul>\n\n\n\n<p class=\"has-vivid-cyan-blue-color has-text-color has-normal-font-size\"><strong>Liens rapides<\/strong><\/p>\n\n\n\n<ul class=\"wp-block-list\">\n<li><a href=\"https:\/\/cv.archives-ouvertes.fr\/stephane-doncieux\">Page sur HAL<\/a><\/li>\n\n\n\n<li><a href=\"https:\/\/scholar.google.com\/citations?user=K7tt_7QAAAAJ&amp;hl=en&amp;oi=ao\">Citations sur google scholar<\/a><\/li>\n\n\n\n<li><a href=\"https:\/\/sites.google.com\/view\/ieee-tf-evo-devo-robot\/accueil\" data-type=\"link\" data-id=\"https:\/\/sites.google.com\/view\/ieee-tf-evo-devo-robot\/accueil\" target=\"_blank\" rel=\"noreferrer noopener\">IEEE Task force on Evo-Devo-Robotics<\/a><\/li>\n<\/ul>\n<\/div>\n<\/div>\n<\/div>\n<\/div>\n","protected":false},"excerpt":{"rendered":"<p>St\u00e9phane Doncieux, professeur d\u2019informatique et directeur de l\u2019ISIR (Institut des syst\u00e8mes intelligents et de la robotique), Sorbonne Universit\u00e9, CNRS. J\u2019enseigne en licence d\u2019informatique ainsi que dans les masters d\u2019Informatique et d\u2019Automatique\/Robotique. Mes recherches portent sur l\u2019apprentissage dans un contexte robotique. Carri\u00e8re Formation Principales responsabilit\u00e9s Liens rapides<\/p>\n","protected":false},"author":9,"featured_media":4563,"parent":0,"menu_order":0,"comment_status":"closed","ping_status":"closed","template":"","meta":{"footnotes":""},"class_list":["post-1808","page","type-page","status-publish","has-post-thumbnail","hentry"],"_links":{"self":[{"href":"https:\/\/pages.isir.upmc.fr\/sdoncieux\/wp-json\/wp\/v2\/pages\/1808","targetHints":{"allow":["GET"]}}],"collection":[{"href":"https:\/\/pages.isir.upmc.fr\/sdoncieux\/wp-json\/wp\/v2\/pages"}],"about":[{"href":"https:\/\/pages.isir.upmc.fr\/sdoncieux\/wp-json\/wp\/v2\/types\/page"}],"author":[{"embeddable":true,"href":"https:\/\/pages.isir.upmc.fr\/sdoncieux\/wp-json\/wp\/v2\/users\/9"}],"replies":[{"embeddable":true,"href":"https:\/\/pages.isir.upmc.fr\/sdoncieux\/wp-json\/wp\/v2\/comments?post=1808"}],"version-history":[{"count":90,"href":"https:\/\/pages.isir.upmc.fr\/sdoncieux\/wp-json\/wp\/v2\/pages\/1808\/revisions"}],"predecessor-version":[{"id":4741,"href":"https:\/\/pages.isir.upmc.fr\/sdoncieux\/wp-json\/wp\/v2\/pages\/1808\/revisions\/4741"}],"wp:featuredmedia":[{"embeddable":true,"href":"https:\/\/pages.isir.upmc.fr\/sdoncieux\/wp-json\/wp\/v2\/media\/4563"}],"wp:attachment":[{"href":"https:\/\/pages.isir.upmc.fr\/sdoncieux\/wp-json\/wp\/v2\/media?parent=1808"}],"curies":[{"name":"wp","href":"https:\/\/api.w.org\/{rel}","templated":true}]}}