{"id":4530,"date":"2020-12-14T16:27:14","date_gmt":"2020-12-14T16:27:14","guid":{"rendered":"https:\/\/pages.isir.lan\/template\/cv\/"},"modified":"2022-02-07T19:01:53","modified_gmt":"2022-02-07T18:01:53","slug":"cv","status":"publish","type":"page","link":"https:\/\/pages.isir.upmc.fr\/shaliyo\/cv\/?lang=en","title":{"rendered":"Curriculum Vitae"},"content":{"rendered":"\n<p>[F\u00e9v. 2022]<\/p>\n\n\n\n<h2 class=\"wp-block-heading\"><em><strong>Dogan Sinan HALIYO<\/strong><\/em><\/h2>\n\n\n\n<p><em>Institut des Syst\u00e8mes Intelligents et de Robotique \u2013 ISIR \u2013 CNRS UMR 7222<\/em><\/p>\n\n\n\n<p><em>UFR d\u2019Ing\u00e9nierie 919, Sorbonne Universit\u00e9<\/em><\/p>\n\n\n\n<h1 class=\"wp-block-heading\">Synth\u00e8se de la carri\u00e8re<\/h1>\n\n\n\n<ul class=\"wp-block-list\"><li>Depuis 2005\u202f: <strong>Ma\u00eetre de Conf\u00e9rences<\/strong> 60<sup>e <\/sup>sec., ISIR, Sorbonne Universit\u00e9. <em><strong>Hors-Classe<\/strong> depuis 2018<\/em><\/li><li>2004 \u2013 2005\u202f: <strong>Ing\u00e9nieur de recherche<\/strong> post-doctorant au CEA\/LIST<\/li><li>2002 \u2013 2004\u202f:<strong> ATER<\/strong> 60<sup>e<\/sup> section, LRP, l&rsquo;UFR de M\u00e9canique, UPMC<\/li><li>1999 \u2013 2002\u202f:<strong> Allocataire <\/strong>UPMC et <strong>Moniteur <\/strong>Univ. Paris 13<\/li><\/ul>\n\n\n\n<h2 class=\"wp-block-heading\">Formation<\/h2>\n\n\n\n<ul class=\"wp-block-list\"><li>2019&nbsp;: <strong>Habilitation \u00e0 Diriger des Recherches<\/strong>, Sorbonne Universit\u00e9, \u00ab\u00a0Interactions Multi-\u00c9chelles\u00a0\u00bb<\/li><li>1999 \u2013 2002\u202f: <strong>Doctorat<\/strong> de l\u2019Universit\u00e9 Pierre et Marie Curie, soutenu le 18 d\u00e9cembre 2002<\/li><li>\u00ab\u00a0Les forces d\u2019adh\u00e9sion et les effets dynamiques pour la micro-manipulation\u00a0\u00bb<br>sous la direction du Prof. Jean-Claude Guinot.<\/li><li>1998 \u2013 1999\u202f: <strong>D.E.A.<\/strong> Robotique, option Ing\u00e9nierie des Syst\u00e8mes Robotis\u00e9s, Universit\u00e9 Pierre et Marie Curie &#8211; Paris 6 et ENSAM Paris (mention B, clst: 1<sup>er<\/sup>)<\/li><li>1997 \u2013 1998\u202f: <strong>Licence &#8211; Ma\u00eetrise <\/strong>de Technologie M\u00e9canique, option Conception, Universit\u00e9 Pierre et Marie Curie &#8211; Paris 6 et ENS Cachan (mention AB)<\/li><li>1996 \u2013 1994\u202f: <strong>DEUG<\/strong> Technologie Industrielle, option M\u00e9canique, Universit\u00e9 Louis Pasteur Strasbourg 1<\/li><\/ul>\n\n\n\n<h2 class=\"wp-block-heading\">Publications <\/h2>\n\n\n\n<p>129 publications au total&nbsp;dont 35 journaux internationaux \u00e0 comit\u00e9 de lecture, 57 conf\u00e9rences internationales avec actes, 6 conf\u00e9rences internationales invit\u00e9es, 2 chapitres de livres, 7 brevets avec extensions internationales.<\/p>\n\n\n\n<p><em>H-index:20 (Harzing\u2019s PoP, oct. 2021)<\/em><\/p>\n\n\n\n<p><em><strong>Awards&nbsp;: IROS\u201909<\/strong> (Best application), <strong>Mechatronics Journal 2010<\/strong> (Triennal Best paper), <strong>MARSS 2019<\/strong> (Best Paper),<\/em><strong> <em>World Haptics 2021<\/em><\/strong> (<em>Best ToH Short Paper Hon. Ment.<\/em>), <strong>ISOT 2021<\/strong> (Best Student Paper), <strong>INTERACT 2021<\/strong> (IFIP TC13 Pionneers&rsquo; <em>Award for Best Doctoral Student Paper)<\/em><br><em><strong>Nominations&nbsp;: <\/strong>3MNANO\u201912, MARSS\u201917, MARSS\u201918<\/em><\/p>\n\n\n\n<h2 class=\"wp-block-heading\">Encadrements scientifiques et formation par la recherche <\/h2>\n\n\n\n<p>14 th\u00e8ses soutenues, 6 en cours &#8211; <em>taux d\u2019encadrement total actuel 390%; en moyen<\/em><em>ne<\/em><em> 60% <\/em><em>par <\/em><em>t<\/em><em>h\u00e8se<\/em><em>sur toute la carri\u00e8re.<\/em><\/p>\n\n\n\n<p>plus de 20 stages de Master 1 et 2<\/p>\n\n\n\n<h2 class=\"wp-block-heading\">Responsabilit\u00e9s en recherche<\/h2>\n\n\n\n<ul class=\"wp-block-list\"><li>Responsable d\u2019\u00e9quipe <strong>Interactions Multi\u00e9chelles<\/strong> de l\u2019ISIR, depuis janvier 2019 (<em>4 E\/C + 4 CR + 15 PhD)<\/em><\/li><li>Animateur du groupe <em><strong>Microrobotique<\/strong><\/em> de l\u2019\u00e9quipe interaction\/ISIR 2016 \u2013 2019 (<em>3 E\/C + 2 post-doc + 8 PhD<\/em>)<\/li><li>Responsable de la <strong>plateforme de Micromanipulation assist\u00e9e<\/strong> de l&rsquo;ISIR, n\u0153ud de la plateforme Nationale Micro-Nanorobotique du CNRS, r\u00e9cipient du Labex Robotex; depuis 2015<\/li><li>Coordinateur <strong>ANR OptoBots,<\/strong> 2021 &#8211; 2026<\/li><li>Coordinateur <strong>BIOPTIQ<\/strong> (<em>pr\u00e9-maturation CNRS<\/em>) 2022 &#8211; 2024<\/li><li>Coordinateur <strong>3BIOT<\/strong> (<em>DIM-Elicit<\/em>), 2020 \u2013 2022<\/li><li>Coordinateur <strong>OptoBots<\/strong>, (<em>Maturation SATT Lutech<\/em>), 2020 &#8211; 2022<\/li><li>Coordinateur <strong>ANR Iota<\/strong>, 2016 \u2013 2020<\/li><li>Responsable ISIR <strong>ANRColamir<\/strong>, 2016 \u2013 2020<\/li><li>Responsable ISIR <strong>FP7 Wearhap<\/strong>, 2016 \u2013 2017<\/li><li>Responsable ISIR <strong>FP6 Golem, <\/strong>2016 \u2013 2010<\/li><li>Responsable LRP <strong>FP6 NanoRac, <\/strong>2005 \u2013 2008<\/li><\/ul>\n\n\n\n<h2 class=\"wp-block-heading\"><em><strong>Soci\u00e9t\u00e9s savantes et communaut\u00e9s<\/strong><\/em><\/h2>\n\n\n\n<ul class=\"wp-block-list\"><li>Membre de <em>IEEE <strong>RAS<\/strong><\/em> et <em><strong>Haptics<\/strong><\/em><\/li><li>Membre de GDR <em><strong>Robotique<\/strong><\/em>, GDR <em><strong>TACT<\/strong><\/em> (Haptique, Tactile et Cognition)<\/li><\/ul>\n\n\n\n<h2 class=\"wp-block-heading\">Participation aux projets labellis\u00e9s<\/h2>\n\n\n\n<p><em><strong>Projets <\/strong><\/em><em><strong>compl\u00e9t\u00e9s<\/strong><\/em><em><strong>&nbsp;:<\/strong><\/em><\/p>\n\n\n\n<ul class=\"wp-block-list\"><li><em>F<\/em><em>P6 NanoRac, <\/em>Nano robotic for assembly characterisation, projet FP6-EU, (2003 \u2013 2008)<\/li><li><em>PacMan<\/em>, Perception Haptique des \u00c9chelles Microscopiques et Nanoscopiques. Projet ANR (2006 \u2013 2009)<\/li><li><em>F<\/em><em>P6 GOLEM, <\/em>Bio-inspired Assembly Process for Micro- and Nano- Products, projet FP6-EU, (2006 &#8211; 2010)<\/li><li><em>NanoRobust<\/em>, Caract\u00e9risation multiphysique de nano-objets et manipulation robotis\u00e9e sous environnement MEB, ANR P2N (2011-2015).<\/li><li><em>LeMa<\/em>, Assemblage de microcomposants en milieu liquide, projet de type ANR Blanc (2012-2015)<\/li><li><em>TacTom<\/em>, Haptique et Pinces Optiques, projet de maturation avec la SATT LUTECH (2013-2015)<\/li><li><em>Ruban<\/em>, Calcul robuste de vrais rubans d\u2019ADN ou d\u2019ARN pour la mod\u00e9lisation mol\u00e9culaire interactive \u00e0 diff\u00e9rentes \u00e9chelles, Convergence UPMC (2013), Programme doctorale \u00ab&nbsp;Interfaces pour le Vivant&nbsp;\u00bb (2014).<\/li><li><em>RELAX<\/em>, Optimal Person-Machine Sensorimotor Coupler for Application to Micro-Manufacturing, H2020 ERC Proof of Concept Grant (2014)<\/li><li>WearHap, WEARable HAPtics for humans and robots, FP7-ICT, (2013 &#8211; 2017)<\/li><\/ul>\n\n\n\n<p><em><strong>Projets en cours&nbsp;:<\/strong><\/em><\/p>\n\n\n\n<ul class=\"wp-block-list\"><li><em>Colamir<\/em>, Collaborative Agile Miniaturized Robotics for ultra-precise assembly, ANR PRCE (2016 &#8211; 2020)<\/li><li><em>IOTA<\/em>, Interactive Optical Tweezers, ANR PRC (2016 &#8211; 2020), <em><strong>co<\/strong><\/em><em><strong>ordinateur<\/strong><\/em><\/li><li><em>3<\/em><em>BIOT, <\/em>Pinces Optiques Robotiques pour la Biologie,<em> DIM-Elicit <\/em>(2020 &#8211; 2022)<em>, <\/em><em><strong>coordinateur<\/strong><\/em><\/li><li><em>OptoBots,<\/em> projet de maturation industrielle SATT Lutech (2020 &#8211; 2022)<em>, <\/em><em><strong>coordinateur<\/strong><\/em><\/li><\/ul>\n\n\n\n<h2 class=\"wp-block-heading\">Organisation des conf\u00e9rences et colloques<\/h2>\n\n\n\n<ul class=\"wp-block-list\"><li>Executive chair &amp; Communication chair IEEE\/ICRA\u201920, Paris<\/li><li>Co-fondateur, Local Chair et secr\u00e9taire g\u00e9n\u00e9ral pour MARSS&rsquo;16, 18 &#8211; 22 Juillet, 2016 Paris<\/li><li>Publication Chair pour MARSS&rsquo;17 \u2192 MARSS\u201921<\/li><li>Membre de Programme Committee de 3M-NANO, 2001-2015<\/li><\/ul>\n\n\n\n<h2 class=\"wp-block-heading\">Participation \u00e0 des comit\u00e9s \u00e9ditoriaux de revues et de relecture<\/h2>\n\n\n\n<ul class=\"wp-block-list\"><li>\u00c9diteur Associ\u00e9 <em>Mechatronics (Elsevier)<\/em>, depuis 2016.<\/li><li>Relecture pour les journaux&nbsp;(2016 &#8211; 2020 uniquement): PLOS ONE&nbsp;; Science Robotics&nbsp;; Scientific Reports&nbsp;; Transactions on Haptics, Transactions on Automation Science and Engineering, Transactions on Mechatronics, Transactions on Robotics, Trans. On Indus. Electronics, Robotics &amp; Automation Letters (IEEE)&nbsp;; Mechatronics, Journal of Intelligent Service Robotics, Robotics and Autonomous Systems (Elseiver)&nbsp;; Micromachines (mdpi)&nbsp;;<\/li><li>Relecture pour les conf\u00e9rences IROS, ICRA, 3M-NANO, MARSS, AIM, ISOT. 8 \u00e0 12 relectures\/an<\/li><\/ul>\n\n\n\n<h2 class=\"wp-block-heading\">Enseignement et activit\u00e9s p\u00e9dagogiques<\/h2>\n\n\n\n<p>Enseignement depuis 1999, et depuis 2002 \u00e0 l\u2019UFR d\u2019Ing\u00e9nierie 919 de Sorbonne U. ~200h \u2013 220h\/an<\/p>\n\n\n\n<div class=\"wp-block-columns is-layout-flex wp-container-core-columns-is-layout-9d6595d7 wp-block-columns-is-layout-flex\">\n<div class=\"wp-block-column is-vertically-aligned-top is-layout-flow wp-block-column-is-layout-flow\" style=\"flex-basis:100%\">\n<div class=\"wp-block-columns is-layout-flex wp-container-core-columns-is-layout-9d6595d7 wp-block-columns-is-layout-flex\">\n<div class=\"wp-block-column is-layout-flow wp-block-column-is-layout-flow\">\n<p><strong>Master Robotique&nbsp;&amp; Automatique<\/strong><\/p>\n\n\n\n<ul class=\"wp-block-list\"><li> Programmation Scientifique<\/li><li> Dynamique et Simulation<\/li><li> T\u00e9l\u00e9op\u00e9ration, Haptique &amp; R\u00e9alit\u00e9 Virtuelle<\/li><li> Projets \u00e9tudiants en Robotique<\/li><\/ul>\n<\/div>\n\n\n\n<div class=\"wp-block-column is-layout-flow wp-block-column-is-layout-flow\">\n<p><strong>Licences M\u00e9ca &amp; EEA et CMI<\/strong><\/p>\n\n\n\n<ul class=\"wp-block-list\"><li> Introduction \u00e0 la Robotique<\/li><li> Machines et M\u00e9canismes<\/li><li> Dessin Technique &amp; CAO<\/li><li> Simulation Multiphysique<\/li><\/ul>\n<\/div>\n<\/div>\n<\/div>\n<\/div>\n\n\n\n<h2 class=\"wp-block-heading\">Fonctions administratives et p\u00e9dagogiques<\/h2>\n\n\n\n<ul class=\"wp-block-list\"><li>Membre du Conseil des Enseignements de l\u2019UFR 919, depuis 2011<\/li><li>Membre du Conseil du D\u00e9partement des Licences M\u00e9canique et EEA, depuis 2015<\/li><li>Membre du Conseil de la Plateforme P\u00e9dagogique d&rsquo;Ing\u00e9nierie depuis 2015<\/li><li>Pr\u00e9sident de deux Jurys de recrutement ITRF \u00e0 l&rsquo;UPMC, concours 2015<\/li><\/ul>\n\n\n\n<p><em><strong>Primes<\/strong><\/em><\/p>\n\n\n\n<ul class=\"wp-block-list\"><li><em>PEDR<\/em> 2007 \u2013 2011&nbsp;;<\/li><li><em>Prime d\u2019Investissement en Recherche<\/em> de SU 2011, 2017&nbsp;;<\/li><li><em>Prime d\u2019Investissement <\/em><em>et d\u2019Innovation<\/em><em> P\u00e9dagogique<\/em> de SU 2010, 2013, 2017&nbsp;;<\/li><li><em>Prime d\u2019Investissement en Licence<\/em> de SU 2010, 2012, 2014<\/li><\/ul>\n","protected":false},"excerpt":{"rendered":"<p>[F\u00e9v. 2022] Dogan Sinan HALIYO Institut des Syst\u00e8mes Intelligents et de Robotique \u2013 ISIR \u2013 CNRS UMR 7222 UFR d\u2019Ing\u00e9nierie 919, Sorbonne Universit\u00e9 Synth\u00e8se de la carri\u00e8re Depuis 2005\u202f: Ma\u00eetre de Conf\u00e9rences 60e sec., ISIR, Sorbonne Universit\u00e9. Hors-Classe depuis 2018 2004 \u2013 2005\u202f: Ing\u00e9nieur de recherche post-doctorant au CEA\/LIST 2002 \u2013 2004\u202f: ATER 60e section, [&hellip;]<\/p>\n","protected":false},"author":1,"featured_media":0,"parent":0,"menu_order":0,"comment_status":"closed","ping_status":"closed","template":"","meta":{"footnotes":""},"class_list":["post-4530","page","type-page","status-publish","hentry"],"_links":{"self":[{"href":"https:\/\/pages.isir.upmc.fr\/shaliyo\/wp-json\/wp\/v2\/pages\/4530","targetHints":{"allow":["GET"]}}],"collection":[{"href":"https:\/\/pages.isir.upmc.fr\/shaliyo\/wp-json\/wp\/v2\/pages"}],"about":[{"href":"https:\/\/pages.isir.upmc.fr\/shaliyo\/wp-json\/wp\/v2\/types\/page"}],"author":[{"embeddable":true,"href":"https:\/\/pages.isir.upmc.fr\/shaliyo\/wp-json\/wp\/v2\/users\/1"}],"replies":[{"embeddable":true,"href":"https:\/\/pages.isir.upmc.fr\/shaliyo\/wp-json\/wp\/v2\/comments?post=4530"}],"version-history":[{"count":2,"href":"https:\/\/pages.isir.upmc.fr\/shaliyo\/wp-json\/wp\/v2\/pages\/4530\/revisions"}],"predecessor-version":[{"id":4658,"href":"https:\/\/pages.isir.upmc.fr\/shaliyo\/wp-json\/wp\/v2\/pages\/4530\/revisions\/4658"}],"wp:attachment":[{"href":"https:\/\/pages.isir.upmc.fr\/shaliyo\/wp-json\/wp\/v2\/media?parent=4530"}],"curies":[{"name":"wp","href":"https:\/\/api.w.org\/{rel}","templated":true}]}}